{"id":3,"date":"2022-08-16T09:54:31","date_gmt":"2022-08-16T07:54:31","guid":{"rendered":"https:\/\/www.arty-nails.org\/web_shop\/?page_id=3"},"modified":"2022-08-25T11:37:15","modified_gmt":"2022-08-25T09:37:15","slug":"polica-privatnosti","status":"publish","type":"page","link":"https:\/\/www.arty-nails.org\/web_shop\/polica-privatnosti\/","title":{"rendered":"Polica privatnosti"},"content":{"rendered":"\t\t<div data-elementor-type=\"wp-page\" data-elementor-id=\"3\" class=\"elementor elementor-3\">\n\t\t\t\t\t\t\r\n\t\t<section\t\t class=\" elementor-section elementor-top-section elementor-element elementor-element-be0417d elementor-section-boxed elementor-section-height-default elementor-section-height-default\" data-id=\"be0417d\" data-element_type=\"section\" data-e-type=\"section\">\r\n\t\t\r\n\t\t\t\t\t\t\t\t\t\t<div class=\"elementor-container elementor-column-gap-default\" >\r\n\r\n\t\t\t\t\r\n\t\t\t\t\t\t\t\t\t\t\t\t\t\t<div\t\t class=\" elementor-column elementor-col-100 elementor-top-column elementor-element elementor-element-45ede833\" data-id=\"45ede833\" data-element_type=\"column\" data-e-type=\"column\">\r\n\t\t\t\r\n\t\t\t\r\n\t\t\t\r\n\t\t\t<div class=\"elementor-widget-wrap elementor-element-populated\">\r\n\t\t\t\t\t\t\t\t<div class=\" elementor-element elementor-element-545ce77 elementor-widget elementor-widget-heading\" data-id=\"545ce77\" data-element_type=\"widget\" data-e-type=\"widget\" data-widget_type=\"heading.default\">\n\t\t\t\t<div class=\"elementor-widget-container\">\n\t\t\t\t\t<h2 class=\"elementor-heading-title elementor-size-default\">Polica privatnosti<\/h2>\t\t\t\t<\/div>\n\t\t\t\t<\/div>\n\t\t\t\t<div class=\" elementor-element elementor-element-3b784214 elementor-widget elementor-widget-text-editor\" data-id=\"3b784214\" data-element_type=\"widget\" data-e-type=\"widget\" data-widget_type=\"text-editor.default\">\n\t\t\t\t<div class=\"elementor-widget-container\">\n\t\t\t\t\t\t\t\t\t<p>Ova polica privatnosti odnosi se isklju\u010divo na web stranicu arty-nails.org u vlasni\u0161tvu Arty Nails Cosmetics d.o.o.<\/p>\n<p>Ova web stranica mo\u017ee sadr\u017eavati i informacije tre\u0107ih osoba te poveznice na web stranice tre\u0107ih strana. Vlasnik web stranice ne daje nikakva jamstva u pogledu to\u010dnosti ili bilo kojih drugih karakteristika takvih informacija i poveznica, te ne preuzima nikakvu odgovornost za sadr\u017eaje stranica na koje poveznica usmjerava korisnika. Web stranice tre\u0107ih strana imaju svoje neovisne uvjete za\u0161tite osobnih podataka te je obveza korisnika upoznati se s njima prilikom posjete tim web stranicama.<\/p>\n<p>Polica privatnosti temelji se na odredbama Op\u0107e uredbe o za\u0161titi osobnih podataka EU 2016\/679 (General Data Protection Regulation \u2013 GDPR) i Zakona o provedbi Op\u0107e uredbe o za\u0161titi podataka (NN 42\/2018) te korisnicima ovih web stranica pru\u017eaju informacije o na\u010dinu prikupljanja, kori\u0161tenja, za\u0161tite, ispravaka i brisanja njihovih osobnih informacija.<\/p>\n<h3>\u0160to su osobni podaci<\/h3>\n<p>Pojam \u2018osobni podatak\u2019 podrazumijeva svaki podatak temeljem kojeg se korisnik izravno ili neizravno mo\u017ee identificirati: ime i prezime, datum ro\u0111enja, e-mail adresa, po\u0161tanska adresa, telefonski broj, IP adresa i sl. podaci.<\/p>\n<h3>Prikupljanje osobnih podataka<\/h3>\n<p>Arty Nails Cosmetics d.o.o. prikuplja osobne podatke korisnika samo kad su oni nu\u017eni za ispunjenje obveza. Arty Nails Cosmetics d.o.o. obvezuje se \u0161titi osobne podatke korisnika sukladno Zakonu o provedbi Op\u0107e uredbe o za\u0161titi podataka te se obvezuje da osobne podatke ne\u0107e ni na koji na\u010din ustupiti tre\u0107im osobama bez pristanka korisnika, osim ako za to postoji opravdani razlog.<\/p>\n<p><strong>Osobni podaci korisnika prikupljaju se na nekoliko na\u010dina:<\/strong><\/p>\n<p>\u2013 Prikupljanje podataka izravnim telefonskim ili e-mail kontaktom \u2013 Podatke prikupljamo kad nam se korisnici obrate za informacije o proizvodima i uslugama. Osobne podatke prikupljene na ovaj na\u010din koristimo isklju\u010divo u svrhu obrade tra\u017eenih informacija i rje\u0161avanje upita korisnika, kako bi korisnicima omogu\u0107ili kori\u0161tenje na\u0161e web trgovine i kupnju proizvoda. Korisnici web stranice arty-nails.org slanjem svojih osobnih informacija iskazuju suglasnost za obradu tih osobnih podataka sukladno Zakonu o provedbi Op\u0107e uredbe o za\u0161titi podataka.<\/p>\n<p>\u2013 Prikupljanje podataka tijekom kupnje u web trgovini \u2013 Podatke prikupljamo u svrhu dostave proizvoda naru\u010denog(ih) putem Arty Nails web trgovine. Prikupljamo ime i prezime kupca, adresu za dostavu, adresu za ra\u010dun, broj telefona i email adresu. Legitiman pristup podacima kupca koji se odnose na ime i prezime te adresu dostave imaju i djelatnici dostavnih slu\u017ebi koje dostavljaju naru\u010dene proizvode \/ paket.<\/p>\n<p>Ako korisnik daje podatke u ime druge osobe, on(a) se mora pobrinuti da je ta osoba upoznata s ovom Policom privatnosti prije no \u0161to se osobni podaci te osobe dostave. Ako je korisnik mla\u0111i od 16 godina, on(a) ne smije davati nikakve osobne podatke bez odobrenja roditelja ili skrbnika.<\/p>\n<h3>Obrada osobnih podataka<\/h3>\n<p>Obrada podataka je bilo koja radnja izvr\u0161ena na prikupljenim osobnim podacima, poput primjerice upotrebe i prijenosa osobnih podataka. Voditelja zbirke osobnih podataka u Arty Nails Cosmetics d.o.o. mo\u017eete kontaktirati na adresi Ulica Svetog Spasa 9b, 21000 Split, telefonima +385 (0)21 296 248 i +385 (0)92 333 4939 ili slanjem e-mail poruke na artynails@gmail.com.<\/p>\n<p>Obrada prikupljenih osobnih podataka vr\u0161i se sukladno propisima EU i Zakonu o provedbi Op\u0107e uredbe o za\u0161titi podataka \u2013 kad ste pristali na obradu osobnih podataka (privola), kad je to potrebno za sklapanje ili izvr\u0161avanje ugovora tj. ispunjavanje zakonskih obveza, kad zatra\u017eite radnje u svrhu za\u0161tite va\u0161ih osobnih podataka, te kada je obrada potrebna u pravne svrhe.<\/p>\n<p>Obrada osobnih podataka koja se temelji na legitimnom interesu ili predstavlja ugovornu obvezu obavlja se odr\u017eavanjem najvi\u0161i standarda sigurnosti i poslovanja. Korisnik mo\u017ee u svakom trenutku dati prigovor na obradu svojih osobnih podataka, te ima i pravo zatra\u017eiti nadopunu, ispravak ili izmjenu neto\u010dnih osobnih podataka. Od ovog se izuzimaju slu\u010dajevi u kojima je Arty Nails Cosmetics d.o.o. po valjanom nalogu ovla\u0161tenih dr\u017eavnih tijela, a sukladno zakonu, du\u017ean dostaviti ili dopustiti uvid u osobne podatke korisnika.<\/p>\n<h3>Dijeljenje osobnih podataka<\/h3>\n<p>Arty Nails Cosmetics d.o.o. dijeli prikupljene osobne podatke isklju\u010divo u legitimne svrhe, s tre\u0107im stranama koje omogu\u0107avaju dostavu narud\u017ebi tj. kupljenih proizvoda (dostavne slu\u017ebe).<\/p>\n<p>Arty Nails Cosmetics d.o.o. ne dijeli osobne podatke korisnika s niti jednom drugom tre\u0107om stranom, osim u slu\u010daju legitimnih zahtjeva od strane ovla\u0161tenih dr\u017eavnih tijela.<\/p>\n<h3>Za\u0161tita osobnih podataka<\/h3>\n<p>WordPress platforma na kojoj se temelji ova web stranica je siguran sustav koji se stalno razvija u formi novijih i sigurnijih verzija. Nove verzije sustava pru\u017eaju ve\u0107u za\u0161titu i sigurnost web stranica, uklju\u010duju\u0107i podatke korisnika te stoga Arty Nails Cosmetics d.o.o. redovno nadogra\u0111uje sustav web stranice sa svakom novoobjavljenom verzijom.<\/p>\n<p>Korisni\u010dki ra\u010duni \/ profili korisnika za\u0161ti\u0107eni su lozinkom koju odabire sam korisnik.<\/p>\n<p>U slu\u010daju zaboravljene lozinke i nemogu\u0107nosti ulaska u web trgovinu i stranicu za ure\u0111ivanje osobnih podataka, korisnik u svakom trenutku mo\u017ee zatra\u017eiti kreiranje nove lozinke. Korisnik je jedina osoba odgovorna za \u010duvanje sigurnosti lozinke koju ne bi trebao dijeliti s drugim osobama.<\/p>\n<p>Osobni podaci korisnika zaprimljeni tijekom kupnje u web trgovini \u010duvaju se na siguran i za\u0161ti\u0107en na\u010din, a koriste se isklju\u010divo u svrhu izdavanja ra\u010duna i dostave narud\u017ebe na zatra\u017eenu po\u0161tansku adresu. Dostavne slu\u017ebe anga\u017eirane na dostavi narud\u017ebi imaju svoja pravila za\u0161tite osobnih podataka primatelja paketa koja tako\u0111er osiguravaju za\u0161titu privatnosti i pohranu podataka na siguran i za\u0161ti\u0107eni na\u010din.<\/p>\n<h3>Prava korisnika<\/h3>\n<p>Korisnici web trgovine na adresi arty-nails.org mogu u svakom trenutku na stranici svog korisni\u010dkog ra\u010duna samostalno izmijeniti svoje osobne podatke.<\/p>\n<p>Korisnici mogu i zatra\u017eiti dostavu svojih osobnih podataka prikupljenih u Arty Nails Cosmetics d.o.o. web trgovini.<\/p>\n<p>Korisnici tako\u0111er mogu zatra\u017eiti potpunu brisanje svojih osobnih podataka, \u0161to ne uklju\u010duje bilo koje podatke koje je Arty Nails Cosmetics d.o.o. obvezan \u010duvati u administrativne, pravne ili sigurnosne svrhe.<\/p>\n<h3>Postupak u slu\u010daju neovla\u0161tenog pristupa osobnim podacima<\/h3>\n<p>Arty Nails Cosmetics d.o.o. vodi ra\u010duna o i odgovoran je za a\u017eurnost web stranica na domeni arty-nails.org kako bi se osigurala sigurnost prikupljenih osobnih podataka i sprije\u010dio sigurnosni upad i zlouporaba osobnih podataka korisnika.<\/p>\n<p>U slu\u010daju sigurnosnog upada koji bi dopustio neovla\u0161teni pristup osobnim podacima korisnika, Arty Nails Cosmetics d.o.o. \u0107e sukladno odredbama Op\u0107e uredbe o za\u0161titi osobnih podataka (General Data Protection Regulation \u2013 GDPR) u zakonskom roku od 72 sata o tome obavijestiti sve korisnike i Agenciju za za\u0161titu osobnih podataka (AZOP) koja je nadle\u017ena za nadzor primjene ove Uredbe obavijestiti o neovla\u0161tenom upadu.<\/p>\n<h3>Izmjene police privatnosti<\/h3>\n<p>Ova polica privatnosti odnosi se isklju\u010divo na podatke prikupljene na web stranici arty-nails.org.<\/p>\n<p>Arty Nails Cosmetics d.o.o. zadr\u017eava pravo izmjene police privatnosti bez prethodne najave te nije odgovoran za bilo kakve mogu\u0107e posljedice proiza\u0161le iz takvih izmjena.<\/p>\n<p>Korisnici su du\u017eni prilikom svakog kori\u0161tenja web stranice provjeriti va\u017ee\u0107a pravila kako bi saznali za bilo kakve promjene u pravilima o za\u0161titi privatnosti. Daljnje kori\u0161tenje web stranice arty-nails.org od strane korisnika nakon bilo kakve promjene u polici privatnosti zna\u010dit \u0107e da korisnik prihva\u0107a izmjene.<\/p>\n<h3>Dodatne informacije<\/h3>\n<p>Za sva dodatna pitanja o za\u0161titi osobnih podataka na web stranici arty-nails.org korisnici se mogu javiti na e-mail adresu artynails@gmail.com.<\/p>\t\t\t\t\t\t\t\t<\/div>\n\t\t\t\t<\/div>\n\t\t\r\n\t\t\r\n\t\t\t\t\t\t\t<\/div>\r\n\t\t\t\r\n\t\t<\/div>\r\n\t\t\t\t\t\t\t\t\t\t\t\t\t\t\t\t\t<\/div>\r\n\t\t\t\t\t\t<\/section>\r\n\t\t\t\t<\/div>\n\t\t","protected":false},"excerpt":{"rendered":"<p>Polica privatnosti Ova polica privatnosti odnosi se isklju\u010divo na web stranicu arty-nails.org u vlasni\u0161tvu Arty Nails Cosmetics d.o.o. Ova web stranica mo\u017ee sadr\u017eavati i informacije tre\u0107ih osoba te poveznice na web stranice tre\u0107ih strana. Vlasnik web stranice ne daje nikakva jamstva u pogledu to\u010dnosti ili bilo kojih drugih karakteristika takvih informacija i poveznica, te ne [&hellip;]<\/p>\n","protected":false},"author":4474,"featured_media":0,"parent":0,"menu_order":0,"comment_status":"closed","ping_status":"open","template":"","meta":{"footnotes":""},"class_list":["post-3","page","type-page","status-publish","hentry"],"_links":{"self":[{"href":"https:\/\/www.arty-nails.org\/web_shop\/wp-json\/wp\/v2\/pages\/3","targetHints":{"allow":["GET"]}}],"collection":[{"href":"https:\/\/www.arty-nails.org\/web_shop\/wp-json\/wp\/v2\/pages"}],"about":[{"href":"https:\/\/www.arty-nails.org\/web_shop\/wp-json\/wp\/v2\/types\/page"}],"author":[{"embeddable":true,"href":"https:\/\/www.arty-nails.org\/web_shop\/wp-json\/wp\/v2\/users\/4474"}],"replies":[{"embeddable":true,"href":"https:\/\/www.arty-nails.org\/web_shop\/wp-json\/wp\/v2\/comments?post=3"}],"version-history":[{"count":0,"href":"https:\/\/www.arty-nails.org\/web_shop\/wp-json\/wp\/v2\/pages\/3\/revisions"}],"wp:attachment":[{"href":"https:\/\/www.arty-nails.org\/web_shop\/wp-json\/wp\/v2\/media?parent=3"}],"curies":[{"name":"wp","href":"https:\/\/api.w.org\/{rel}","templated":true}]}}