{"id":5676,"date":"2022-08-17T09:30:35","date_gmt":"2022-08-17T07:30:35","guid":{"rendered":"https:\/\/www.arty-nails.org\/web_shop\/?page_id=5676"},"modified":"2022-08-25T11:38:05","modified_gmt":"2022-08-25T09:38:05","slug":"postavke-kolacica","status":"publish","type":"page","link":"https:\/\/www.arty-nails.org\/web_shop\/postavke-kolacica\/","title":{"rendered":"Postavke kola\u010di\u0107a"},"content":{"rendered":"\t\t<div data-elementor-type=\"wp-page\" data-elementor-id=\"5676\" class=\"elementor elementor-5676\">\n\t\t\t\t\t\t\r\n\t\t<section\t\t class=\" elementor-section elementor-top-section elementor-element elementor-element-318b03b9 elementor-section-boxed elementor-section-height-default elementor-section-height-default\" data-id=\"318b03b9\" data-element_type=\"section\" data-e-type=\"section\">\r\n\t\t\r\n\t\t\t\t\t\t\t\t\t\t<div class=\"elementor-container elementor-column-gap-default\" >\r\n\r\n\t\t\t\t\r\n\t\t\t\t\t\t\t\t\t\t\t\t\t\t<div\t\t class=\" elementor-column elementor-col-100 elementor-top-column elementor-element elementor-element-1784a5d4\" data-id=\"1784a5d4\" data-element_type=\"column\" data-e-type=\"column\">\r\n\t\t\t\r\n\t\t\t\r\n\t\t\t\r\n\t\t\t<div class=\"elementor-widget-wrap elementor-element-populated\">\r\n\t\t\t\t\t\t\t\t<div class=\" elementor-element elementor-element-fc1d154 elementor-widget elementor-widget-heading\" data-id=\"fc1d154\" data-element_type=\"widget\" data-e-type=\"widget\" data-widget_type=\"heading.default\">\n\t\t\t\t<div class=\"elementor-widget-container\">\n\t\t\t\t\t<h2 class=\"elementor-heading-title elementor-size-default\">Postavke kola\u010di\u0107a<\/h2>\t\t\t\t<\/div>\n\t\t\t\t<\/div>\n\t\t\t\t<div class=\" elementor-element elementor-element-37574896 elementor-widget elementor-widget-text-editor\" data-id=\"37574896\" data-element_type=\"widget\" data-e-type=\"widget\" data-widget_type=\"text-editor.default\">\n\t\t\t\t<div class=\"elementor-widget-container\">\n\t\t\t\t\t\t\t\t\t<h3>O ovim pravilima o kola\u010di\u0107ima<\/h3><p>Ova Pravila o kola\u010di\u0107ima obja\u0161njavaju \u0161to su kola\u010di\u0107i i kako ih koristimo, vrste kola\u010di\u0107a koje koristimo, tj. podatke koje prikupljamo pomo\u0107u kola\u010di\u0107a i kako se te informacije koriste, te kako kontrolirati postavke kola\u010di\u0107a. Za dodatne informacije o tome kako koristimo, pohranjujemo i \u010duvamo va\u0161e osobne podatke, pogledajte na\u0161a Pravila o privatnosti.<\/p><p>U svakom trenutku mo\u017eete povu\u0107i va\u0161 pristanak za kola\u010di\u0107e. Va\u0161 pristanak odnosi se na sljede\u0107u domenu: www.arty.nails.org<\/p><h3>\u0160to su kola\u010di\u0107i?<\/h3><p>Kola\u010di\u0107i su male tekstualne datoteke koje se koriste za pohranjivanje sitnih dijelova informacija na va\u0161em ure\u0111aju kad se web stranica u\u010dita u va\u0161 web preglednik.<\/p><p>Kola\u010di\u0107i nam poma\u017eu da web stranica ispravno funkcionira, bude sigurnija, pru\u017ei bolje iskustvo korisnika, pru\u017eaju informacije o u\u010dinkovitosti web stranica te nam omogu\u0107avaju da analiziramo \u0161to dobro funkcionira a \u0161to treba pobolj\u0161ati.<\/p><h3>Kako koristimo kola\u010di\u0107e?<\/h3><p>Kao i ve\u0107ina online usluga, na\u0161a web stranica koristi kola\u010di\u0107e prve i tre\u0107e strane, koji imaju nekoliko uloga.<\/p><p>Kola\u010di\u0107i prve strane uglavnom su kola\u010di\u0107i neophodni za ispravno funkcioniranje web stranice i ne prikupljaju va\u0161e osobne podatke. Kola\u010di\u0107i tre\u0107ih strana koji se koriste na na\u0161oj web stranici uglavnom slu\u017ee za razumijevanje funkcioniranja web stranice, upoznavanje va\u0161e interakcije s na\u0161om web stranicom, omogu\u0107avanje sigurnosti na\u0161ih usluga, prikazivanje oglasa koji su relevantni za vas tj. ti kola\u010di\u0107i op\u0107enito omogu\u0107avaju bolje i pobolj\u0161ano iskustvo korisnika te nam poma\u017eu da ubrzamo va\u0161u budu\u0107u interakciju s na\u0161om web stranicom.<\/p><h3>Koje vrste kola\u010di\u0107a koristimo?<\/h3><p><strong>Neophodni:<\/strong> Neki kola\u010di\u0107i su neophodni kako biste mogli imati najbolji do\u017eivljaj potpune funkcionalnosti na\u0161e stranice. Oni nam omogu\u0107uju da odr\u017eavamo sesije korisnika i sprije\u010dimo bilo kakve sigurnosne prijetnje. Neophodni kola\u010di\u0107i ne prikupljaju niti pohranjuju nikakve osobne podatke. Na primjer, ovi kola\u010di\u0107i vam omogu\u0107uju da se prijavite u svoj korisni\u010dki ra\u010dun i dodate proizvode u ko\u0161aricu te izvr\u0161ite sigurnu naplatu.<\/p><p><strong>Statistika:<\/strong> Ovi kola\u010di\u0107i pohranjuju informacije kao \u0161to su broj posjetitelja web stranice, broj jedinstvenih posjetitelja, koji su sadr\u017eaji web stranice posje\u0107eni, izvor posjeta, itd. Ti nam podaci poma\u017eu razumjeti i analizirati koliko dobro web stranica radi i gdje potrebno je pobolj\u0161anje.<\/p><p><strong>Marketing:<\/strong> Na\u0161a web stranica prikazuje reklame. Ovi kola\u010di\u0107i koriste se za personalizaciju reklama koje vam prikazujemo kako bi vam one bile zanimljive. Ovi kola\u010di\u0107i nam tako\u0111er poma\u017eu pratiti u\u010dinkovitost oglasnih kampanja. Informacije pohranjene u ovim kola\u010di\u0107ima tako\u0111er mogu koristiti davatelji oglasa tre\u0107ih strana kako bi vam prikazivali oglase i na drugim web stranicama u va\u0161em web pregledniku.<\/p><p><strong>Funkcionalnost:<\/strong> Ovo su kola\u010di\u0107i koji poma\u017eu odre\u0111enim funkcijama na na\u0161oj web stranici koje nisu neophodne za njihov rad. Te funkcije uklju\u010duju ugra\u0111ivanje sadr\u017eaja poput videozapisa ili dijeljenje sadr\u017eaja web stranice na dru\u0161tvenim mre\u017eama.<\/p><p><strong>Preference:<\/strong> Ovi kola\u010di\u0107i nam poma\u017eu pohraniti va\u0161e postavke i postavke pregledavanja stranice kao \u0161to su jezi\u010dne postavke, kako biste imali bolje i u\u010dinkovitije iskustvo prilikom budu\u0107ih posjeta web stranici.<\/p><p>[cookie_audit columns=\u201dcookie,description\u201d heading=\u201dPopis ispod prikazuje detalje kola\u010di\u0107a koje koristimo na na\u0161oj web stranici.\u201d]<\/p><h3>Kako mogu kontrolirati postavke privole za kola\u010di\u0107e?<\/h3><p>Ako kasnije tijekom sesije pregledavanja web stranice odlu\u010dite promijeniti svoje postavke, kliknite na \u201cPravila o privatnosti i kola\u010di\u0107ima\u201d na svom zaslonu. Ovo \u0107e vam ponovno prikazati obavijest o pristanku koja \u0107e vam omogu\u0107iti da promijenite svoje postavke ili u potpunosti povu\u010dete svoj pristanak. Osim toga, razli\u010diti web preglednici pru\u017eaju razli\u010dite metode za blokiranje i brisanje kola\u010di\u0107a koje koriste web stranice, pa mo\u017eete promijeniti postavke svog web preglednika da blokira\/bri\u0161e kola\u010di\u0107e. Da biste saznali vi\u0161e o tome kako upravljati kola\u010di\u0107ima i brisati ih, posjetite wikipedia.org, www.allaboutcookies.org.<\/p><h3>Kola\u010di\u0107i u WooCommerce web trgovini<\/h3><p>WooCommerce koristi kola\u010di\u0107e na razne na\u010dine.<\/p><p>Kola\u010di\u0107i ovise o odre\u0111enim zna\u010dajkama koje su omogu\u0107ene u trgovini. Kola\u010di\u0107i su aktivni kada korisnik stupi u interakciju s jednom od ovih zna\u010dajki ili kada omogu\u0107ava izvo\u0111enje administratorskih funkcija unutar nadzorne plo\u010de trgovine.<\/p><p>\u00a0<\/p><h5>Popis kola\u010di\u0107a koji su postavljeni za korisnike WooCommerce trgovina.<\/h5><table class=\"wccookie\"><thead><tr><th>NAZIV KOLA\u010cI\u0106A<\/th><th>TRAJANJE<\/th><th>SVRHA<\/th><\/tr><\/thead><tbody><tr><td>woocommerce_cart_hash<\/td><td>sesija<\/td><td>Poma\u017ee WooCommerceu ustanoviti promjenu u sadr\u017eaju\/podacima ko\u0161arice.<\/td><\/tr><tr><td>woocommerce_items_in_cart<\/td><td>sesija<\/td><td>Poma\u017ee WooCommerceu ustanoviti promjenu u sadr\u017eaju\/podacima ko\u0161arice.<\/td><\/tr><tr><td>wp_woocommerce_session_<\/td><td>2 dana<\/td><td>Sadr\u017ei jedinstveni kod za svakog kupca kako bi znalo gdje u bazi podataka prona\u0107i podatke o ko\u0161arici za svakog kupca.<\/td><\/tr><tr><td>woocommerce_recently_viewed<\/td><td>sesija<\/td><td>Pokre\u0107e widget za nedavno pregledane proizvode.<\/td><\/tr><tr><td>store_notice[notice id]<\/td><td>sesija<\/td><td>Dozvoljava kupcima da odbace obavijest trgovine.<\/td><\/tr><\/tbody><\/table><p>\u00a0<\/p><p>U navedenim kola\u010di\u0107ima ne pohranjuju se nikakvi osobni podaci korisnika.<\/p><h5>Kola\u010di\u0107i u upravlja\u010dkoj plo\u010di WooCommerce trgovine<\/h5><table class=\"wccookie\"><thead><tr><th>NAZIV KOLA\u010cI\u0106A<\/th><th>TRAJANJE<\/th><th>SVRHA<\/th><\/tr><\/thead><tbody><tr><td>woocommerce_snooze_suggestions__[suggestion]<\/td><td>2 dana<\/td><td>Omogu\u0107ava korisnicima upravlja\u010dke plo\u010de da odbace prijedloga Marketplacea, ako su oni omogu\u0107eni.<\/td><\/tr><tr><td>woocommerce_dismissed_suggestions__[context]<\/td><td>1 mjesec<\/td><td>Broj odbacivanja prijedloga, ako je omogu\u0107eno.<\/td><\/tr><tr><td>tk_ai<\/td><td>sesija<\/td><td>Pohranjuje nasumi\u010dno generirani anonimni ID a koristi se samo unutar podru\u010dja nadzorne plo\u010de u svrhu pra\u0107enje njena kori\u0161tenja, ako je to omogu\u0107eno.<\/td><\/tr><\/tbody><\/table>\t\t\t\t\t\t\t\t<\/div>\n\t\t\t\t<\/div>\n\t\t\r\n\t\t\r\n\t\t\t\t\t\t\t<\/div>\r\n\t\t\t\r\n\t\t<\/div>\r\n\t\t\t\t\t\t\t\t\t\t\t\t\t\t\t\t\t<\/div>\r\n\t\t\t\t\t\t<\/section>\r\n\t\t\t\t<\/div>\n\t\t","protected":false},"excerpt":{"rendered":"<p>Postavke kola\u010di\u0107a O ovim pravilima o kola\u010di\u0107ima Ova Pravila o kola\u010di\u0107ima obja\u0161njavaju \u0161to su kola\u010di\u0107i i kako ih koristimo, vrste kola\u010di\u0107a koje koristimo, tj. podatke koje prikupljamo pomo\u0107u kola\u010di\u0107a i kako se te informacije koriste, te kako kontrolirati postavke kola\u010di\u0107a. Za dodatne informacije o tome kako koristimo, pohranjujemo i \u010duvamo va\u0161e osobne podatke, pogledajte na\u0161a [&hellip;]<\/p>\n","protected":false},"author":4474,"featured_media":0,"parent":0,"menu_order":0,"comment_status":"closed","ping_status":"closed","template":"","meta":{"footnotes":""},"class_list":["post-5676","page","type-page","status-publish","hentry"],"_links":{"self":[{"href":"https:\/\/www.arty-nails.org\/web_shop\/wp-json\/wp\/v2\/pages\/5676","targetHints":{"allow":["GET"]}}],"collection":[{"href":"https:\/\/www.arty-nails.org\/web_shop\/wp-json\/wp\/v2\/pages"}],"about":[{"href":"https:\/\/www.arty-nails.org\/web_shop\/wp-json\/wp\/v2\/types\/page"}],"author":[{"embeddable":true,"href":"https:\/\/www.arty-nails.org\/web_shop\/wp-json\/wp\/v2\/users\/4474"}],"replies":[{"embeddable":true,"href":"https:\/\/www.arty-nails.org\/web_shop\/wp-json\/wp\/v2\/comments?post=5676"}],"version-history":[{"count":0,"href":"https:\/\/www.arty-nails.org\/web_shop\/wp-json\/wp\/v2\/pages\/5676\/revisions"}],"wp:attachment":[{"href":"https:\/\/www.arty-nails.org\/web_shop\/wp-json\/wp\/v2\/media?parent=5676"}],"curies":[{"name":"wp","href":"https:\/\/api.w.org\/{rel}","templated":true}]}}