{"id":5700,"date":"2022-08-17T10:15:47","date_gmt":"2022-08-17T08:15:47","guid":{"rendered":"https:\/\/www.arty-nails.org\/web_shop\/?page_id=5700"},"modified":"2026-04-28T11:25:13","modified_gmt":"2026-04-28T09:25:13","slug":"opci-uvjeti-poslovanja","status":"publish","type":"page","link":"https:\/\/www.arty-nails.org\/web_shop\/opci-uvjeti-poslovanja\/","title":{"rendered":"Op\u0107i uvjeti poslovanja"},"content":{"rendered":"<h2>Op\u0107i uvjeti poslovanja<\/h2>\n<p>Ovi uvjeti poslovanja propisuju uvjete i pravila za korisnike i odnose se na kori\u0161tenje internetske stranice arty-nails.org koja je u vlasni\u0161tvu tvrtke Arty Nails Cosmetics d.o.o., sa sjedi\u0161tem u Tr\u0161\u0107anska 66, 21000 Split. Kori\u0161tenjem ovih internetskih stranica i izvr\u0161enjem narud\u017ebe u online trgovini na arty-nails.org korisnik potvr\u0111uje da je upoznat i suglasan s Op\u0107im uvjetima poslovanja. Na uvjete poslovanja primjenjuje se Zakon o za\u0161titi potro\u0161a\u010da (N.N.41\/14, 110\/15).<\/p>\n<p>Sadr\u017eaj web stranice na domeni arty-nails.org vlasni\u0161tvo je Arty Nails Cosmetics d.o.o. te se, ukoliko to nije druga\u010dije navedeno, ne smije kopirati, objavljivati, distribuirati i sl. bez izri\u010ditog pristanka vlasnika stranica. Sadr\u017eaji objavljeni na internetskoj stranici imaju informativni karakter, Arty Nails Cosmetics d.o.o. nastoji objaviti to\u010dne informacije ali ne daje nikakva jamstva u pogledu njihove preciznosti i potpunosti.<\/p>\n<p>Kori\u0161tenjem sadr\u017eaja ove internetske stranice korisnik prihva\u0107a sve rizike koji nastaju iz njena kori\u0161tenja te prihva\u0107a koristiti njen sadr\u017eaj isklju\u010divo za osobnu uporabu i na vlastitu odgovornost. Arty Nails Cosmetics d.o.o. isklju\u010duje svaku odgovornost za izravnu i neizravnu \u0161tetu koja proizlazi ili bi mogla proiza\u0107i iz pristupa i kori\u0161tenja sadr\u017eaja stranica, bilo kakvih pogre\u0161aka u njihovom sadr\u017eaju ili nedostupnosti zbog tehni\u010dkih razloga.<\/p>\n<p>Ova internetska stranica mo\u017ee sadr\u017eavati informacije i oglase tre\u0107ih osoba te poveznice na web stranice tre\u0107ih strana. Arty Nails Cosmetics d.o.o. ne daje nikakva jamstva u pogledu to\u010dnosti ili bilo kojih drugih karakteristika takvih informacija i poveznica, te ne preuzima nikakvu odgovornost za sadr\u017eaje stranica na koje poveznica usmjerava korisnika. Internetske stranice tre\u0107ih strana imaju svoje neovisne uvjete poslovanja te je obveza korisnika upoznati se s njima prilikom posjete tim stranicama.<\/p>\n<p>Arty Nails Cosmetics d.o.o. u internetskoj trgovini objavljuje materijale, fotografije i tekst u dobroj namjeri, kako bi kupcu olak\u0161ali odabir prilikom kupovine. Ako proizvo\u0111a\u010d izmijeni neku od karakteristika proizvoda, mo\u017ee do\u0107i do nepodudaranja izme\u0111u stvarnog izgleda i karakteristika proizvoda te fotografija i opisa proizvoda na ovoj stranici. Svi opisi i karakteristike proizvoda redovno se provjeravaju. Arty Nails Cosmetics d.o.o. ne snosi nikakvu odgovornost za mogu\u0107e nenamjerne gre\u0161ke u fotografijama i opisu proizvoda.<\/p>\n<p>Korisnik stranice na domeni arty-nails.org potvr\u0111uje da je upoznat s \u010dinjenicom da ponekad dolazi do prekida usluga jer pristup Internetskim stranicama mo\u017ee biti u prekidu, privremeno nedostupan ili isklju\u010den, te da su to doga\u0111aji izvan kontrole Arty Nails Cosmetics d.o.o. te stoga on nije odgovoran za bilo kakav gubitak podataka do kojeg mo\u017ee do\u0107i za vrijeme prijenosa informacija na Internetu.<\/p>\n<p>Kori\u0161tenje internetske stranice arty-nails.org isklju\u010divo je na odgovornost korisnika. Arty Nails Cosmetics d.o.o. osloba\u0111a se od svake odgovornosti za \u0161tetu koja je mogla nastati prilikom posjete stranici uslijed protupravnih radnji tre\u0107ih osoba, ra\u010dunalnih virusa, prekidom u komunikacijskoj liniji, neovla\u0161tenim pristupom, neprikladnim pona\u0161anjem, nemarom i sli\u010dno te drugih slu\u010dajeva za koje nije odgovoran vlasnik stranice.<\/p>\n<p>Arty Nails Cosmetics d.o.o. zadr\u017eava pravo u bilo kojem trenutku i bez prethodne najave ukinuti ili izmijeniti sadr\u017eaj Op\u0107ih uvjeta poslovanja, asortimana proizvoda, cijene proizvoda ili sadr\u017eaja Internetske stranice arty-nails.org. Korisnici su du\u017eni prije svakog kori\u0161tenja internetske stranice arty-nails.org pregledati sadr\u017eaj Op\u0107ih uvjeta poslovanja. Suprotno postupanje osloba\u0111a Arty Nails Cosmetics d.o.o. bilo kakve odgovornosti. Ovi Op\u0107i uvjeti poslovanja i bilo kakve njihove izmjene stupaju na snagu objavom na arty-nails.org.<\/p>\n<h3>Informacije o vlasniku internetske stranice arty-nails.org:<\/h3>\n<p>Arty Nails Cosmetics d.o.o.<\/p>\n<p>Sjedi\u0161te: Tr\u0161\u0107anska 66, 21000 Split<\/p>\n<p>Upisan u registru Trgova\u010dkog suda Split: MBS: 060381070<\/p>\n<p>OIB: 10329028826 &#8211; EUID: HRSR.060381070<\/p>\n<p>Osniva\u010d \/ \u010dlan dru\u0161tva \/ osoba ovla\u0161tena za zastupanje: Maja \u0106urkovi\u0107, OIB: 89747724876<\/p>\n<p>Temeljni kapital upla\u0107en u cijelosti 20,000,00 kn<\/p>\n<p>IBAN: HR3423400091110934506 otvoren kod PBZ banke<\/p>\n<p>IBAN za WEB transakcije: HR3423400091110934506<\/p>\n<p>Telefon: 092 333 4939 \/ Mail: artynails@gmail.com<\/p>\n<h3>Pohvale i prigovori<\/h3>\n<p>Sukladno \u010dlanku 10., Zakona o za\u0161titi potro\u0161a\u010da, Kupac mo\u017ee u slu\u010daju nezadovoljstva iz bilo kojeg razloga uputiti pisani prigovor Arty Nails Cosmetics d.o.o. internetskoj stranici \/ online trgovini.<\/p>\n<p>Pisani prigovor mo\u017eete podnijeti putem po\u0161te na adresu Arty Nails Cosmetics d.o.o., Ulica Svetog Spasa 9b, 21000 Split, telefonski na broj telefona\u00a0 092 333 4939 ili elektroni\u010dki na artynails@gmail.com.<\/p>\n<p>Kako bi Prodavatelj \u0161to br\u017ee razmotrio prigovor, Kupac bi u prigovoru trebao navesti broj narud\u017ebe, broj ra\u010duna ili svoje ime i prezime. Arty Nails Cosmetics d.o.o. \u0107e Kupcu pisanim putem i bez odga\u0111anja potvrditi primitak prigovora, a odgovor \u0107e sti\u0107i Kupcu u roku od 15 (petnaest) dana od dana zaprimljenog prigovora.<\/p>\n<p>Za sve informacije, pohvale, primjedbe, reklamacije i druge obavijesti Kupci se mogu obratiti Prodavatelju na adresu Arty Nails Cosmetics d.o.o., Ulica Svetog Spasa 9b, 21000 Split, telefonski na broj telefona 092 333 4939 ili elektroni\u010dki na artynails@gmail.com.<\/p>\n<h3>Platforma za online rje\u0161avanja sporova<\/h3>\n<p>Posebnom regulativom Europske unije, od 15.02.2016, diljem cijele EU sporove vezane uz online kupnje mogu\u0107e je rije\u0161iti putem ODR platforme koja je dostupna na internetskoj stranici http:\/\/ec.europa.eu\/consumers\/odr\/.<\/p>\n<p>Ova platforma omogu\u0107ava Kupcu koji je nai\u0161ao na problem tijekom online kupnje ili ima spor koji se odnosi na internetsko naru\u010divanje da najprije poku\u0161a rije\u0161iti problem bez uklju\u010divanja sudova. Kupac mo\u017ee brzo i jednostavno podnijeti prigovor na online kupnju unutar EU (neispravan proizvod, nemogu\u0107nost zamjene proizvoda itd.), na bilo kojem od 23 slu\u017ebena jezika EU.<\/p>\n<h3>Zakon o alternativnom rje\u0161avanju potro\u0161a\u010dkih sporova<\/h3>\n<p>Zakon o alternativnom rje\u0161avanju potro\u0161a\u010dkih sporova donesen je 15. prosinca 2016. (NN 121\/16, 23.12.2016.), a stupio je na snagu 31. prosinca 2016. Ovaj Zakon uskla\u0111uje hrvatsko zakonodavstvo s EU direktivom 2013\/11\/EU i Uredbom br. 524\/2013.<\/p>\n<p>Zakon omogu\u0107ava alternativno rje\u0161avanje doma\u0107ih i prekograni\u010dnih sporova izme\u0111u trgovaca sa sjedi\u0161tem u Hrvatskoj i potro\u0161a\u010da s boravi\u0161tem u Europskoj uniji (\u0161to uklju\u010duje i Hrvatsku). Svrha ovog zakona je omogu\u0107iti potro\u0161a\u010dima da svoje sporove s trgovcima rje\u0161avaju pred tijelima za alternativno rje\u0161avanje potro\u0161a\u010dkih sporova na brz i ekonomi\u010dan na\u010din.<\/p>\n<p>U postupku spora vi\u0161e se koristi elektroni\u010dka komunikacija s kra\u0107im rokovima rje\u0161avanja spora, a podaci o sporu nalaze se i na web stranici Europske komisije, na prethodnoj opisanoj platformi za online rje\u0161avanje sporova. Time se potro\u0161a\u010dima iz drugih dr\u017eava \u010dlanica EU omogu\u0107ava brz i jednostavan put do nadle\u017enih hrvatskih tijela za alternativno rje\u0161avanje potro\u0161a\u010dkih sporova.<\/p>\n<p>U slu\u010daju nerije\u0161enih prigovora potro\u0161a\u010di se mogu obratiti i Sudu \u010dasti Hrvatske obrtni\u010dke komore (http:\/\/www.hok.hr\/sud_casti) ili Centru za mirenje pri Hrvatskoj obrtni\u010dkoj komori (http:\/\/www.hok.hr\/centar_za_mirenje).<\/p>\n<h4>Povezani sadr\u017eaji:<\/h4>\n<p>Op\u0107i uvjeti poslovanja<br \/>\nUvjeti kupnje<br \/>\nReklamacije i povrati<br \/>\nPodr\u0161ka<\/p>\n","protected":false},"excerpt":{"rendered":"<p>Op\u0107i uvjeti poslovanja Ovi uvjeti poslovanja propisuju uvjete i pravila za korisnike i odnose se na kori\u0161tenje internetske stranice arty-nails.org koja je u vlasni\u0161tvu tvrtke Arty Nails Cosmetics d.o.o., sa sjedi\u0161tem u Tr\u0161\u0107anska 66, 21000 Split. Kori\u0161tenjem ovih internetskih stranica i izvr\u0161enjem narud\u017ebe u online trgovini na arty-nails.org korisnik potvr\u0111uje da je upoznat i suglasan [&hellip;]<\/p>\n","protected":false},"author":4474,"featured_media":0,"parent":0,"menu_order":0,"comment_status":"closed","ping_status":"open","template":"","meta":{"footnotes":""},"class_list":["post-5700","page","type-page","status-publish","hentry"],"_links":{"self":[{"href":"https:\/\/www.arty-nails.org\/web_shop\/wp-json\/wp\/v2\/pages\/5700","targetHints":{"allow":["GET"]}}],"collection":[{"href":"https:\/\/www.arty-nails.org\/web_shop\/wp-json\/wp\/v2\/pages"}],"about":[{"href":"https:\/\/www.arty-nails.org\/web_shop\/wp-json\/wp\/v2\/types\/page"}],"author":[{"embeddable":true,"href":"https:\/\/www.arty-nails.org\/web_shop\/wp-json\/wp\/v2\/users\/4474"}],"replies":[{"embeddable":true,"href":"https:\/\/www.arty-nails.org\/web_shop\/wp-json\/wp\/v2\/comments?post=5700"}],"version-history":[{"count":4,"href":"https:\/\/www.arty-nails.org\/web_shop\/wp-json\/wp\/v2\/pages\/5700\/revisions"}],"predecessor-version":[{"id":48687,"href":"https:\/\/www.arty-nails.org\/web_shop\/wp-json\/wp\/v2\/pages\/5700\/revisions\/48687"}],"wp:attachment":[{"href":"https:\/\/www.arty-nails.org\/web_shop\/wp-json\/wp\/v2\/media?parent=5700"}],"curies":[{"name":"wp","href":"https:\/\/api.w.org\/{rel}","templated":true}]}}