{"id":5719,"date":"2022-08-17T11:15:26","date_gmt":"2022-08-17T09:15:26","guid":{"rendered":"https:\/\/www.arty-nails.org\/web_shop\/?page_id=5719"},"modified":"2026-04-28T11:30:19","modified_gmt":"2026-04-28T09:30:19","slug":"uvjeti-kupnje","status":"publish","type":"page","link":"https:\/\/www.arty-nails.org\/web_shop\/uvjeti-kupnje\/","title":{"rendered":"Uvjeti kupnje"},"content":{"rendered":"<h2>Uvjeti kupnje<\/h2>\n<p>Ovi uvjeti kupnje propisuju uvjete i pravila za kupnju u online trgovini internetske stranice na domeni arty-nails.org u vlasni\u0161tvu Arty Nails Cosmetics d.o.o., sa sjedi\u0161tem u Tr\u0161\u0107anska 66, 21000 Split.<\/p>\n<p>Kori\u0161tenjem ovih internetskih stranica i izvr\u0161enjem narud\u017ebe u online trgovini na arty-nails.org korisnik potvr\u0111uje da je upoznat i suglasan s Op\u0107im uvjetima poslovanja. Na uvjete poslovanja primjenjuje se Zakon o za\u0161titi potro\u0161a\u010da (N.N.41\/14, 110\/15).<\/p>\n<p>Op\u0107e uvjete poslovanja mo\u017eete pro\u010ditati u zasebnom tekstu <a href=\"https:\/\/www.arty-nails.org\/web_shop\/opci-uvjeti-poslovanja\/\">Op\u0107i uvjeti poslovanja >><\/a><\/p>\n<p><strong>Zna\u010denje izraza navedenih u ovim op\u0107im uvjetima<\/strong><\/p>\n<p>Prodavatelj \u2013 Arty Nails Cosmetics d.o.o., Tr\u0161\u0107anska 66, 21000 Split, Upisan u registar Trgova\u010dkog suda Split: MBS: 060381070 \/ OIB: 10329028826<\/p>\n<p>arty-nails.org \u2013 internetska stranica u vlasni\u0161tvu Prodavatelja<\/p>\n<p>Kupac \u2013 svaka osoba koja je na internetskoj stranici arty-nails.org odabrala i naru\u010dila proizvod te se u tu svrhu registrirala<\/p>\n<p>Korisnik \u2013 svaka osoba koja na internetskoj stranici arty-nails.org razgledava proizvode radi informacija o njima i \/ ili potencijalne kupnje<\/p>\n<p>Online kupnja ili web trgovina \u2013 ostvarivanje kupnje proizvoda putem arty-nails.org<\/p>\n<p>Proizvodi \u2013 svi proizvodi koji su istaknuti na arty-nails.org a koje je mogu\u0107e kupiti putem web trgovine<\/p>\n<h3>Registracija korisnika<\/h3>\n<p>Na internetskoj stranici arty-nails.org mogu\u0107a je registracija korisnika. Registracija ili korisni\u010dki ra\u010dun kreiraju se samo za jednu fizi\u010dku ili pravnu osobu. Registracijom za usluge na arty-nails.org korisnik dobiva podatke o korisni\u010dkom ra\u010dunu \u2013 korisni\u010dko ime i lozinku.<\/p>\n<p>Korisni\u010dki ra\u010dun nije prenosiv na druge osobe. Korisni\u010dkim ra\u010dunom pravnih osoba mo\u017ee se koristiti samo odgovorna osoba navedena kao takva pri registraciji. Izri\u010dito je zabranjeno tijekom registracije davati la\u017ene podatke, te koristiti tu\u0111e podatke radi la\u017enog predstavljanja u ime druge pravne ili fizi\u010dke osobe.<\/p>\n<p>Za kr\u0161enje ovih odredbi Arty Nails Cosmetics d.o.o. zadr\u017eava pravo ugasiti korisni\u010dki ra\u010dun korisnika, te uskratiti pristup ili izvr\u0161enje svih ili dijela usluga koje nudi, bez obveze naknade bilo kakvog tro\u0161ka ili \u0161tete. Korisnik je osobno odgovoran za za\u0161titu povjerljivosti svoje zaporke\/lozinke koju postavlja tijekom registracije.<\/p>\n<p>Korisnik je obvezan \u010duvati podatke o svojoj sigurnosnoj zaporci \/ lozinki i korisni\u010dkom ra\u010dunu, te je u potpunosti odgovoran za svu \u0161tetu nastalu neautoriziranim kori\u0161tenjem svog korisni\u010dkog ra\u010duna.<\/p>\n<h3>Sklapanje Ugovora o prodaji<\/h3>\n<p>Ugovor o kupoprodaji proizvoda izme\u0111u Kupca i Prodavatelja zaklju\u010den je trenutkom narud\u017ebe proizvoda.<\/p>\n<p>Kupac mo\u017ee biti samo punoljetna i poslovno sposobna osoba. Ugovor u ime i za ra\u010dun maloljetnika i potpuno poslovno nesposobne osobe mogu zaklju\u010diti samo njihovi zakonski zastupnici ili skrbnici, a djelomi\u010dno poslovno sposobne osobe ugovor mogu zaklju\u010diti samo uz suglasnost svog zakonskog zastupnika ili skrbnika. Prodavatelj ne snosi nikakvu odgovornost za postupanje suprotno ovoj odredbi.<\/p>\n<p>Online kupnja mo\u017ee se ostvariti samo nakon \u0161to se Kupac registrira na internetskoj stranici arty-nails.org. Kao navedeno iznad, Kupac je du\u017ean u postupku registracije dati to\u010dne, va\u017ee\u0107e i potpune osobne podatke.<\/p>\n<p>Predmet i komercijalna svrha Ugovora o prodaji je kupnja odabranog proizvoda putem arty-nails.org online trgovine uz pla\u0107anje cijene toga proizvoda. Ugovor se zaklju\u010duje sredstvima daljinske komunikacije (Ugovor sklopljen na daljinu) i to putem: internet narud\u017ebe \u2013 online trgovine, ili telefonom s ljudskim posredovanjem.<\/p>\n<h3>Na\u010din odabira i naru\u010divanje proizvoda<\/h3>\n<p>Proizvodi koje je mogu\u0107e kupiti ogla\u0161eni su na arty-nails.org a uz svaki proizvod navedeni su podaci o proizvodu \u2013 specifikacija proizvoda i cijena.<\/p>\n<p>Kupac odabire proizvod na temelju prikazane slike, identifikacijskog broja i\/ili oznake i opisa proizvoda. Slike proizvoda su ilustrativne prirode, te ne moraju uvijek i u svim detaljima odgovarati proizvodima koji su stvarno dobavljivi. S obzirom na individualne postavke monitora na ra\u010dunalu, razlike u percepciji boje od strane ljudskog oka i sl. online trgovina na arty-nails.org ne mo\u017ee jam\u010diti potpunu sukladnost boja proizvoda vi\u0111enih na zaslonu ra\u010dunala sa stvarnim bojama proizvoda.<\/p>\n<p>Narud\u017eba proizvoda se vr\u0161i elektronskim putem. Naru\u010divanjem proizvoda registrirani korisnik postaje Kupac. Odabir \u017eeljenog proizvoda vr\u0161i se klikom na poveznicu \u201eKo\u0161arica\u201c nakon \u010dega se proizvod sprema u osobnu virtualnu ko\u0161aricu Kupca. Ko\u0161arica sadr\u017ei sve proizvodi koje je Kupac odabrao za kupnju, zajedno sa cijenom proizvoda, na\u010dinom i cijenom dostave te ukupnom cijenom za kupnju svih naru\u010denih proizvoda (s uklju\u010denim PDV-om). Prije zavr\u0161etka postupka naru\u010divanja, Kupac se mora slo\u017eiti s Op\u0107im uvjetima i Uvjetima kupnje.<\/p>\n<p>Prihva\u0107anje narud\u017ebe proizvoda ovisi o dostupnosti naru\u010denih proizvoda. U slu\u010daju nedostatka zaliha naru\u010denog proizvoda. Prodavatelj \u0107e pravovremeno kontaktirati Kupca i ponuditi mu zamjenski proizvod iste ili vi\u0161e kvalitete i vrijednosti, ili dogovorno ukloniti proizvod iz narud\u017ebe te sukladno tome umanjiti kona\u010dnu cijenu za kupnju.<\/p>\n<p>Kupac mo\u017ee u ko\u0161arici pove\u0107avati broj odabranog proizvoda, brisati ga ili mijenjati za druge proizvode. Za nastavak postupka i kupovinu odabranih proizvoda Kupac treba kliknuti na opciju \u201cKreni na pla\u0107anje\u201d. Kupac mo\u017ee u svakom trenutku odustati od kupnje brisanjem svih proizvoda iz ko\u0161arice.<\/p>\n<p>Proizvodi se smatraju naru\u010denim u trenutku kada Korisnik (Kupac) pro\u0111e cijeli postupak naru\u010divanja te nakon potvrde narud\u017ebe na svoju e-mail adresu koju je naveo(la) tijekom postupka registracije primi potvrdu da je narud\u017eba zaprimljena. Ukoliko Arty Nails Cosmetics d.o.o. nije u mogu\u0107nosti isporu\u010diti neke od naru\u010denih proizvoda, kontaktirat \u0107e kupca u roku od 48 (\u010detrdeset osam) sati, te ga telefonski ili putem e-mail-a obavijestiti da proizvoda nema na zalihama i da Kupac ima opciju otkazati naru\u010deni proizvod i zatra\u017eiti povrat novca ili zatra\u017eiti zamjenski proizvod.<\/p>\n<h3>Cijene proizvoda<\/h3>\n<p>Cijene proizvoda su maloprodajne. Cijene proizvoda i cijene dostave izra\u017eene su u hrvatskoj valuti (kuna) i EUR-ima s ve\u0107 sadr\u017eanim pripadaju\u0107im PDV-m. Prije pla\u0107anja, Kupac u narud\u017ebi ima potpuni pregled cijena tj. iznos koji \u0107e biti napla\u0107en za naru\u010dene proizvode.<\/p>\n<p>Prodavatelj je ovla\u0161ten mijenjati cijene bez prethodne obavijesti. Prodavatelj je tako\u0111er ovla\u0161ten da bez prethodne obavijesti odredi cijenu ni\u017eu od redovne za pojedini proizvod, grupu proizvoda i\/ili za sve proizvode, ili za odre\u0111eni na\u010din pla\u0107anja, a \u0161to (me\u0111u ostalim) obuhva\u0107a akcijsku prodaju, rasprodaju, sezonska sni\u017eenja, prodaju proizvoda s gre\u0161kom i prodaju proizvoda kojima istje\u010de rok uporabe. Navedene pogodnosti i promjene cijena bit \u0107e jasno nazna\u010dene u online trgovini i dostupne Kupcu prije same kupnje.<\/p>\n<p>Arty Nails Cosmetics d.o.o. poduzima sve kako bi osigurao da su cijene navedene na internetskoj stranici to\u010dne, no obzirom na ljudski faktor mo\u017ee do\u0107i do gre\u0161ke u cijeni nekog proizvoda. Ako se otkrije gre\u0161ka u cijeni proizvoda kojeg je Kupac ve\u0107 naru\u010dio, Kupac \u0107e biti obavije\u0161ten u \u0161to kra\u0107em vremenskom roku te \u0107e mu biti dana mogu\u0107nost da potvrdi narud\u017ebu po ispravnoj cijeni ili da otka\u017ee narud\u017ebu.<\/p>\n<h3>Na\u010dini pla\u0107anja<\/h3>\n<p>Sva pla\u0107anja vr\u0161e se u hrvatskoj valuti. Kupac mo\u017ee platiti naru\u010dene proizvode na dva na\u010dina:<\/p>\n<p>1. Po ponudi putem bankovne uplate na \u017eiro ra\u010dun Prodavatelja<\/p>\n<p>Ako je Kupac odabrao ovu opciju pla\u0107anja, Prodavatelj \u0107e mu putem e-maila dostaviti ponudu temeljem koje \u0107e Kupac izvr\u0161iti pla\u0107anje unaprijed na \u017eiro ra\u010dun Prodavatelja. Isporuka \u0107e slijediti u roku navedenom u slu\u017ebenoj ponudi.<\/p>\n<p>2. Pouze\u0107em u gotovini prilikom preuzimanja proizvoda kod dostavlja\u010da<\/p>\n<p>Pla\u0107anje pouze\u0107em omogu\u0107uje da se naru\u010deni proizvodi plate prilikom dostave na navedenu adresu odnosno tek kad Kupac osobno preuzme naru\u010dene proizvode. Pla\u0107anje pouze\u0107em vr\u0161i se u gotovini ili karticama, ovisno o opcijama koje pru\u017ea dostavlja\u010d tj. dostavna slu\u017eba. U slu\u010daju da Kupac nije u mogu\u0107nosti zaprimiti po\u0161iljku na predvi\u0111enoj dostavnoj adresi u trenutku dostave, dostavlja\u010d ostavlja obavijest o prispije\u0107u po\u0161iljke.<\/p>\n<p>3. Besplatno preuzimanje u Arty Nails Cosmetics fizi\u010dkoj trgovini na adresi Ulica Svetog Spasa 9b, 21000 Split<\/p>\n<p>Kupac izvr\u0161ava narud\u017ebu i odabire preuzimanje u trgovini te po dolasku u trgovinu osobno preuzima narud\u017ebu.<\/p>\n<p>4. Iznose manje od 20 eura nije mogu\u0107e naru\u010diti pouze\u0107em, a svi novi klijenti robu pla\u0107aju putem ponude.<\/p>\n<h3>Raskid Ugovora o prodaji<\/h3>\n<p>Kupac ima pravo jednostrano raskinuti Ugovor o prodaji, bez navo\u0111enja razloga, u roku od 14 (\u010detrnaest) dana od dana dostave proizvoda kupljenih putem online trgovine na internetskoj stranici arty-nails.org.<\/p>\n<p>Kako bi Kupac mogao ostvariti pravo na jednostrani raskid Ugovora, on(a) mora obavijestiti Prodavatelja o svojoj odluci o jednostranom raskidu Ugovora prije isteka roka, nedvosmislenom izjavom u kojoj \u0107e navesti svoje ime i prezime, adresu, broj telefona, telefaksa ili adresu elektroni\u010dke po\u0161te, a mo\u017ee koristiti i prilo\u017eeni primjer obrasca za jednostrani raskid ugovora. Korisnik izjavu mo\u017ee poslati po\u0161tom (na Arty Nails Cosmetics d.o.o., Ulica Svetog Spasa 9b, 21000 Split) ili elektroni\u010dkom po\u0161tom na artynails@gmail.com. U izjavi je potrebno navesti broj ra\u010duna, datum ra\u010duna, ime i prezime, adresu, broj telefona, telefaksa ili adresu elektroni\u010dke po\u0161te.<\/p>\n<p>Obrazac za jednostrani raskid Ugovora mo\u017eete preuzeti >><\/p>\n<p>Nakon primitka izjave ili obrasca, Prodavatelj \u0107e bez odga\u0111anja Kupcu na njegovu registriranu e-mail adresu dostaviti potvrdu primitka obavijesti o jednostranom raskidu ugovora.<\/p>\n<p>Ako Kupac jednostrano raskine Ugovor, Prodavatelj \u0107e bez odga\u0111anja izvr\u0161iti povrat novca kojeg je Kupac uplatio, uklju\u010duju\u0107i i novac za pla\u0107anje tro\u0161kova dostave, ako ih je bilo, najkasnije u roku od 14 (\u010detrnaest) dana od dana kada je Prodavatelj zaprimio odluku Kupca o jednostranom raskidu Ugovora. Povrat novca bit \u0107e izvr\u0161en na isti na\u010din na koji je Kupac izvr\u0161io uplatu. Prodavatelj mo\u017ee izvr\u0161iti povrat novca Kupcu tek nakon \u0161to mu roba bude vra\u0107ena ili nakon \u0161to mu bude dostavljen dokaz da su naru\u010deni proizvodi poslani natrag Prodavatelju.<\/p>\n<p>Izravne tro\u0161kove povrata robe Kupac snosi sam, a naru\u010dene proizvode treba poslati na adresu Arty Nails Cosmetics d.o.o., Ulica Svetog Spasa 9b, 21000 Split, bez nepotrebnog odga\u0111anja, najkasnije u roku od 14 (\u010detrnaest) dana od dana kada je Prodavatelju uputio svoju odluku o jednostranom raskidu Ugovora.<\/p>\n<p>Kupac je odgovoran za svako umanjenje vrijednosti robe koje je rezultat rukovanja Proizvodom, osim onog koje je bilo potrebno za utvr\u0111ivanje prirode, obilje\u017eja i funkcionalnosti Proizvoda. Kako bi potro\u0161a\u010d utvrdio prirodu, obilje\u017eja i funkcionalnosti Proizvoda isti mo\u017ee postupati s Proizvodom i pregledati ga isklju\u010divo na na\u010din na koji je to uobi\u010dajeno pri kupnji fizi\u010dkim poslovnicama. U periodu u kojem potro\u0161a\u010d ostvaruje pravo povrata robu mora \u010duvati s du\u017enom pa\u017enjom.<\/p>\n<h3>Otprema i dostava<\/h3>\n<p>Isporuka proizvoda iz internetske trgovine na arty-nails.org dostupna je za cijelu EUROPSKU UNIJU.<\/p>\n<p>Prodavatelj odabire dostavlja\u010da \/ dostavnu slu\u017ebu. Dostavu za internetsku trgovinu Arty Nails Cosmetics d.o.o. vr\u0161i dostavna slu\u017eba In Time , DPD ili neka druga dostavna slu\u017eba s cijenom dostave navedenom u ko\u0161arici Kupca i u njegovoj zavr\u0161enoj narud\u017ebi.<\/p>\n<p>Dostavna slu\u017eba putem e-maila i SMS poruke prethodno obavje\u0161tava svakog Kupca o dostavi po\u0161iljke te na taj na\u010din kupac mo\u017ee korigirati vrijeme kada \u017eeli dostavu i direktno nazvati dostavnu slu\u017ebu. Dostavna slu\u017eba nema skrivene tro\u0161kove naplate ukoliko se radi o preuzimanju paketa pouze\u0107em (npr. dodatni tro\u0161kovi provizije itd).<\/p>\n<p>Arty Nails Cosmetics d.o.o. ne preuzima odgovornost za dostavne slu\u017ebe te rokove isporuke robe. Rokovi isporuke mogu varirati od podru\u010dja do podru\u010dja, me\u0111utim dostava je naj\u010de\u0161\u0107e u roku od 48 sati osim ako se ne radi o vikendima ili praznicima.<\/p>\n<p>Ukoliko klijent inzistira na drugom na\u010dinu dostave, o tome mora pravovremeno telefonski ili e-mailom obavijestiti Arty Nails Cosmetics d.o.o., kako bi se na\u010din dostave prilagodio \u017eeljama kupca.<\/p>\n<p>Tro\u0161kove dostave snosi kupac.<\/p>\n<p>Arty Nails Cosmetics d.o.o. odobrava gratis po\u0161tarinu kupcima s narud\u017ebama ve\u0107im od 100 EUR, osim za pakete koji se \u0161alju na otoke. Ukoliko se narud\u017eba \u0161alje na otoke, potrebno je nazna\u010diti dostava na otoke, koja se vr\u0161i samo odre\u0111enim danima u tjednu. raspored dostave na otoke pogledajte <a href=\"https:\/\/www.arty-nails.org\/web_shop\/wp-content\/uploads\/2022\/08\/DPD_raspored_dostave_otoci.pdf\" target=\"_blank\" rel=\"noopener\">u PDF dokumentu<\/a>. Ova ponuda gratis po\u0161tarine ne vrijedi ukoliko se radi o proizvodima koji su sni\u017eeni ili su na akciji, rasprodaji i sl., odnosno ako je Kupac ve\u0107 ostvario odre\u0111eni popust, \u0161to zna\u010di da Kupac ne\u0107e ostvariti pravo na gratis po\u0161tarinu. Po\u0161tarina tako\u0111er nije gratis u slu\u010dajevima kad se radi o paketima ve\u0107eg volumena kao npr. paketi ve\u0107i do 5 kg, pri kupnji aparata, parafinskih setova i sl. ve\u0107ih kila\u017ea ili kada je potrebno platiti osiguranje po\u0161iljke radi ve\u0107e vrijednosti i sl. Gratis dostava nije prikazana u ko\u0161arici ve\u0107 se Kupcu odobrava nakon zaprimljene narud\u017ebe s izra\u010dunatom cijenom dostave.<\/p>\n<p>Naru\u010deni proizvodi zapakirani su na na\u010din koji ih \u0161titi od o\u0161te\u0107enja uobi\u010dajenom manipulacijom u transportu.<\/p>\n<p>Kupac je du\u017ean prilikom preuzimanja proizvoda provjeriti eventualna o\u0161te\u0107enja i odmah ih reklamirati dostavlja\u010du koji je dostavio naru\u010dene proizvode, odnosno odbiti preuzeti po\u0161iljku na kojoj su vidljiva vanjska o\u0161te\u0107enja. Kupac je prilikom preuzimanja po\u0161iljke obvezan potpisati otpremnicu ili dostavnicu koja slu\u017ei kao potvrda o preuzimanju. Potpisom na potvrdi o primitku po\u0161iljke smatra se da je proizvod preuzet bez vanjskih vidljivih o\u0161te\u0107enja.<\/p>\n<p>U slu\u010daju da kupljeni proizvod Prodavatelj nije u mogu\u0107nosti isporu\u010diti u navedenom roku, o tome \u0107e obavijestiti Kupca radi dogovora o novom roku isporuke. U ovom slu\u010daju Kupac ima pravo i na raskid Ugovora.<\/p>\n<p>U slu\u010dajevima kada je Kupcu isporu\u010den proizvod razli\u010dit od onog kojeg je kupio, Kupac ima pravo zatra\u017eiti isporuku naru\u010denog proizvoda ili zatra\u017eiti povrat novca u iznosu pla\u0107ene cijene proizvoda, cijene dostave i naknadu tro\u0161kova povrata proizvoda te je du\u017ean vratiti krivo dostavljen proizvod.<\/p>\n<h3>Jamstveni uvjeti<\/h3>\n<p>Informacije o jamstvenim uvjetima \/ jamstvu nazna\u010dene su kod svakog proizvoda i u ra\u010dunu \u2013 otpremnici. Ako period jamstva nije naveden, to zna\u010di da proizvod ne podlije\u017ee jamstvu.<\/p>\n<p>Garancijski rok po\u010dinje te\u0107i na dan isporuke proizvoda. Arty Nails Cosmetics d.o.o. omogu\u0107ava servis i popravke proizvoda, ako su dostupne i relevantne, u slu\u010daju kvara tijekom garancijskog razdoblja.<\/p>\n<h4>Povezani sadr\u017eaji:<\/h4>\n<p>Op\u0107i uvjeti poslovanja<br \/>\nUvjeti kupnje<br \/>\nReklamacije i povrati<br \/>\nPodr\u0161kadostup<\/p>\n","protected":false},"excerpt":{"rendered":"<p>Uvjeti kupnje Ovi uvjeti kupnje propisuju uvjete i pravila za kupnju u online trgovini internetske stranice na domeni arty-nails.org u vlasni\u0161tvu Arty Nails Cosmetics d.o.o., sa sjedi\u0161tem u Tr\u0161\u0107anska 66, 21000 Split. Kori\u0161tenjem ovih internetskih stranica i izvr\u0161enjem narud\u017ebe u online trgovini na arty-nails.org korisnik potvr\u0111uje da je upoznat i suglasan s Op\u0107im uvjetima poslovanja. [&hellip;]<\/p>\n","protected":false},"author":4474,"featured_media":0,"parent":0,"menu_order":0,"comment_status":"closed","ping_status":"open","template":"","meta":{"footnotes":""},"class_list":["post-5719","page","type-page","status-publish","hentry"],"_links":{"self":[{"href":"https:\/\/www.arty-nails.org\/web_shop\/wp-json\/wp\/v2\/pages\/5719","targetHints":{"allow":["GET"]}}],"collection":[{"href":"https:\/\/www.arty-nails.org\/web_shop\/wp-json\/wp\/v2\/pages"}],"about":[{"href":"https:\/\/www.arty-nails.org\/web_shop\/wp-json\/wp\/v2\/types\/page"}],"author":[{"embeddable":true,"href":"https:\/\/www.arty-nails.org\/web_shop\/wp-json\/wp\/v2\/users\/4474"}],"replies":[{"embeddable":true,"href":"https:\/\/www.arty-nails.org\/web_shop\/wp-json\/wp\/v2\/comments?post=5719"}],"version-history":[{"count":2,"href":"https:\/\/www.arty-nails.org\/web_shop\/wp-json\/wp\/v2\/pages\/5719\/revisions"}],"predecessor-version":[{"id":48689,"href":"https:\/\/www.arty-nails.org\/web_shop\/wp-json\/wp\/v2\/pages\/5719\/revisions\/48689"}],"wp:attachment":[{"href":"https:\/\/www.arty-nails.org\/web_shop\/wp-json\/wp\/v2\/media?parent=5719"}],"curies":[{"name":"wp","href":"https:\/\/api.w.org\/{rel}","templated":true}]}}