{"id":10031,"date":"2020-10-27T20:05:42","date_gmt":"2020-10-27T19:05:42","guid":{"rendered":"https:\/\/www.arty-nails.org\/web_shop\/product\/arty-nails-tokalica-15-10-1843-1843-2795\/"},"modified":"2026-02-02T10:15:11","modified_gmt":"2026-02-02T09:15:11","slug":"arty-nails-pecat-sa-strugalicom","status":"publish","type":"product","link":"https:\/\/www.arty-nails.org\/web_shop\/proizvod\/arty-nails-pecat-sa-strugalicom\/","title":{"rendered":"ARTY NAILS PE\u010cAT SA STRUGALICOM"},"content":{"rendered":"<p>Silikonski pe\u010dat od kvalitetnog materijala za prijenos dizajna na nokte. Pe\u010dat je proziran kako bi se to\u010dno vidjelo \u0161to se i gdje prenosi. Dolazi u kompletu sa strugalicom. Mo\u017ee se koristiti sa svim plo\u010dicama s dizajnom i svim lakovima ili gelovima namijenjenim za pe\u010date.&nbsp;<\/p>\n","protected":false},"excerpt":{"rendered":"<p>Silikonski pe\u010dat od kvalitetnog materijala za prijenos dizajna na nokte. Pe\u010dat je proziran kako bi se to\u010dno vidjelo \u0161to se i gdje prenosi. Dolazi u kompletu sa strugalicom. Mo\u017ee se koristiti sa svim plo\u010dicama s dizajnom i svim lakovima ili gelovima namijenjenim za pe\u010date.&nbsp;<\/p>\n","protected":false},"featured_media":10029,"comment_status":"closed","ping_status":"closed","template":"","meta":[],"product_brand":[55],"product_cat":[147,121],"product_tag":[],"class_list":{"0":"post-10031","1":"product","2":"type-product","3":"status-publish","4":"has-post-thumbnail","6":"product_brand-arty-nails","7":"product_cat-arty-nails-pribor-za-nokte-i-nail-art","8":"product_cat-pribor-za-nokte","10":"first","11":"instock","12":"shipping-taxable","13":"purchasable","14":"product-type-simple"},"_links":{"self":[{"href":"https:\/\/www.arty-nails.org\/web_shop\/wp-json\/wp\/v2\/product\/10031","targetHints":{"allow":["GET"]}}],"collection":[{"href":"https:\/\/www.arty-nails.org\/web_shop\/wp-json\/wp\/v2\/product"}],"about":[{"href":"https:\/\/www.arty-nails.org\/web_shop\/wp-json\/wp\/v2\/types\/product"}],"replies":[{"embeddable":true,"href":"https:\/\/www.arty-nails.org\/web_shop\/wp-json\/wp\/v2\/comments?post=10031"}],"wp:featuredmedia":[{"embeddable":true,"href":"https:\/\/www.arty-nails.org\/web_shop\/wp-json\/wp\/v2\/media\/10029"}],"wp:attachment":[{"href":"https:\/\/www.arty-nails.org\/web_shop\/wp-json\/wp\/v2\/media?parent=10031"}],"wp:term":[{"taxonomy":"product_brand","embeddable":true,"href":"https:\/\/www.arty-nails.org\/web_shop\/wp-json\/wp\/v2\/product_brand?post=10031"},{"taxonomy":"product_cat","embeddable":true,"href":"https:\/\/www.arty-nails.org\/web_shop\/wp-json\/wp\/v2\/product_cat?post=10031"},{"taxonomy":"product_tag","embeddable":true,"href":"https:\/\/www.arty-nails.org\/web_shop\/wp-json\/wp\/v2\/product_tag?post=10031"}],"curies":[{"name":"wp","href":"https:\/\/api.w.org\/{rel}","templated":true}]}}