{"id":10080,"date":"2020-11-17T09:55:02","date_gmt":"2020-11-17T08:55:02","guid":{"rendered":"https:\/\/www.arty-nails.org\/web_shop\/product\/display-tipse-za-prikaz-boja-oval-50-1\/"},"modified":"2026-02-02T10:07:07","modified_gmt":"2026-02-02T09:07:07","slug":"display-tipse-za-prikaz-boja-oval-50-1","status":"publish","type":"product","link":"https:\/\/www.arty-nails.org\/web_shop\/proizvod\/display-tipse-za-prikaz-boja-oval-50-1\/","title":{"rendered":"DISPLAY TIPSE ZA PRIKAZ BOJA OVAL 50\/1"},"content":{"rendered":"<p>Display tipse za prikaz boja neizostavni su dio svakog salona. One su prvi korak za ulazak u svijet boja. No, za\u0161to ne bi bile i vi\u0161e od toga?<\/p>\n<p>Arty Nails ovalne tipse za prikaz boja na prvi pogled djeluju kao standardne tipse, no one su ve\u0107ih dimenzija i du\u017eine od 12 cm kako biste na najbolji mogu\u0107i na\u010din istaknuli sve va\u0161e boje.\u00a0<\/p>\n<p>Dolaze u pakiranju od 50 komada i bijeloj boji.<\/p>\n","protected":false},"excerpt":{"rendered":"<p>Display tipse za prikaz boja neizostavni su dio svakog salona. One su prvi korak za ulazak u svijet boja. No, za\u0161to ne bi bile i vi\u0161e od toga? Arty Nails ovalne tipse za prikaz boja na prvi pogled djeluju kao standardne tipse, no one su ve\u0107ih dimenzija i du\u017eine od 12 cm kako biste na [&hellip;]<\/p>\n","protected":false},"featured_media":6489,"comment_status":"closed","ping_status":"closed","template":"","meta":[],"product_brand":[55],"product_cat":[149,133],"product_tag":[],"class_list":{"0":"post-10080","1":"product","2":"type-product","3":"status-publish","4":"has-post-thumbnail","6":"product_brand-arty-nails","7":"product_cat-arty-nails-tipse","8":"product_cat-tipse-i-display-tipse-za-boje","10":"first","11":"instock","12":"shipping-taxable","13":"purchasable","14":"product-type-simple"},"_links":{"self":[{"href":"https:\/\/www.arty-nails.org\/web_shop\/wp-json\/wp\/v2\/product\/10080","targetHints":{"allow":["GET"]}}],"collection":[{"href":"https:\/\/www.arty-nails.org\/web_shop\/wp-json\/wp\/v2\/product"}],"about":[{"href":"https:\/\/www.arty-nails.org\/web_shop\/wp-json\/wp\/v2\/types\/product"}],"replies":[{"embeddable":true,"href":"https:\/\/www.arty-nails.org\/web_shop\/wp-json\/wp\/v2\/comments?post=10080"}],"wp:featuredmedia":[{"embeddable":true,"href":"https:\/\/www.arty-nails.org\/web_shop\/wp-json\/wp\/v2\/media\/6489"}],"wp:attachment":[{"href":"https:\/\/www.arty-nails.org\/web_shop\/wp-json\/wp\/v2\/media?parent=10080"}],"wp:term":[{"taxonomy":"product_brand","embeddable":true,"href":"https:\/\/www.arty-nails.org\/web_shop\/wp-json\/wp\/v2\/product_brand?post=10080"},{"taxonomy":"product_cat","embeddable":true,"href":"https:\/\/www.arty-nails.org\/web_shop\/wp-json\/wp\/v2\/product_cat?post=10080"},{"taxonomy":"product_tag","embeddable":true,"href":"https:\/\/www.arty-nails.org\/web_shop\/wp-json\/wp\/v2\/product_tag?post=10080"}],"curies":[{"name":"wp","href":"https:\/\/api.w.org\/{rel}","templated":true}]}}