{"id":10113,"date":"2020-12-22T15:27:32","date_gmt":"2020-12-22T14:27:32","guid":{"rendered":"https:\/\/www.arty-nails.org\/web_shop\/product\/karbidni-nastavak-tc-cutter-500-104-274-140-060n-1242\/"},"modified":"2026-02-02T10:18:38","modified_gmt":"2026-02-02T09:18:38","slug":"karbidni-nastavak-tc-cutter-500-104-274-140-060n-1242","status":"publish","type":"product","link":"https:\/\/www.arty-nails.org\/web_shop\/proizvod\/karbidni-nastavak-tc-cutter-500-104-274-140-060n-1242\/","title":{"rendered":"KARBIDNI NASTAVAK &#8211; TC Cutter 500 104 274 140 060N &#8211; 1242"},"content":{"rendered":"<h1>Popre\u010dni<br \/>\nzubi nastavak u obliku granate\u00a0\u00d8 6 mm\u00a0&#8211; NAJPRODAVANIJI NASTAVAK<\/h1>\n<div><\/div>\n<p>Reza\u010d od tvrdog metala<\/p>\n<div>Podru\u010dje primjene za umjetne nokte (studio za nokte):<br \/>\n\u2022 Fina obrada<br \/>\npovr\u0161ine\u00a0nokta, ruba i ko\u017eice nokta<\/div>\n<div>\u2022 Zagla\u0111ivanje povr\u0161ine<br \/>\n\u2022 Glatke povr\u0161ine<br \/>\n\u2022 Dugi vijek trajanja<br \/>\n\u2022 Nema\u00a0stvaranja\u00a0topline<\/div>\n<div>\n<p>\u2022 Vrlo\u00a0glatko skidanje<\/p>\n<p>Reza\u010d s finim presje\u010denim zubima savr\u0161en je za finu obradu povr\u0161ina noktiju od trajnog laka, ili gela.\u00a0Fino\u00a0zagla\u0111uje\u00a0i brusi plasti\u010dnu povr\u0161inu.\u00a0Tako\u0111er je dobar za osnovnu obradu oblika.<br \/>\nPodru\u010dje primjene prirodnih noktiju i kalusa (njega stopala i podijatrija):<br \/>\n\u2022 Zagla\u0111ivanje<br \/>\n\u017euljeva<\/p>\n<\/div>\n<div>\n<p>\u2022 Zavr\u0161na obrada povr\u0161ina noktiju prije poliranja<br \/>\n\u2022 Glatke povr\u0161ine<br \/>\n\u2022 Dugi vijek trajanja<br \/>\n\u2022 Nema razvoja topline<\/p>\n<p>brzina: maks.\u00a030.000 o \/ min<br \/>\n(\u00a0preporu\u010dena\u00a0brzina 40-50% maksimalne brzine)<\/p>\n<\/div>\n","protected":false},"excerpt":{"rendered":"<p>Popre\u010dni zubi nastavak u obliku granate\u00a0\u00d8 6 mm\u00a0&#8211; NAJPRODAVANIJI NASTAVAK Reza\u010d od tvrdog metala Podru\u010dje primjene za umjetne nokte (studio za nokte): \u2022 Fina obrada povr\u0161ine\u00a0nokta, ruba i ko\u017eice nokta \u2022 Zagla\u0111ivanje povr\u0161ine \u2022 Glatke povr\u0161ine \u2022 Dugi vijek trajanja \u2022 Nema\u00a0stvaranja\u00a0topline \u2022 Vrlo\u00a0glatko skidanje Reza\u010d s finim presje\u010denim zubima savr\u0161en je za finu obradu [&hellip;]<\/p>\n","protected":false},"featured_media":20832,"comment_status":"closed","ping_status":"closed","template":"","meta":[],"product_brand":[],"product_cat":[264],"product_tag":[],"class_list":{"0":"post-10113","1":"product","2":"type-product","3":"status-publish","4":"has-post-thumbnail","6":"product_cat-karbidni-nastavci","8":"first","9":"instock","10":"shipping-taxable","11":"purchasable","12":"product-type-simple"},"_links":{"self":[{"href":"https:\/\/www.arty-nails.org\/web_shop\/wp-json\/wp\/v2\/product\/10113","targetHints":{"allow":["GET"]}}],"collection":[{"href":"https:\/\/www.arty-nails.org\/web_shop\/wp-json\/wp\/v2\/product"}],"about":[{"href":"https:\/\/www.arty-nails.org\/web_shop\/wp-json\/wp\/v2\/types\/product"}],"replies":[{"embeddable":true,"href":"https:\/\/www.arty-nails.org\/web_shop\/wp-json\/wp\/v2\/comments?post=10113"}],"wp:featuredmedia":[{"embeddable":true,"href":"https:\/\/www.arty-nails.org\/web_shop\/wp-json\/wp\/v2\/media\/20832"}],"wp:attachment":[{"href":"https:\/\/www.arty-nails.org\/web_shop\/wp-json\/wp\/v2\/media?parent=10113"}],"wp:term":[{"taxonomy":"product_brand","embeddable":true,"href":"https:\/\/www.arty-nails.org\/web_shop\/wp-json\/wp\/v2\/product_brand?post=10113"},{"taxonomy":"product_cat","embeddable":true,"href":"https:\/\/www.arty-nails.org\/web_shop\/wp-json\/wp\/v2\/product_cat?post=10113"},{"taxonomy":"product_tag","embeddable":true,"href":"https:\/\/www.arty-nails.org\/web_shop\/wp-json\/wp\/v2\/product_tag?post=10113"}],"curies":[{"name":"wp","href":"https:\/\/api.w.org\/{rel}","templated":true}]}}