{"id":10115,"date":"2020-12-22T15:54:24","date_gmt":"2020-12-22T14:54:24","guid":{"rendered":"https:\/\/www.arty-nails.org\/web_shop\/product\/karbidni-nastavak-tc-cutter-500-104-274-190-060n-1243\/"},"modified":"2026-02-02T10:18:38","modified_gmt":"2026-02-02T09:18:38","slug":"karbidni-nastavak-tc-cutter-500-104-274-190-060n-1243","status":"publish","type":"product","link":"https:\/\/www.arty-nails.org\/web_shop\/proizvod\/karbidni-nastavak-tc-cutter-500-104-274-190-060n-1243\/","title":{"rendered":"KARBIDNI NASTAVAK &#8211; TC Cutter 500 104 274 190 060N &#8211; 1243"},"content":{"rendered":"<h1>Popre\u010dno ozubljenje srednje veli\u010dine \u00d8 6,0 mm u\u00a0obliku granate<\/h1>\n<div><\/div>\n<div>TOP SELLER PROIZVOD<\/div>\n<p>Podru\u010dje primjene: UMJETNI NOKTI, PRIRODNI NOKTI I PEDIKURA (njega i podijatrija stopala):<br \/>\n\u2022 Obrada \/ oblikovanje mikoti\u010dnih noktiju<br \/>\n\u2022 Ciljano konturiranje<br \/>\n\u2022\u00a0Uklanjanje \u017euljeva<br \/>\n\u2022 Glatke povr\u0161ine<br \/>\n\u2022 Dugi vijek trajanja<br \/>\n\u2022 Bez razvoja topline<br \/>\n\u2022 Vrlo glatko izvo\u0111enje<\/p>\n<p>U podijatriji i stopalima\u00a0HM bit je\u00a0apsolutni must have \u201eza povr\u0161insku obradu plo\u010da nokta, posebno za mikoti\u010dne nokte.<\/p>\n<p>Karbidni reza\u010d<\/p>\n<div>\n<p>Podru\u010dje primjene za umjetne nokte (studio za nokte):<br \/>\n\u2022 Obrada umjetnih noktiju<br \/>\n\u2022 Brzo uklanjanje gela<br \/>\n\u2022 Glatke povr\u0161ine<br \/>\n\u2022 Dugi vijek trajanja<br \/>\n\u2022 Nema\u00a0stvaranja\u00a0topline<\/p>\n<div>\n<p>\u2022 Vrlo\u00a0glatko obra\u0111ivanje<\/p>\n<p>Brzina: maks.\u00a030.000 o \/ min<br \/>\n(\u00a0preporu\u010dena\u00a0brzina 40-50% maksimalne brzine)<\/p>\n<\/div>\n<\/div>\n","protected":false},"excerpt":{"rendered":"<p>Popre\u010dno ozubljenje srednje veli\u010dine \u00d8 6,0 mm u\u00a0obliku granate TOP SELLER PROIZVOD Podru\u010dje primjene: UMJETNI NOKTI, PRIRODNI NOKTI I PEDIKURA (njega i podijatrija stopala): \u2022 Obrada \/ oblikovanje mikoti\u010dnih noktiju \u2022 Ciljano konturiranje \u2022\u00a0Uklanjanje \u017euljeva \u2022 Glatke povr\u0161ine \u2022 Dugi vijek trajanja \u2022 Bez razvoja topline \u2022 Vrlo glatko izvo\u0111enje U podijatriji i stopalima\u00a0HM bit [&hellip;]<\/p>\n","protected":false},"featured_media":20830,"comment_status":"closed","ping_status":"closed","template":"","meta":[],"product_brand":[],"product_cat":[264],"product_tag":[],"class_list":{"0":"post-10115","1":"product","2":"type-product","3":"status-publish","4":"has-post-thumbnail","6":"product_cat-karbidni-nastavci","8":"first","9":"instock","10":"shipping-taxable","11":"purchasable","12":"product-type-simple"},"_links":{"self":[{"href":"https:\/\/www.arty-nails.org\/web_shop\/wp-json\/wp\/v2\/product\/10115","targetHints":{"allow":["GET"]}}],"collection":[{"href":"https:\/\/www.arty-nails.org\/web_shop\/wp-json\/wp\/v2\/product"}],"about":[{"href":"https:\/\/www.arty-nails.org\/web_shop\/wp-json\/wp\/v2\/types\/product"}],"replies":[{"embeddable":true,"href":"https:\/\/www.arty-nails.org\/web_shop\/wp-json\/wp\/v2\/comments?post=10115"}],"wp:featuredmedia":[{"embeddable":true,"href":"https:\/\/www.arty-nails.org\/web_shop\/wp-json\/wp\/v2\/media\/20830"}],"wp:attachment":[{"href":"https:\/\/www.arty-nails.org\/web_shop\/wp-json\/wp\/v2\/media?parent=10115"}],"wp:term":[{"taxonomy":"product_brand","embeddable":true,"href":"https:\/\/www.arty-nails.org\/web_shop\/wp-json\/wp\/v2\/product_brand?post=10115"},{"taxonomy":"product_cat","embeddable":true,"href":"https:\/\/www.arty-nails.org\/web_shop\/wp-json\/wp\/v2\/product_cat?post=10115"},{"taxonomy":"product_tag","embeddable":true,"href":"https:\/\/www.arty-nails.org\/web_shop\/wp-json\/wp\/v2\/product_tag?post=10115"}],"curies":[{"name":"wp","href":"https:\/\/api.w.org\/{rel}","templated":true}]}}