{"id":10141,"date":"2021-02-15T21:59:40","date_gmt":"2021-02-15T20:59:40","guid":{"rendered":"https:\/\/www.arty-nails.org\/web_shop\/product\/reforma-autumn-girl-kolekcija-trajnih-lakova-2745-2745-2784-2794-2815-2853-2855\/"},"modified":"2024-01-14T04:29:04","modified_gmt":"2024-01-14T03:29:04","slug":"reforma-autumn-girl-kolekcija-trajnih-lakova-2745-2745-2784-2794-2815-2853-2855","status":"publish","type":"product","link":"https:\/\/www.arty-nails.org\/web_shop\/proizvod\/reforma-autumn-girl-kolekcija-trajnih-lakova-2745-2745-2784-2794-2815-2853-2855\/","title":{"rendered":"REFORMA RED LOVERS KOLEKCIJA TRAJNIH LAKOVA"},"content":{"rendered":"<p>Novosti za zavodnice!<\/p>\n<p>U mjesecu posve\u0107enom svim zaljubljenima i u ljubavi, predstavljamo vam jedinstvenu i strastvenu kolekciju Red Lovers!<\/p>\n<p>Upoznajte i zavolite na prvi pogled tri najnovije boje trajnih lakova:<\/p>\n<ul>\n<li>Seductive &#8211; zavodljiva svijetlo crvena malina<\/li>\n<li>Sensual &#8211; senzualna vru\u0107a crvena<\/li>\n<li>True Love &#8211; jedinstvena intenzivna roza s \u010desticama i plavim sjajem<\/li>\n<\/ul>\n<p>Ve\u0107 dugo nije bilo takve vatre!<\/p>\n","protected":false},"excerpt":{"rendered":"<p>Novosti za zavodnice! U mjesecu posve\u0107enom svim zaljubljenima i u ljubavi, predstavljamo vam jedinstvenu i strastvenu kolekciju Red Lovers! Upoznajte i zavolite na prvi pogled tri najnovije boje trajnih lakova: Seductive &#8211; zavodljiva svijetlo crvena malina Sensual &#8211; senzualna vru\u0107a crvena True Love &#8211; jedinstvena intenzivna roza s \u010desticama i plavim sjajem Ve\u0107 dugo nije [&hellip;]<\/p>\n","protected":false},"featured_media":10139,"comment_status":"closed","ping_status":"closed","template":"","meta":[],"product_brand":[50],"product_cat":[172,187,171],"product_tag":[],"class_list":{"0":"post-10141","1":"product","2":"type-product","3":"status-publish","4":"has-post-thumbnail","6":"product_brand-reforma","7":"product_cat-posebne-ponude-reforma","8":"product_cat-reforma-setovi-i-kolekcije-trajnih-lakova","9":"product_cat-setovi-i-kolekcije-trajnih-lakova-reforma","11":"first","12":"instock","13":"sale","14":"shipping-taxable","15":"purchasable","16":"product-type-simple"},"_links":{"self":[{"href":"https:\/\/www.arty-nails.org\/web_shop\/wp-json\/wp\/v2\/product\/10141","targetHints":{"allow":["GET"]}}],"collection":[{"href":"https:\/\/www.arty-nails.org\/web_shop\/wp-json\/wp\/v2\/product"}],"about":[{"href":"https:\/\/www.arty-nails.org\/web_shop\/wp-json\/wp\/v2\/types\/product"}],"replies":[{"embeddable":true,"href":"https:\/\/www.arty-nails.org\/web_shop\/wp-json\/wp\/v2\/comments?post=10141"}],"wp:featuredmedia":[{"embeddable":true,"href":"https:\/\/www.arty-nails.org\/web_shop\/wp-json\/wp\/v2\/media\/10139"}],"wp:attachment":[{"href":"https:\/\/www.arty-nails.org\/web_shop\/wp-json\/wp\/v2\/media?parent=10141"}],"wp:term":[{"taxonomy":"product_brand","embeddable":true,"href":"https:\/\/www.arty-nails.org\/web_shop\/wp-json\/wp\/v2\/product_brand?post=10141"},{"taxonomy":"product_cat","embeddable":true,"href":"https:\/\/www.arty-nails.org\/web_shop\/wp-json\/wp\/v2\/product_cat?post=10141"},{"taxonomy":"product_tag","embeddable":true,"href":"https:\/\/www.arty-nails.org\/web_shop\/wp-json\/wp\/v2\/product_tag?post=10141"}],"curies":[{"name":"wp","href":"https:\/\/api.w.org\/{rel}","templated":true}]}}