{"id":10153,"date":"2021-03-05T13:25:58","date_gmt":"2021-03-05T12:25:58","guid":{"rendered":"https:\/\/www.arty-nails.org\/web_shop\/product\/mollon-pro-spa-sol-za-noge-opustajuca-lavanda-600-g\/"},"modified":"2026-02-02T10:03:30","modified_gmt":"2026-02-02T09:03:30","slug":"mollon-pro-spa-sol-za-noge-opustajuca-lavanda-600-g","status":"publish","type":"product","link":"https:\/\/www.arty-nails.org\/web_shop\/proizvod\/mollon-pro-spa-sol-za-noge-opustajuca-lavanda-600-g\/","title":{"rendered":"MOLLON PRO SPA SOL ZA NOGE OPU\u0160TAJU\u0106A LAVANDA 600 g"},"content":{"rendered":"<p>Spa sol za noge s opu\u0161taju\u0107om lavandom, zahvaljuju\u0107i savr\u0161eno odabranom mirisu i omek\u0161avaju\u0107im svojstvima, osigurava visoku razinu opu\u0161tanja i osloba\u0111anja od stresa.<\/p>\n<p>Sastojci ove soli obnavljaju, zagla\u0111uju i omek\u0161avaju epidermu. Uz minerale koji se osloba\u0111aju u kupki, soli je dodan i prirodni kolagen vrhunske kvalitete koji vla\u017ei i u\u010dvr\u0161\u0107uje ko\u017eu.<\/p>\n<p>Sol istovremeno \u010disti i obnavlja va\u0161a stopala te je izvrsna priprema za sve ostale tretmane. Priu\u0161tite im njegu koju zaslu\u017euju te se usput opustite i u\u017eivajte!<\/p>\n<p>Opu\u0161taju\u0107a spa sol za noge s lavandom dermatolo\u0161ki je testirana i pogodna za sve tipove ko\u017ee.<\/p>\n<p>Na\u010din upotrebe: Stavite mjericu soli u odgovaraju\u0107u posudu i dodajte oko 3-4 litre vode. Preporu\u010deno vrijeme tretmana je 10-15 minuta pri temperaturi vode od 36-38\u00b0 C.<\/p>\n<p>\u010cuvati na suhom i tamnom mjestu na sobnoj temperaturi.<\/p>\n","protected":false},"excerpt":{"rendered":"<p>Spa sol za noge s opu\u0161taju\u0107om lavandom, zahvaljuju\u0107i savr\u0161eno odabranom mirisu i omek\u0161avaju\u0107im svojstvima, osigurava visoku razinu opu\u0161tanja i osloba\u0111anja od stresa. Sastojci ove soli obnavljaju, zagla\u0111uju i omek\u0161avaju epidermu. Uz minerale koji se osloba\u0111aju u kupki, soli je dodan i prirodni kolagen vrhunske kvalitete koji vla\u017ei i u\u010dvr\u0161\u0107uje ko\u017eu. Sol istovremeno \u010disti i obnavlja [&hellip;]<\/p>\n","protected":false},"featured_media":45859,"comment_status":"closed","ping_status":"closed","template":"","meta":[],"product_brand":[56],"product_cat":[211,127],"product_tag":[],"class_list":{"0":"post-10153","1":"product","2":"type-product","3":"status-publish","4":"has-post-thumbnail","6":"product_brand-mollon-pro","7":"product_cat-njega-i-higijena-stopala","8":"product_cat-spa-njega-stopala","10":"first","11":"instock","12":"shipping-taxable","13":"purchasable","14":"product-type-simple"},"_links":{"self":[{"href":"https:\/\/www.arty-nails.org\/web_shop\/wp-json\/wp\/v2\/product\/10153","targetHints":{"allow":["GET"]}}],"collection":[{"href":"https:\/\/www.arty-nails.org\/web_shop\/wp-json\/wp\/v2\/product"}],"about":[{"href":"https:\/\/www.arty-nails.org\/web_shop\/wp-json\/wp\/v2\/types\/product"}],"replies":[{"embeddable":true,"href":"https:\/\/www.arty-nails.org\/web_shop\/wp-json\/wp\/v2\/comments?post=10153"}],"wp:featuredmedia":[{"embeddable":true,"href":"https:\/\/www.arty-nails.org\/web_shop\/wp-json\/wp\/v2\/media\/45859"}],"wp:attachment":[{"href":"https:\/\/www.arty-nails.org\/web_shop\/wp-json\/wp\/v2\/media?parent=10153"}],"wp:term":[{"taxonomy":"product_brand","embeddable":true,"href":"https:\/\/www.arty-nails.org\/web_shop\/wp-json\/wp\/v2\/product_brand?post=10153"},{"taxonomy":"product_cat","embeddable":true,"href":"https:\/\/www.arty-nails.org\/web_shop\/wp-json\/wp\/v2\/product_cat?post=10153"},{"taxonomy":"product_tag","embeddable":true,"href":"https:\/\/www.arty-nails.org\/web_shop\/wp-json\/wp\/v2\/product_tag?post=10153"}],"curies":[{"name":"wp","href":"https:\/\/api.w.org\/{rel}","templated":true}]}}