{"id":10158,"date":"2021-03-09T02:44:12","date_gmt":"2021-03-09T01:44:12","guid":{"rendered":"https:\/\/www.arty-nails.org\/web_shop\/product\/arty-nails-podlozak-za-stol\/"},"modified":"2025-12-01T08:12:56","modified_gmt":"2025-12-01T07:12:56","slug":"arty-nails-podlozak-za-stol","status":"publish","type":"product","link":"https:\/\/www.arty-nails.org\/web_shop\/proizvod\/arty-nails-podlozak-za-stol\/","title":{"rendered":"ARTY NAILS PODLO\u017dAK ZA STOL BIJELI"},"content":{"rendered":"<p>Podlo\u017eak za stol bijele boje s Arty Nails logotipom. Slu\u017ei kao za\u0161tita za stol i podloga za fotografiranje. Periv je, izra\u0111en od posebnog pvc materijala.<\/p>\n","protected":false},"excerpt":{"rendered":"<p>Podlo\u017eak za stol bijele boje s Arty Nails logotipom. Slu\u017ei kao za\u0161tita za stol i podloga za fotografiranje. Periv je, izra\u0111en od posebnog pvc materijala.<\/p>\n","protected":false},"featured_media":10157,"comment_status":"closed","ping_status":"closed","template":"","meta":[],"product_brand":[55],"product_cat":[199,165],"product_tag":[],"class_list":{"0":"post-10158","1":"product","2":"type-product","3":"status-publish","4":"has-post-thumbnail","6":"product_brand-arty-nails","7":"product_cat-arty-nails-lampe-i-ostala-oprema","8":"product_cat-oprema-za-rad","10":"first","11":"instock","12":"shipping-taxable","13":"purchasable","14":"product-type-simple"},"_links":{"self":[{"href":"https:\/\/www.arty-nails.org\/web_shop\/wp-json\/wp\/v2\/product\/10158","targetHints":{"allow":["GET"]}}],"collection":[{"href":"https:\/\/www.arty-nails.org\/web_shop\/wp-json\/wp\/v2\/product"}],"about":[{"href":"https:\/\/www.arty-nails.org\/web_shop\/wp-json\/wp\/v2\/types\/product"}],"replies":[{"embeddable":true,"href":"https:\/\/www.arty-nails.org\/web_shop\/wp-json\/wp\/v2\/comments?post=10158"}],"wp:featuredmedia":[{"embeddable":true,"href":"https:\/\/www.arty-nails.org\/web_shop\/wp-json\/wp\/v2\/media\/10157"}],"wp:attachment":[{"href":"https:\/\/www.arty-nails.org\/web_shop\/wp-json\/wp\/v2\/media?parent=10158"}],"wp:term":[{"taxonomy":"product_brand","embeddable":true,"href":"https:\/\/www.arty-nails.org\/web_shop\/wp-json\/wp\/v2\/product_brand?post=10158"},{"taxonomy":"product_cat","embeddable":true,"href":"https:\/\/www.arty-nails.org\/web_shop\/wp-json\/wp\/v2\/product_cat?post=10158"},{"taxonomy":"product_tag","embeddable":true,"href":"https:\/\/www.arty-nails.org\/web_shop\/wp-json\/wp\/v2\/product_tag?post=10158"}],"curies":[{"name":"wp","href":"https:\/\/api.w.org\/{rel}","templated":true}]}}