{"id":10162,"date":"2021-07-12T21:48:14","date_gmt":"2021-07-12T19:48:14","guid":{"rendered":"https:\/\/www.arty-nails.org\/web_shop\/product\/arty-nails-antifungalni-zlatni-serum-30-ml\/"},"modified":"2026-02-02T09:58:44","modified_gmt":"2026-02-02T08:58:44","slug":"arty-nails-antifungalni-zlatni-serum-30-ml","status":"publish","type":"product","link":"https:\/\/www.arty-nails.org\/web_shop\/proizvod\/arty-nails-antifungalni-zlatni-serum-30-ml\/","title":{"rendered":"ARTY NAILS ANTIFUNGALNI ZLATNI SERUM 30 ml"},"content":{"rendered":"<p>Novi premium proizvod Arty Nails brenda!<\/p>\n<p>Ovaj luksuzni proizvod sadr\u017ei prirodna ulja \u010dajevca i lavande koja su poznata po svojim antibakterijskim i antifungalnim svojstvima. Oboga\u0107en je vitaminom A i vitaminom E.<\/p>\n<p>Zahvaljuju\u0107i svojim prirodnim sastojcima, serum osim svojih antifungalnih i antibakterijskih\u00a0 svojstava, tako\u0111er i hrani, otpu\u0161ta suho\u0107u i usporava rast zanoktica te promi\u010de rast zdravog prirodnog nokta.<\/p>\n<p>Antifungalni zlatni serum je savr\u0161en proizvod za salone, ali i za ku\u0107nu njegu problemati\u010dnih, kao i svih ostalih klijenata.<\/p>\n<p>Na\u010din primjene: Nanijeti serum i utrljati ga u ko\u017eu sve dok se u potpunosti ne apsorbira. Koristiti svakodnevno. Ne izlagati dnevnom svjetlu.<\/p>\n","protected":false},"excerpt":{"rendered":"<p>Novi premium proizvod Arty Nails brenda! Ovaj luksuzni proizvod sadr\u017ei prirodna ulja \u010dajevca i lavande koja su poznata po svojim antibakterijskim i antifungalnim svojstvima. Oboga\u0107en je vitaminom A i vitaminom E. Zahvaljuju\u0107i svojim prirodnim sastojcima, serum osim svojih antifungalnih i antibakterijskih\u00a0 svojstava, tako\u0111er i hrani, otpu\u0161ta suho\u0107u i usporava rast zanoktica te promi\u010de rast zdravog [&hellip;]<\/p>\n","protected":false},"featured_media":10161,"comment_status":"closed","ping_status":"closed","template":"","meta":[],"product_brand":[55],"product_cat":[110,211,135,80],"product_tag":[],"class_list":{"0":"post-10162","1":"product","2":"type-product","3":"status-publish","4":"has-post-thumbnail","6":"product_brand-arty-nails","7":"product_cat-arty-nails-spa-linija","8":"product_cat-njega-i-higijena-stopala","9":"product_cat-spa-njega-noktiju","10":"product_cat-ulja-za-zanoktice","12":"first","13":"instock","14":"shipping-taxable","15":"purchasable","16":"product-type-simple"},"_links":{"self":[{"href":"https:\/\/www.arty-nails.org\/web_shop\/wp-json\/wp\/v2\/product\/10162","targetHints":{"allow":["GET"]}}],"collection":[{"href":"https:\/\/www.arty-nails.org\/web_shop\/wp-json\/wp\/v2\/product"}],"about":[{"href":"https:\/\/www.arty-nails.org\/web_shop\/wp-json\/wp\/v2\/types\/product"}],"replies":[{"embeddable":true,"href":"https:\/\/www.arty-nails.org\/web_shop\/wp-json\/wp\/v2\/comments?post=10162"}],"wp:featuredmedia":[{"embeddable":true,"href":"https:\/\/www.arty-nails.org\/web_shop\/wp-json\/wp\/v2\/media\/10161"}],"wp:attachment":[{"href":"https:\/\/www.arty-nails.org\/web_shop\/wp-json\/wp\/v2\/media?parent=10162"}],"wp:term":[{"taxonomy":"product_brand","embeddable":true,"href":"https:\/\/www.arty-nails.org\/web_shop\/wp-json\/wp\/v2\/product_brand?post=10162"},{"taxonomy":"product_cat","embeddable":true,"href":"https:\/\/www.arty-nails.org\/web_shop\/wp-json\/wp\/v2\/product_cat?post=10162"},{"taxonomy":"product_tag","embeddable":true,"href":"https:\/\/www.arty-nails.org\/web_shop\/wp-json\/wp\/v2\/product_tag?post=10162"}],"curies":[{"name":"wp","href":"https:\/\/api.w.org\/{rel}","templated":true}]}}