{"id":10210,"date":"2021-03-16T22:38:46","date_gmt":"2021-03-16T21:38:46","guid":{"rendered":"https:\/\/www.arty-nails.org\/web_shop\/product\/arty-nails-crystal-shine-top-coat-5-ml\/"},"modified":"2026-04-12T12:16:53","modified_gmt":"2026-04-12T10:16:53","slug":"arty-nails-crystal-shine-top-coat-5-ml","status":"publish","type":"product","link":"https:\/\/www.arty-nails.org\/web_shop\/proizvod\/arty-nails-crystal-shine-top-coat-5-ml\/","title":{"rendered":"ARTY NAILS CRYSTAL SHINE TOP COAT 5 ml  (Hema, Di-Hema, TPO free)"},"content":{"rendered":"<p>Crystal shine top coat \u2013 bez ljepljivog sloja \u2013 tanki je zavr\u0161ni sjaj iz na\u0161e ponude. Ovaj sjaj izrazito je dugotrajan i najva\u017enije od svega kristalno sjajan. Omogu\u0107ava dugotrajan sjaj i ne \u017euti na svijetlim bojama. Ne dobiva plavu boju na tamnim bojama. Njegova tanka viskoznost omogu\u0107ava savr\u0161eno laganu aplikaciju. Nema ljepljivi sloj.<\/p>\n<ul>\n<li data-mce-word-list=\"1\">tanka viskoznost<\/li>\n<li data-mce-word-list=\"1\">ne \u017euti<\/li>\n<li data-mce-word-list=\"1\">super sjaj preko \u010detiri tjedna<\/li>\n<li data-mce-word-list=\"1\">topiv<\/li>\n<li data-mce-word-list=\"1\">samoniveliraju\u0107i<\/li>\n<\/ul>\n","protected":false},"excerpt":{"rendered":"<p>Crystal shine top coat \u2013 bez ljepljivog sloja \u2013 tanki je zavr\u0161ni sjaj iz na\u0161e ponude. Ovaj sjaj izrazito je dugotrajan i najva\u017enije od svega kristalno sjajan. Omogu\u0107ava dugotrajan sjaj i ne \u017euti na svijetlim bojama. Ne dobiva plavu boju na tamnim bojama. Njegova tanka viskoznost omogu\u0107ava savr\u0161eno laganu aplikaciju. Nema ljepljivi sloj. tanka viskoznost [&hellip;]<\/p>\n","protected":false},"featured_media":23011,"comment_status":"closed","ping_status":"closed","template":"","meta":[],"product_brand":[55],"product_cat":[252,249],"product_tag":[],"class_list":{"0":"post-10210","1":"product","2":"type-product","3":"status-publish","4":"has-post-thumbnail","6":"product_brand-arty-nails","7":"product_cat-arty-nails-zavrsni-sjajevi","8":"product_cat-zavrsni-sjajevi-arty-nails","10":"first","11":"instock","12":"shipping-taxable","13":"purchasable","14":"product-type-simple"},"_links":{"self":[{"href":"https:\/\/www.arty-nails.org\/web_shop\/wp-json\/wp\/v2\/product\/10210","targetHints":{"allow":["GET"]}}],"collection":[{"href":"https:\/\/www.arty-nails.org\/web_shop\/wp-json\/wp\/v2\/product"}],"about":[{"href":"https:\/\/www.arty-nails.org\/web_shop\/wp-json\/wp\/v2\/types\/product"}],"replies":[{"embeddable":true,"href":"https:\/\/www.arty-nails.org\/web_shop\/wp-json\/wp\/v2\/comments?post=10210"}],"wp:featuredmedia":[{"embeddable":true,"href":"https:\/\/www.arty-nails.org\/web_shop\/wp-json\/wp\/v2\/media\/23011"}],"wp:attachment":[{"href":"https:\/\/www.arty-nails.org\/web_shop\/wp-json\/wp\/v2\/media?parent=10210"}],"wp:term":[{"taxonomy":"product_brand","embeddable":true,"href":"https:\/\/www.arty-nails.org\/web_shop\/wp-json\/wp\/v2\/product_brand?post=10210"},{"taxonomy":"product_cat","embeddable":true,"href":"https:\/\/www.arty-nails.org\/web_shop\/wp-json\/wp\/v2\/product_cat?post=10210"},{"taxonomy":"product_tag","embeddable":true,"href":"https:\/\/www.arty-nails.org\/web_shop\/wp-json\/wp\/v2\/product_tag?post=10210"}],"curies":[{"name":"wp","href":"https:\/\/api.w.org\/{rel}","templated":true}]}}