{"id":10220,"date":"2021-03-16T22:41:46","date_gmt":"2021-03-16T21:41:46","guid":{"rendered":"https:\/\/www.arty-nails.org\/web_shop\/product\/arty-nails-teddy-bear-matte-top-coat-5-ml\/"},"modified":"2026-02-02T09:29:01","modified_gmt":"2026-02-02T08:29:01","slug":"arty-nails-teddy-bear-matte-top-coat-5-ml","status":"publish","type":"product","link":"https:\/\/www.arty-nails.org\/web_shop\/proizvod\/arty-nails-teddy-bear-matte-top-coat-5-ml\/","title":{"rendered":"ARTY NAILS TEDDY BEAR MATTE TOP COAT 5 ml (Hema, Di-Hema, TPO free)"},"content":{"rendered":"<p>Nova formula zavr\u0161nog matt sjaja koji \u0107e ostati matt za sve vrijeme no\u0161enja noktiju. Ovaj zavr\u0161ni sjaj nema ljepljivi sloj.<\/p>\n<ul>\n<li data-mce-word-list=\"1\">nema ljepljivi sloj<\/li>\n<li data-mce-word-list=\"1\">tanke viskoznosti<\/li>\n<li data-mce-word-list=\"1\">ne \u017euti tijekom vremena na svijetlim tonovima<\/li>\n<li data-mce-word-list=\"1\">otporan na ogrebotine<\/li>\n<li data-mce-word-list=\"1\">topiva formula<\/li>\n<li>pogodan za sve tehnike koje zahtijevaju matt elemente<\/li>\n<\/ul>\n","protected":false},"excerpt":{"rendered":"<p>Nova formula zavr\u0161nog matt sjaja koji \u0107e ostati matt za sve vrijeme no\u0161enja noktiju. Ovaj zavr\u0161ni sjaj nema ljepljivi sloj. nema ljepljivi sloj tanke viskoznosti ne \u017euti tijekom vremena na svijetlim tonovima otporan na ogrebotine topiva formula pogodan za sve tehnike koje zahtijevaju matt elemente<\/p>\n","protected":false},"featured_media":23013,"comment_status":"closed","ping_status":"closed","template":"","meta":[],"product_brand":[55],"product_cat":[252,249],"product_tag":[],"class_list":{"0":"post-10220","1":"product","2":"type-product","3":"status-publish","4":"has-post-thumbnail","6":"product_brand-arty-nails","7":"product_cat-arty-nails-zavrsni-sjajevi","8":"product_cat-zavrsni-sjajevi-arty-nails","10":"first","11":"instock","12":"shipping-taxable","13":"purchasable","14":"product-type-simple"},"_links":{"self":[{"href":"https:\/\/www.arty-nails.org\/web_shop\/wp-json\/wp\/v2\/product\/10220","targetHints":{"allow":["GET"]}}],"collection":[{"href":"https:\/\/www.arty-nails.org\/web_shop\/wp-json\/wp\/v2\/product"}],"about":[{"href":"https:\/\/www.arty-nails.org\/web_shop\/wp-json\/wp\/v2\/types\/product"}],"replies":[{"embeddable":true,"href":"https:\/\/www.arty-nails.org\/web_shop\/wp-json\/wp\/v2\/comments?post=10220"}],"wp:featuredmedia":[{"embeddable":true,"href":"https:\/\/www.arty-nails.org\/web_shop\/wp-json\/wp\/v2\/media\/23013"}],"wp:attachment":[{"href":"https:\/\/www.arty-nails.org\/web_shop\/wp-json\/wp\/v2\/media?parent=10220"}],"wp:term":[{"taxonomy":"product_brand","embeddable":true,"href":"https:\/\/www.arty-nails.org\/web_shop\/wp-json\/wp\/v2\/product_brand?post=10220"},{"taxonomy":"product_cat","embeddable":true,"href":"https:\/\/www.arty-nails.org\/web_shop\/wp-json\/wp\/v2\/product_cat?post=10220"},{"taxonomy":"product_tag","embeddable":true,"href":"https:\/\/www.arty-nails.org\/web_shop\/wp-json\/wp\/v2\/product_tag?post=10220"}],"curies":[{"name":"wp","href":"https:\/\/api.w.org\/{rel}","templated":true}]}}