{"id":10395,"date":"2021-05-01T14:25:15","date_gmt":"2021-05-01T12:25:15","guid":{"rendered":"https:\/\/www.arty-nails.org\/web_shop\/product\/arty-nails-trajni-lak-26-night-ruby-5-ml\/"},"modified":"2026-02-02T09:30:34","modified_gmt":"2026-02-02T08:30:34","slug":"arty-nails-trajni-lak-26-night-ruby-5-ml","status":"publish","type":"product","link":"https:\/\/www.arty-nails.org\/web_shop\/proizvod\/arty-nails-trajni-lak-26-night-ruby-5-ml\/","title":{"rendered":"ARTY NAILS TRAJNI LAK 26. NIGHT RUBY 5 ml (Hema, Di-Hema, TPO free)"},"content":{"rendered":"<p>Za\u0161to za rad odabrati na\u0161u novu predivnu formulu trajnih lakova? Prije svega velikim trudom za vas smo kreirali jedinstvenu kremastu teksturu kojom vam jam\u010dimo super pigmentiranu aplikaciju trajnog laka. Ono \u0161to bismo \u017eeljeli istaknuti je da se na\u0161a formula boja ne salijeva u zanoktice \u0161to svaki nail tehni\u010dar itekako zna da je jako bitno.<\/p>\n<ul>\n<li data-mce-word-list=\"1\">boje se mogu nanositi jako blizu zanoktica<\/li>\n<li data-mce-word-list=\"1\">boje se ne\u0107e razlijevati u zanoktici niti lateralne strane nokta<\/li>\n<li data-mce-word-list=\"1\">dovoljan je jedan sloj<\/li>\n<li data-mce-word-list=\"1\">samoniveliraju\u0107e su<\/li>\n<li data-mce-word-list=\"1\">ekstremno lake za rad<\/li>\n<li data-mce-word-list=\"1\">topiva formula<\/li>\n<li>bez mirisa<\/li>\n<\/ul>\n","protected":false},"excerpt":{"rendered":"<p>Za\u0161to za rad odabrati na\u0161u novu predivnu formulu trajnih lakova? Prije svega velikim trudom za vas smo kreirali jedinstvenu kremastu teksturu kojom vam jam\u010dimo super pigmentiranu aplikaciju trajnog laka. Ono \u0161to bismo \u017eeljeli istaknuti je da se na\u0161a formula boja ne salijeva u zanoktice \u0161to svaki nail tehni\u010dar itekako zna da je jako bitno. boje [&hellip;]<\/p>\n","protected":false},"featured_media":10391,"comment_status":"closed","ping_status":"closed","template":"","meta":[],"product_brand":[55],"product_cat":[208,206],"product_tag":[],"class_list":{"0":"post-10395","1":"product","2":"type-product","3":"status-publish","4":"has-post-thumbnail","6":"product_brand-arty-nails","7":"product_cat-arty-nails-trajni-lakovi-boje","8":"product_cat-trajni-lakovi-arty-nails-boje","10":"first","11":"instock","12":"shipping-taxable","13":"purchasable","14":"product-type-simple"},"_links":{"self":[{"href":"https:\/\/www.arty-nails.org\/web_shop\/wp-json\/wp\/v2\/product\/10395","targetHints":{"allow":["GET"]}}],"collection":[{"href":"https:\/\/www.arty-nails.org\/web_shop\/wp-json\/wp\/v2\/product"}],"about":[{"href":"https:\/\/www.arty-nails.org\/web_shop\/wp-json\/wp\/v2\/types\/product"}],"replies":[{"embeddable":true,"href":"https:\/\/www.arty-nails.org\/web_shop\/wp-json\/wp\/v2\/comments?post=10395"}],"wp:featuredmedia":[{"embeddable":true,"href":"https:\/\/www.arty-nails.org\/web_shop\/wp-json\/wp\/v2\/media\/10391"}],"wp:attachment":[{"href":"https:\/\/www.arty-nails.org\/web_shop\/wp-json\/wp\/v2\/media?parent=10395"}],"wp:term":[{"taxonomy":"product_brand","embeddable":true,"href":"https:\/\/www.arty-nails.org\/web_shop\/wp-json\/wp\/v2\/product_brand?post=10395"},{"taxonomy":"product_cat","embeddable":true,"href":"https:\/\/www.arty-nails.org\/web_shop\/wp-json\/wp\/v2\/product_cat?post=10395"},{"taxonomy":"product_tag","embeddable":true,"href":"https:\/\/www.arty-nails.org\/web_shop\/wp-json\/wp\/v2\/product_tag?post=10395"}],"curies":[{"name":"wp","href":"https:\/\/api.w.org\/{rel}","templated":true}]}}