{"id":10415,"date":"2021-05-12T21:05:23","date_gmt":"2021-05-12T19:05:23","guid":{"rendered":"https:\/\/www.arty-nails.org\/web_shop\/product\/arty-nails-trajni-lak-28-futurism-5-ml\/"},"modified":"2026-02-02T09:30:34","modified_gmt":"2026-02-02T08:30:34","slug":"arty-nails-trajni-lak-28-futurism-5-ml","status":"publish","type":"product","link":"https:\/\/www.arty-nails.org\/web_shop\/proizvod\/arty-nails-trajni-lak-28-futurism-5-ml\/","title":{"rendered":"ARTY NAILS TRAJNI LAK 28. FUTURISM 5 ml cat eye (Hema, Di-Hema, TPO free)"},"content":{"rendered":"<p>Ovo je najnovija formula na tr\u017ei\u0161tu posebnih 10D glamuroznih boja. Osim \u0161to kao i sve ostale na\u0161e boje sadr\u017ee najdragocjenije pigmente i pokrivaju u jednom sloju, boje Fantasy kolekcije imaju i predivan i nevjerojatan 10D efekt. Sve boje najve\u0107u dubinu dobivaju na dnevnom svjetlu, a posebice na suncu gdje se igra pigmenata i glittera \u010dini beskona\u010dnom!<\/p>\n<p>Za\u0161to za rad odabrati na\u0161u novu predivnu formulu trajnih lakova? Prije svega velikim trudom za vas smo kreirali jedinstvenu kremastu teksturu kojom vam jam\u010dimo super pigmentiranu aplikaciju trajnog laka. Ono \u0161to bismo \u017eeljeli istaknuti je da se na\u0161a formula boja ne salijeva u zanoktice \u0161to svaki nail tehni\u010dar itekako zna da je jako bitno.<\/p>\n<ul>\n<li data-mce-word-list=\"1\">boje se mogu nanositi jako blizu zanoktica<\/li>\n<li data-mce-word-list=\"1\">boje se ne\u0107e razlijevati u zanoktici niti lateralne strane nokta<\/li>\n<li data-mce-word-list=\"1\">dovoljan je jedan sloj<\/li>\n<li data-mce-word-list=\"1\">samoniveliraju\u0107e su<\/li>\n<li data-mce-word-list=\"1\">ekstremno lake za rad<\/li>\n<li data-mce-word-list=\"1\">topiva formula<\/li>\n<li>bez mirisa<\/li>\n<\/ul>\n","protected":false},"excerpt":{"rendered":"<p>Ovo je najnovija formula na tr\u017ei\u0161tu posebnih 10D glamuroznih boja. Osim \u0161to kao i sve ostale na\u0161e boje sadr\u017ee najdragocjenije pigmente i pokrivaju u jednom sloju, boje Fantasy kolekcije imaju i predivan i nevjerojatan 10D efekt. Sve boje najve\u0107u dubinu dobivaju na dnevnom svjetlu, a posebice na suncu gdje se igra pigmenata i glittera \u010dini [&hellip;]<\/p>\n","protected":false},"featured_media":10412,"comment_status":"closed","ping_status":"closed","template":"","meta":[],"product_brand":[55],"product_cat":[208,206],"product_tag":[],"class_list":{"0":"post-10415","1":"product","2":"type-product","3":"status-publish","4":"has-post-thumbnail","6":"product_brand-arty-nails","7":"product_cat-arty-nails-trajni-lakovi-boje","8":"product_cat-trajni-lakovi-arty-nails-boje","10":"first","11":"instock","12":"shipping-taxable","13":"purchasable","14":"product-type-simple"},"_links":{"self":[{"href":"https:\/\/www.arty-nails.org\/web_shop\/wp-json\/wp\/v2\/product\/10415","targetHints":{"allow":["GET"]}}],"collection":[{"href":"https:\/\/www.arty-nails.org\/web_shop\/wp-json\/wp\/v2\/product"}],"about":[{"href":"https:\/\/www.arty-nails.org\/web_shop\/wp-json\/wp\/v2\/types\/product"}],"replies":[{"embeddable":true,"href":"https:\/\/www.arty-nails.org\/web_shop\/wp-json\/wp\/v2\/comments?post=10415"}],"wp:featuredmedia":[{"embeddable":true,"href":"https:\/\/www.arty-nails.org\/web_shop\/wp-json\/wp\/v2\/media\/10412"}],"wp:attachment":[{"href":"https:\/\/www.arty-nails.org\/web_shop\/wp-json\/wp\/v2\/media?parent=10415"}],"wp:term":[{"taxonomy":"product_brand","embeddable":true,"href":"https:\/\/www.arty-nails.org\/web_shop\/wp-json\/wp\/v2\/product_brand?post=10415"},{"taxonomy":"product_cat","embeddable":true,"href":"https:\/\/www.arty-nails.org\/web_shop\/wp-json\/wp\/v2\/product_cat?post=10415"},{"taxonomy":"product_tag","embeddable":true,"href":"https:\/\/www.arty-nails.org\/web_shop\/wp-json\/wp\/v2\/product_tag?post=10415"}],"curies":[{"name":"wp","href":"https:\/\/api.w.org\/{rel}","templated":true}]}}