{"id":10515,"date":"2021-06-13T21:40:08","date_gmt":"2021-06-13T19:40:08","guid":{"rendered":"https:\/\/www.arty-nails.org\/web_shop\/product\/alat-za-pedikuru-expert-20-1\/"},"modified":"2026-02-02T10:15:10","modified_gmt":"2026-02-02T09:15:10","slug":"alat-za-pedikuru-expert-20-1","status":"publish","type":"product","link":"https:\/\/www.arty-nails.org\/web_shop\/proizvod\/alat-za-pedikuru-expert-20-1\/","title":{"rendered":"ALAT ZA PEDIKURU EXPERT 20\/1"},"content":{"rendered":"<p>Profesionalni dvostrani alat za pedikuru od nehr\u0111aju\u0107eg \u010delika, pogodan za dezinfekciju i sterilizaciju.<\/p>\n<p>Glavne zna\u010dajke:<\/p>\n<ul>\n<li>hemisferna kireta na jednoj i \u0161iljasti dio za \u010di\u0161\u0107enje noktiju na drugoj strani<\/li>\n<li>za djelomi\u010dno uklanjanje suhih kalusa i rad s uraslim noktima<\/li>\n<li>zaobljena hemisfera ne o\u0161te\u0107uje plo\u010du nokta i ko\u017eu<\/li>\n<li>\u0161iljasti dio za \u010di\u0161\u0107enje noktiju ima zakrivljeni oblik za savr\u0161eni rad<\/li>\n<li>preporu\u010duje se za pedikuru<\/li>\n<li>neklizaju\u0107a dr\u0161ka za \u010dvrsto dr\u017eanje alata prilikom rada<\/li>\n<li>dodatna otpornost na koroziju zbog poliranja GOI pastom za bru\u0161enje<\/li>\n<li>AISI 420 nehr\u0111aju\u0107i \u010delik<\/li>\n<\/ul>\n","protected":false},"excerpt":{"rendered":"<p>Profesionalni dvostrani alat za pedikuru od nehr\u0111aju\u0107eg \u010delika, pogodan za dezinfekciju i sterilizaciju. Glavne zna\u010dajke: hemisferna kireta na jednoj i \u0161iljasti dio za \u010di\u0161\u0107enje noktiju na drugoj strani za djelomi\u010dno uklanjanje suhih kalusa i rad s uraslim noktima zaobljena hemisfera ne o\u0161te\u0107uje plo\u010du nokta i ko\u017eu \u0161iljasti dio za \u010di\u0161\u0107enje noktiju ima zakrivljeni oblik za [&hellip;]<\/p>\n","protected":false},"featured_media":10512,"comment_status":"closed","ping_status":"closed","template":"","meta":[],"product_brand":[],"product_cat":[121,124],"product_tag":[],"class_list":{"0":"post-10515","1":"product","2":"type-product","3":"status-publish","4":"has-post-thumbnail","6":"product_cat-pribor-za-nokte","7":"product_cat-pribor-za-pedikuru","9":"first","10":"instock","11":"shipping-taxable","12":"purchasable","13":"product-type-simple"},"_links":{"self":[{"href":"https:\/\/www.arty-nails.org\/web_shop\/wp-json\/wp\/v2\/product\/10515","targetHints":{"allow":["GET"]}}],"collection":[{"href":"https:\/\/www.arty-nails.org\/web_shop\/wp-json\/wp\/v2\/product"}],"about":[{"href":"https:\/\/www.arty-nails.org\/web_shop\/wp-json\/wp\/v2\/types\/product"}],"replies":[{"embeddable":true,"href":"https:\/\/www.arty-nails.org\/web_shop\/wp-json\/wp\/v2\/comments?post=10515"}],"wp:featuredmedia":[{"embeddable":true,"href":"https:\/\/www.arty-nails.org\/web_shop\/wp-json\/wp\/v2\/media\/10512"}],"wp:attachment":[{"href":"https:\/\/www.arty-nails.org\/web_shop\/wp-json\/wp\/v2\/media?parent=10515"}],"wp:term":[{"taxonomy":"product_brand","embeddable":true,"href":"https:\/\/www.arty-nails.org\/web_shop\/wp-json\/wp\/v2\/product_brand?post=10515"},{"taxonomy":"product_cat","embeddable":true,"href":"https:\/\/www.arty-nails.org\/web_shop\/wp-json\/wp\/v2\/product_cat?post=10515"},{"taxonomy":"product_tag","embeddable":true,"href":"https:\/\/www.arty-nails.org\/web_shop\/wp-json\/wp\/v2\/product_tag?post=10515"}],"curies":[{"name":"wp","href":"https:\/\/api.w.org\/{rel}","templated":true}]}}