{"id":10559,"date":"2021-06-16T21:54:48","date_gmt":"2021-06-16T19:54:48","guid":{"rendered":"https:\/\/www.arty-nails.org\/web_shop\/product\/arty-nails-hologramske-forme-sablone-za-nokte-kratke-500-kom\/"},"modified":"2026-02-02T10:08:15","modified_gmt":"2026-02-02T09:08:15","slug":"arty-nails-hologramske-forme-sablone-za-nokte-kratke-500-kom","status":"publish","type":"product","link":"https:\/\/www.arty-nails.org\/web_shop\/proizvod\/arty-nails-hologramske-forme-sablone-za-nokte-kratke-500-kom\/","title":{"rendered":"ARTY NAILS HOLOGRAMSKE FORME\/\u0160ABLONE ZA NOKTE KRATKE 500 kom"},"content":{"rendered":"<p>Profesionalne \u0161ablone za nokte uz pomo\u0107 kojih \u0107ete lako i jednostavno produ\u017eiti i najzahtjevniju plo\u010du nokta.<\/p>\n<p>Izra\u0111ene su od \u010dvrstog papira\u00a0s jakim ljepilom tako da se tijekom rada ne\u0107e ni savijati ni odljepljivati.<\/p>\n<p>\u0160ablone su posebno dizajnirane s malim &#8220;u\u0161ima&#8221; koje su ve\u0107 izrezane, tako da je jednostavno prilagoditi \u0161ablonu po noktu, \u0161to \u0107e svakako olak\u0161ati va\u0161 rad. Tzv. &#8220;u\u0161i&#8221; omogu\u0107avaju jednostavno postavljanje \u0161ablone, posebice kod prstiju koji su ne\u0161to \u0161iri, \u010dime \u0107ete dobiti savr\u0161enu formu nokta bez pinchanja, stezanja itd.<\/p>\n<p>Namijenjene su kako za profesionalce, tako i za po\u010detnike, a posebice su savr\u0161ene za salonski rad.<\/p>\n","protected":false},"excerpt":{"rendered":"<p>Profesionalne \u0161ablone za nokte uz pomo\u0107 kojih \u0107ete lako i jednostavno produ\u017eiti i najzahtjevniju plo\u010du nokta. Izra\u0111ene su od \u010dvrstog papira\u00a0s jakim ljepilom tako da se tijekom rada ne\u0107e ni savijati ni odljepljivati. \u0160ablone su posebno dizajnirane s malim &#8220;u\u0161ima&#8221; koje su ve\u0107 izrezane, tako da je jednostavno prilagoditi \u0161ablonu po noktu, \u0161to \u0107e svakako [&hellip;]<\/p>\n","protected":false},"featured_media":38925,"comment_status":"closed","ping_status":"closed","template":"","meta":[],"product_brand":[55],"product_cat":[151,122],"product_tag":[],"class_list":{"0":"post-10559","1":"product","2":"type-product","3":"status-publish","4":"has-post-thumbnail","6":"product_brand-arty-nails","7":"product_cat-arty-nails-sablone","8":"product_cat-sablone","10":"first","11":"instock","12":"shipping-taxable","13":"purchasable","14":"product-type-simple"},"_links":{"self":[{"href":"https:\/\/www.arty-nails.org\/web_shop\/wp-json\/wp\/v2\/product\/10559","targetHints":{"allow":["GET"]}}],"collection":[{"href":"https:\/\/www.arty-nails.org\/web_shop\/wp-json\/wp\/v2\/product"}],"about":[{"href":"https:\/\/www.arty-nails.org\/web_shop\/wp-json\/wp\/v2\/types\/product"}],"replies":[{"embeddable":true,"href":"https:\/\/www.arty-nails.org\/web_shop\/wp-json\/wp\/v2\/comments?post=10559"}],"wp:featuredmedia":[{"embeddable":true,"href":"https:\/\/www.arty-nails.org\/web_shop\/wp-json\/wp\/v2\/media\/38925"}],"wp:attachment":[{"href":"https:\/\/www.arty-nails.org\/web_shop\/wp-json\/wp\/v2\/media?parent=10559"}],"wp:term":[{"taxonomy":"product_brand","embeddable":true,"href":"https:\/\/www.arty-nails.org\/web_shop\/wp-json\/wp\/v2\/product_brand?post=10559"},{"taxonomy":"product_cat","embeddable":true,"href":"https:\/\/www.arty-nails.org\/web_shop\/wp-json\/wp\/v2\/product_cat?post=10559"},{"taxonomy":"product_tag","embeddable":true,"href":"https:\/\/www.arty-nails.org\/web_shop\/wp-json\/wp\/v2\/product_tag?post=10559"}],"curies":[{"name":"wp","href":"https:\/\/api.w.org\/{rel}","templated":true}]}}