{"id":10626,"date":"2021-07-05T00:16:02","date_gmt":"2021-07-04T22:16:02","guid":{"rendered":"https:\/\/www.arty-nails.org\/web_shop\/product\/arty-nails-toxic-kolekcija-trajnih-lakova\/"},"modified":"2025-08-10T12:51:34","modified_gmt":"2025-08-10T10:51:34","slug":"arty-nails-toxic-kolekcija-trajnih-lakova","status":"publish","type":"product","link":"https:\/\/www.arty-nails.org\/web_shop\/proizvod\/arty-nails-toxic-kolekcija-trajnih-lakova\/","title":{"rendered":"ARTY NAILS TOXIC KOLEKCIJA TRAJNIH LAKOVA"},"content":{"rendered":"<p>You said Toxic? Arty Nails pripremio vam je ovaj put ne\u0161to vrlo opasno!<\/p>\n<p>Ubojito dobra Toxic kolekcija trajnih lakova upravo je stigla i sve nas zabljesnula! Pet novih reflektiraju\u0107ih boja s glitterima privu\u0107i \u0107e sve poglede i o\u010darati poput otrova.<\/p>\n<p>Ove posebne boje imaju sve kvalitete kao i ostali Arty Nails trajni lakovi, a uz dodatak glitter \u010destica daju jednu novu ekstra dimenziju koja posebno dolazi do izra\u017eaja pod svjetlom. Idealne su za ljeto, ali i za sve ostale sezone i posebne prilike ili kada samo \u017eelite malo sjaja i glamura na va\u0161im noktima.<\/p>\n<p>Pet novih toksi\u010dno reflektiraju\u0107ih boja su:<\/p>\n<ul>\n<li>039 Crazy B&#8230;<\/li>\n<li>040 Be Right Back<\/li>\n<li>041 Disco Queen<\/li>\n<li>042 Bossy<\/li>\n<li>043 Current Mood<\/li>\n<\/ul>\n<p>Bilo da ih nosite na svim noktima ili samo na nekima kao akcent, sigurno ne\u0107e pro\u0107i nezapa\u017eeno. Be crazy, be bossy, be toxic!<\/p>\n","protected":false},"excerpt":{"rendered":"<p>You said Toxic? Arty Nails pripremio vam je ovaj put ne\u0161to vrlo opasno! Ubojito dobra Toxic kolekcija trajnih lakova upravo je stigla i sve nas zabljesnula! Pet novih reflektiraju\u0107ih boja s glitterima privu\u0107i \u0107e sve poglede i o\u010darati poput otrova. Ove posebne boje imaju sve kvalitete kao i ostali Arty Nails trajni lakovi, a uz [&hellip;]<\/p>\n","protected":false},"featured_media":10625,"comment_status":"closed","ping_status":"closed","template":"","meta":[],"product_brand":[55],"product_cat":[215,214],"product_tag":[],"class_list":{"0":"post-10626","1":"product","2":"type-product","3":"status-publish","4":"has-post-thumbnail","6":"product_brand-arty-nails","7":"product_cat-arty-nails-setovi-i-kolekcije-trajnih-lakova","8":"product_cat-setovi-i-kolekcije-trajnih-lakova-arty-nails","10":"first","11":"instock","12":"shipping-taxable","13":"purchasable","14":"product-type-simple"},"_links":{"self":[{"href":"https:\/\/www.arty-nails.org\/web_shop\/wp-json\/wp\/v2\/product\/10626","targetHints":{"allow":["GET"]}}],"collection":[{"href":"https:\/\/www.arty-nails.org\/web_shop\/wp-json\/wp\/v2\/product"}],"about":[{"href":"https:\/\/www.arty-nails.org\/web_shop\/wp-json\/wp\/v2\/types\/product"}],"replies":[{"embeddable":true,"href":"https:\/\/www.arty-nails.org\/web_shop\/wp-json\/wp\/v2\/comments?post=10626"}],"wp:featuredmedia":[{"embeddable":true,"href":"https:\/\/www.arty-nails.org\/web_shop\/wp-json\/wp\/v2\/media\/10625"}],"wp:attachment":[{"href":"https:\/\/www.arty-nails.org\/web_shop\/wp-json\/wp\/v2\/media?parent=10626"}],"wp:term":[{"taxonomy":"product_brand","embeddable":true,"href":"https:\/\/www.arty-nails.org\/web_shop\/wp-json\/wp\/v2\/product_brand?post=10626"},{"taxonomy":"product_cat","embeddable":true,"href":"https:\/\/www.arty-nails.org\/web_shop\/wp-json\/wp\/v2\/product_cat?post=10626"},{"taxonomy":"product_tag","embeddable":true,"href":"https:\/\/www.arty-nails.org\/web_shop\/wp-json\/wp\/v2\/product_tag?post=10626"}],"curies":[{"name":"wp","href":"https:\/\/api.w.org\/{rel}","templated":true}]}}