{"id":10630,"date":"2020-07-08T15:57:15","date_gmt":"2020-07-08T13:57:15","guid":{"rendered":"https:\/\/www.arty-nails.org\/web_shop\/product\/zamjenski-abrazivi-za-metalnu-turpiju-180-grita-30-kom\/"},"modified":"2026-02-02T10:05:24","modified_gmt":"2026-02-02T09:05:24","slug":"zamjenski-abrazivi-za-metalnu-turpiju-180-grita-30-kom","status":"publish","type":"product","link":"https:\/\/www.arty-nails.org\/web_shop\/proizvod\/zamjenski-abrazivi-za-metalnu-turpiju-180-grita-30-kom\/","title":{"rendered":"ZAMJENSKI ABRAZIVI ZA METALNU TURPIJU 180 GRITA 30 kom"},"content":{"rendered":"<p><span lang=\"PL\">Zamjenski abrazivi za metalnu turpiju granulacije 180 grita u samostalnom pakiranju od 30 komada.<\/span><\/p>\n<p>Glavne zna\u010dajke:<\/p>\n<ul>\n<li>visokokvalitetan abraziv<\/li>\n<li>odli\u010dno prianjanje na metalnu bazu<\/li>\n<li>ne pove\u0107ava volumen u kontaktu s vodom<\/li>\n<li>mineralni abrazivni materijal silicijev karbid<\/li>\n<\/ul>\n","protected":false},"excerpt":{"rendered":"<p>Zamjenski abrazivi za metalnu turpiju granulacije 180 grita u samostalnom pakiranju od 30 komada. Glavne zna\u010dajke: visokokvalitetan abraziv odli\u010dno prianjanje na metalnu bazu ne pove\u0107ava volumen u kontaktu s vodom mineralni abrazivni materijal silicijev karbid<\/p>\n","protected":false},"featured_media":10627,"comment_status":"closed","ping_status":"closed","template":"","meta":[],"product_brand":[],"product_cat":[124,197],"product_tag":[],"class_list":{"0":"post-10630","1":"product","2":"type-product","3":"status-publish","4":"has-post-thumbnail","6":"product_cat-pribor-za-pedikuru","7":"product_cat-turpije-za-pedikuru","9":"first","10":"instock","11":"shipping-taxable","12":"purchasable","13":"product-type-simple"},"_links":{"self":[{"href":"https:\/\/www.arty-nails.org\/web_shop\/wp-json\/wp\/v2\/product\/10630","targetHints":{"allow":["GET"]}}],"collection":[{"href":"https:\/\/www.arty-nails.org\/web_shop\/wp-json\/wp\/v2\/product"}],"about":[{"href":"https:\/\/www.arty-nails.org\/web_shop\/wp-json\/wp\/v2\/types\/product"}],"replies":[{"embeddable":true,"href":"https:\/\/www.arty-nails.org\/web_shop\/wp-json\/wp\/v2\/comments?post=10630"}],"wp:featuredmedia":[{"embeddable":true,"href":"https:\/\/www.arty-nails.org\/web_shop\/wp-json\/wp\/v2\/media\/10627"}],"wp:attachment":[{"href":"https:\/\/www.arty-nails.org\/web_shop\/wp-json\/wp\/v2\/media?parent=10630"}],"wp:term":[{"taxonomy":"product_brand","embeddable":true,"href":"https:\/\/www.arty-nails.org\/web_shop\/wp-json\/wp\/v2\/product_brand?post=10630"},{"taxonomy":"product_cat","embeddable":true,"href":"https:\/\/www.arty-nails.org\/web_shop\/wp-json\/wp\/v2\/product_cat?post=10630"},{"taxonomy":"product_tag","embeddable":true,"href":"https:\/\/www.arty-nails.org\/web_shop\/wp-json\/wp\/v2\/product_tag?post=10630"}],"curies":[{"name":"wp","href":"https:\/\/api.w.org\/{rel}","templated":true}]}}