{"id":10643,"date":"2020-07-08T16:10:08","date_gmt":"2020-07-08T14:10:08","guid":{"rendered":"https:\/\/www.arty-nails.org\/web_shop\/product\/metalna-turpija-za-stopala-baza\/"},"modified":"2026-02-02T10:05:24","modified_gmt":"2026-02-02T09:05:24","slug":"metalna-turpija-za-stopala-baza","status":"publish","type":"product","link":"https:\/\/www.arty-nails.org\/web_shop\/proizvod\/metalna-turpija-za-stopala-baza\/","title":{"rendered":"METALNA TURPIJA ZA STOPALA (BAZA)"},"content":{"rendered":"<p>Profesionalna metalna baza za turpiju na koju se stavljaju zamjenski abrazivi potrebne granulacije.<\/p>\n<p>Glavne zna\u010dajke:<\/p>\n<ul>\n<li>pogodna za sterilizaciju u autoklavu ili sterilizatoru na vru\u0107i zrak<\/li>\n<li>pogodna za dezinfekciju raznim proizvodima<\/li>\n<li>sigurna za pedikuru, minimaliziran rizik od infekcije<\/li>\n<li>kompatibilna s razli\u010ditim vrstama abraziva<\/li>\n<li>glatka sjajna povr\u0161ina<\/li>\n<li>udobna ergonomska ru\u010dka<\/li>\n<li>visokokvalitetan nehr\u0111aju\u0107i \u010delik<\/li>\n<\/ul>\n<p>Zamjenski abrazivi granulacije 80, 100 i 180 grita dostupni su u samostalnim pakiranjima od 30 komada.<\/p>\n","protected":false},"excerpt":{"rendered":"<p>Profesionalna metalna baza za turpiju na koju se stavljaju zamjenski abrazivi potrebne granulacije. Glavne zna\u010dajke: pogodna za sterilizaciju u autoklavu ili sterilizatoru na vru\u0107i zrak pogodna za dezinfekciju raznim proizvodima sigurna za pedikuru, minimaliziran rizik od infekcije kompatibilna s razli\u010ditim vrstama abraziva glatka sjajna povr\u0161ina udobna ergonomska ru\u010dka visokokvalitetan nehr\u0111aju\u0107i \u010delik Zamjenski abrazivi granulacije 80, [&hellip;]<\/p>\n","protected":false},"featured_media":10639,"comment_status":"closed","ping_status":"closed","template":"","meta":[],"product_brand":[],"product_cat":[124,197],"product_tag":[],"class_list":{"0":"post-10643","1":"product","2":"type-product","3":"status-publish","4":"has-post-thumbnail","6":"product_cat-pribor-za-pedikuru","7":"product_cat-turpije-za-pedikuru","9":"first","10":"instock","11":"shipping-taxable","12":"purchasable","13":"product-type-simple"},"_links":{"self":[{"href":"https:\/\/www.arty-nails.org\/web_shop\/wp-json\/wp\/v2\/product\/10643","targetHints":{"allow":["GET"]}}],"collection":[{"href":"https:\/\/www.arty-nails.org\/web_shop\/wp-json\/wp\/v2\/product"}],"about":[{"href":"https:\/\/www.arty-nails.org\/web_shop\/wp-json\/wp\/v2\/types\/product"}],"replies":[{"embeddable":true,"href":"https:\/\/www.arty-nails.org\/web_shop\/wp-json\/wp\/v2\/comments?post=10643"}],"wp:featuredmedia":[{"embeddable":true,"href":"https:\/\/www.arty-nails.org\/web_shop\/wp-json\/wp\/v2\/media\/10639"}],"wp:attachment":[{"href":"https:\/\/www.arty-nails.org\/web_shop\/wp-json\/wp\/v2\/media?parent=10643"}],"wp:term":[{"taxonomy":"product_brand","embeddable":true,"href":"https:\/\/www.arty-nails.org\/web_shop\/wp-json\/wp\/v2\/product_brand?post=10643"},{"taxonomy":"product_cat","embeddable":true,"href":"https:\/\/www.arty-nails.org\/web_shop\/wp-json\/wp\/v2\/product_cat?post=10643"},{"taxonomy":"product_tag","embeddable":true,"href":"https:\/\/www.arty-nails.org\/web_shop\/wp-json\/wp\/v2\/product_tag?post=10643"}],"curies":[{"name":"wp","href":"https:\/\/api.w.org\/{rel}","templated":true}]}}