{"id":10664,"date":"2021-07-08T17:01:41","date_gmt":"2021-07-08T15:01:41","guid":{"rendered":"https:\/\/www.arty-nails.org\/web_shop\/product\/zamjenske-polirne-spuzve-za-pododisc-s-25-kom\/"},"modified":"2026-02-02T10:20:15","modified_gmt":"2026-02-02T09:20:15","slug":"zamjenske-polirne-spuzve-za-pododisc-s-25-kom","status":"publish","type":"product","link":"https:\/\/www.arty-nails.org\/web_shop\/proizvod\/zamjenske-polirne-spuzve-za-pododisc-s-25-kom\/","title":{"rendered":"ZAMJENSKE POLIRNE SPU\u017dVE ZA PODODISC S 25 kom"},"content":{"rendered":"<p><span class=\"Y2IQFc\" lang=\"hr\">KLJU\u010cNE ZNA\u010cAJKE <\/span><\/p>\n<p><span class=\"Y2IQFc\" lang=\"hr\">Spu\u017eve turpije<\/span><\/p>\n<p><span class=\"Y2IQFc\" lang=\"hr\"> \u2013 savr\u0161eno polira povr\u0161inu stopala, brusi male pukotine, \u0161to vam omogu\u0107uje da zadr\u017eite u\u010dinak glatkih stopala mnogo du\u017ee<\/span><\/p>\n<p><span class=\"Y2IQFc\" lang=\"hr\"> &#8211; Visokokvalitetni abraziv ima meku, izdr\u017eljivu strukturu;<br \/>\n&#8211; prethodna obrada stopala uljima ili drugim sredstvima ne utje\u010de na svojstva turpije<\/span><\/p>\n<p><span class=\"Y2IQFc\" lang=\"hr\"> &#8211; Gusta pjenasta baza sprje\u010dava pregrijavanje tretiranog podru\u010dja, stvara u\u010dinak apsorpcije udara<\/span><\/p>\n<p><span class=\"Y2IQFc\" lang=\"hr\"> &#8211; Pouzdana ljepljiva baza jam\u010di sna\u017enu fiksaciju datoteke i osigurava sigurnost postupka <\/span><\/p>\n<p><span class=\"Y2IQFc\" lang=\"hr\">&#8211; 25 komada turpija za jednokratnu upotrebu u pakiranju<\/span><\/p>\n","protected":false},"excerpt":{"rendered":"<p>KLJU\u010cNE ZNA\u010cAJKE Spu\u017eve turpije \u2013 savr\u0161eno polira povr\u0161inu stopala, brusi male pukotine, \u0161to vam omogu\u0107uje da zadr\u017eite u\u010dinak glatkih stopala mnogo du\u017ee &#8211; Visokokvalitetni abraziv ima meku, izdr\u017eljivu strukturu; &#8211; prethodna obrada stopala uljima ili drugim sredstvima ne utje\u010de na svojstva turpije &#8211; Gusta pjenasta baza sprje\u010dava pregrijavanje tretiranog podru\u010dja, stvara u\u010dinak apsorpcije udara &#8211; [&hellip;]<\/p>\n","protected":false},"featured_media":10662,"comment_status":"closed","ping_status":"closed","template":"","meta":[],"product_brand":[],"product_cat":[217,216],"product_tag":[],"class_list":{"0":"post-10664","1":"product","2":"type-product","3":"status-publish","4":"has-post-thumbnail","6":"product_cat-pododisc","7":"product_cat-pododisc-nastavci","9":"first","10":"instock","11":"shipping-taxable","12":"purchasable","13":"product-type-simple"},"_links":{"self":[{"href":"https:\/\/www.arty-nails.org\/web_shop\/wp-json\/wp\/v2\/product\/10664","targetHints":{"allow":["GET"]}}],"collection":[{"href":"https:\/\/www.arty-nails.org\/web_shop\/wp-json\/wp\/v2\/product"}],"about":[{"href":"https:\/\/www.arty-nails.org\/web_shop\/wp-json\/wp\/v2\/types\/product"}],"replies":[{"embeddable":true,"href":"https:\/\/www.arty-nails.org\/web_shop\/wp-json\/wp\/v2\/comments?post=10664"}],"wp:featuredmedia":[{"embeddable":true,"href":"https:\/\/www.arty-nails.org\/web_shop\/wp-json\/wp\/v2\/media\/10662"}],"wp:attachment":[{"href":"https:\/\/www.arty-nails.org\/web_shop\/wp-json\/wp\/v2\/media?parent=10664"}],"wp:term":[{"taxonomy":"product_brand","embeddable":true,"href":"https:\/\/www.arty-nails.org\/web_shop\/wp-json\/wp\/v2\/product_brand?post=10664"},{"taxonomy":"product_cat","embeddable":true,"href":"https:\/\/www.arty-nails.org\/web_shop\/wp-json\/wp\/v2\/product_cat?post=10664"},{"taxonomy":"product_tag","embeddable":true,"href":"https:\/\/www.arty-nails.org\/web_shop\/wp-json\/wp\/v2\/product_tag?post=10664"}],"curies":[{"name":"wp","href":"https:\/\/api.w.org\/{rel}","templated":true}]}}