{"id":10687,"date":"2021-07-12T14:11:50","date_gmt":"2021-07-12T12:11:50","guid":{"rendered":"https:\/\/www.arty-nails.org\/web_shop\/product\/arty-nails-moisturizing-booster-serum-30-ml\/"},"modified":"2026-02-02T10:02:19","modified_gmt":"2026-02-02T09:02:19","slug":"arty-nails-moisturizing-booster-serum-30-ml","status":"publish","type":"product","link":"https:\/\/www.arty-nails.org\/web_shop\/proizvod\/arty-nails-moisturizing-booster-serum-30-ml\/","title":{"rendered":"ARTY NAILS MOISTURIZING BOOSTER SERUM 30 ml"},"content":{"rendered":"<p>Posebni hidratantni booster pro\u017eet s pravim \u010desticama 24K zlata<\/p>\n<p>Serum s mati\u010dnom mlije\u010di i proteinima svile koji prirodno osigurava intenzivnu i duboku hidrataciju, pove\u0107ava elasti\u010dnost ko\u017ee te u\u010dvr\u0161\u0107uje i zagla\u0111uje ko\u017eu na rukama i stopalima. Brzo se upija u ko\u017eu, ima u\u010dinak posvjetljivanja\u00a0 (uklanja flekice po rukama) i daje ko\u017ei prirodan sjaj.<\/p>\n<p>U potpunosti baziran na visoko kvalitetnim sastojcima koji imaju optimalan u\u010dinak na sve tipove ko\u017ee.<\/p>\n<p>Uporaba: Nanosi se na ruke i stopala te se utrljava u ko\u017eu dok se u potpunosti ne apsorbira. Mo\u017ee se koristiti samostalno za svakodnevnu njegu, ali se za najbolji u\u010dinak preporu\u010duje koristiti prije njege Apsolutnim dragocjenim uljem iz na\u0161e ponude. Tako ko\u017ea ostaje bar\u0161unasta tokom cijelog dana. Tako\u0111er se preporu\u010duje kao drugi korak kraljevskog spa tretmana njege.<\/p>\n","protected":false},"excerpt":{"rendered":"<p>Posebni hidratantni booster pro\u017eet s pravim \u010desticama 24K zlata Serum s mati\u010dnom mlije\u010di i proteinima svile koji prirodno osigurava intenzivnu i duboku hidrataciju, pove\u0107ava elasti\u010dnost ko\u017ee te u\u010dvr\u0161\u0107uje i zagla\u0111uje ko\u017eu na rukama i stopalima. Brzo se upija u ko\u017eu, ima u\u010dinak posvjetljivanja\u00a0 (uklanja flekice po rukama) i daje ko\u017ei prirodan sjaj. U potpunosti baziran [&hellip;]<\/p>\n","protected":false},"featured_media":10686,"comment_status":"closed","ping_status":"closed","template":"","meta":[],"product_brand":[55],"product_cat":[110,211,126,127],"product_tag":[],"class_list":{"0":"post-10687","1":"product","2":"type-product","3":"status-publish","4":"has-post-thumbnail","6":"product_brand-arty-nails","7":"product_cat-arty-nails-spa-linija","8":"product_cat-njega-i-higijena-stopala","9":"product_cat-spa-njega-ruku","10":"product_cat-spa-njega-stopala","12":"first","13":"instock","14":"shipping-taxable","15":"purchasable","16":"product-type-simple"},"_links":{"self":[{"href":"https:\/\/www.arty-nails.org\/web_shop\/wp-json\/wp\/v2\/product\/10687","targetHints":{"allow":["GET"]}}],"collection":[{"href":"https:\/\/www.arty-nails.org\/web_shop\/wp-json\/wp\/v2\/product"}],"about":[{"href":"https:\/\/www.arty-nails.org\/web_shop\/wp-json\/wp\/v2\/types\/product"}],"replies":[{"embeddable":true,"href":"https:\/\/www.arty-nails.org\/web_shop\/wp-json\/wp\/v2\/comments?post=10687"}],"wp:featuredmedia":[{"embeddable":true,"href":"https:\/\/www.arty-nails.org\/web_shop\/wp-json\/wp\/v2\/media\/10686"}],"wp:attachment":[{"href":"https:\/\/www.arty-nails.org\/web_shop\/wp-json\/wp\/v2\/media?parent=10687"}],"wp:term":[{"taxonomy":"product_brand","embeddable":true,"href":"https:\/\/www.arty-nails.org\/web_shop\/wp-json\/wp\/v2\/product_brand?post=10687"},{"taxonomy":"product_cat","embeddable":true,"href":"https:\/\/www.arty-nails.org\/web_shop\/wp-json\/wp\/v2\/product_cat?post=10687"},{"taxonomy":"product_tag","embeddable":true,"href":"https:\/\/www.arty-nails.org\/web_shop\/wp-json\/wp\/v2\/product_tag?post=10687"}],"curies":[{"name":"wp","href":"https:\/\/api.w.org\/{rel}","templated":true}]}}