{"id":10695,"date":"2021-07-13T01:30:16","date_gmt":"2021-07-12T23:30:16","guid":{"rendered":"https:\/\/www.arty-nails.org\/web_shop\/product\/arty-nails-silk-nude-rubber-base-5-ml\/"},"modified":"2026-04-12T12:03:10","modified_gmt":"2026-04-12T10:03:10","slug":"arty-nails-silk-nude-rubber-base-5-ml","status":"publish","type":"product","link":"https:\/\/www.arty-nails.org\/web_shop\/proizvod\/arty-nails-silk-nude-rubber-base-5-ml\/","title":{"rendered":"ARTY NAILS SILK NUDE RUBBER BASE 5 ml (Hema, Di-Hema, TPO free) &#8211; gradivna baza"},"content":{"rendered":"<p>Nova formula HEMA, DI HEMA I TPO FREE\u00a0 cover baza koja ima izrazitu \u010dvrsto\u0107u i mo\u017ee se korisiti kao i nadopuna za gel nokte.<\/p>\n<p>Ove baze su 100% hipoalergene, nova generacija trajnih lakova, zdravstveno ispitanih.<\/p>\n<p>SVOJSTVA:<\/p>\n<ul>\n<li data-mce-word-list=\"1\">samoniveliraju\u0107a<\/li>\n<li data-mce-word-list=\"1\">savr\u0161eno oblikuje\u00a0 nokte<\/li>\n<li data-mce-word-list=\"1\">dozvoljava rad s raznim tehnikama, slojevito, samoniveliraju\u0107e i produljivanje samog vrha<\/li>\n<li data-mce-word-list=\"1\">topiva formula<\/li>\n<li data-mce-word-list=\"1\">nevjerojatna \u010dvrsto\u0107a i dugotrajnost<\/li>\n<\/ul>\n<p>Ova baza mo\u017ee se nanositi kao gradivna baza,\u00a0 mo\u017ee se nanositi i na gel za postizanje prirodne boje te kao baza za poravnavanje neravnih noktiju. Za baze kao podlogu obvezno koristiti Dehidrator i Bond X kao podlogu za veliku dugotrajnost i za\u0161titu nokta.<\/p>\n<p>Preporuka &#8211; Su\u0161enje 1 min u Arty Nails Alien led lampi.<\/p>\n<div style=\"width: 480px;\" class=\"wp-video\"><video class=\"wp-video-shortcode\" id=\"video-10695-1\" width=\"480\" height=\"848\" preload=\"metadata\" controls=\"controls\"><source type=\"video\/mp4\" src=\"https:\/\/www.arty-nails.org\/web_shop\/wp-content\/uploads\/2022\/11\/VID-20220325-WA0069.mp4?_=1\" \/><a href=\"https:\/\/www.arty-nails.org\/web_shop\/wp-content\/uploads\/2022\/11\/VID-20220325-WA0069.mp4\">https:\/\/www.arty-nails.org\/web_shop\/wp-content\/uploads\/2022\/11\/VID-20220325-WA0069.mp4<\/a><\/video><\/div>\n","protected":false},"excerpt":{"rendered":"<ul>\n<li>HEMA, DI-Hema i Tpo free<\/li>\n<li>100% hipoalergena formula<\/li>\n<li>\u010dvrsto\u0107a\u00a0 i dugotrajnost<\/li>\n<li>samonivelacija<\/li>\n<li>brzo otapanje<\/li>\n<\/ul>\n","protected":false},"featured_media":23019,"comment_status":"closed","ping_status":"closed","template":"","meta":[],"product_brand":[55],"product_cat":[118,207,251],"product_tag":[],"class_list":{"0":"post-10695","1":"product","2":"type-product","3":"status-publish","4":"has-post-thumbnail","6":"product_brand-arty-nails","7":"product_cat-akcijske-cijene","8":"product_cat-arty-nails-baze-za-trajni-lak","9":"product_cat-baze-za-trajni-lak-arty-nails","11":"first","12":"instock","13":"sale","14":"shipping-taxable","15":"purchasable","16":"product-type-simple"},"_links":{"self":[{"href":"https:\/\/www.arty-nails.org\/web_shop\/wp-json\/wp\/v2\/product\/10695","targetHints":{"allow":["GET"]}}],"collection":[{"href":"https:\/\/www.arty-nails.org\/web_shop\/wp-json\/wp\/v2\/product"}],"about":[{"href":"https:\/\/www.arty-nails.org\/web_shop\/wp-json\/wp\/v2\/types\/product"}],"replies":[{"embeddable":true,"href":"https:\/\/www.arty-nails.org\/web_shop\/wp-json\/wp\/v2\/comments?post=10695"}],"wp:featuredmedia":[{"embeddable":true,"href":"https:\/\/www.arty-nails.org\/web_shop\/wp-json\/wp\/v2\/media\/23019"}],"wp:attachment":[{"href":"https:\/\/www.arty-nails.org\/web_shop\/wp-json\/wp\/v2\/media?parent=10695"}],"wp:term":[{"taxonomy":"product_brand","embeddable":true,"href":"https:\/\/www.arty-nails.org\/web_shop\/wp-json\/wp\/v2\/product_brand?post=10695"},{"taxonomy":"product_cat","embeddable":true,"href":"https:\/\/www.arty-nails.org\/web_shop\/wp-json\/wp\/v2\/product_cat?post=10695"},{"taxonomy":"product_tag","embeddable":true,"href":"https:\/\/www.arty-nails.org\/web_shop\/wp-json\/wp\/v2\/product_tag?post=10695"}],"curies":[{"name":"wp","href":"https:\/\/api.w.org\/{rel}","templated":true}]}}