{"id":10838,"date":"2021-09-19T23:54:28","date_gmt":"2021-09-19T21:54:28","guid":{"rendered":"https:\/\/www.arty-nails.org\/web_shop\/product\/arty-nails-euphoria-kolekcija-trajnih-lakova\/"},"modified":"2025-10-17T11:51:55","modified_gmt":"2025-10-17T09:51:55","slug":"arty-nails-euphoria-kolekcija-trajnih-lakova","status":"publish","type":"product","link":"https:\/\/www.arty-nails.org\/web_shop\/proizvod\/arty-nails-euphoria-kolekcija-trajnih-lakova\/","title":{"rendered":"ARTY NAILS EUPHORIA KOLEKCIJA TRAJNIH LAKOVA"},"content":{"rendered":"<p>Stigla je Euphoria, najdijamantnija kolekcija Arty Nails trajnih lakova i sve nas o\u010darala!<\/p>\n<p>Diamonds are a girl&#8217;s best friend&#8230;stoga smo za vas kreirali najekskluzivnije trajne lakove s visokom dozom pigmenata i najfinijim \u010desticama dijamanata u \u010detiri spektakularne boje, koje \u0107e sigurno u svima izazvati pravu euforiju:<\/p>\n<ul>\n<li>051 Ladies Only<\/li>\n<li>052 Vegas Baby<\/li>\n<li>053 Rose Gold<\/li>\n<li>054 Dreamland<\/li>\n<\/ul>\n<p>Kao i pravi dijamanti, ove boje privu\u0107i \u0107e sve poglede! Idealne su za posebne prilike, ali i za sve one kada samo \u017eelite sjaj i glamur na va\u0161im noktima!<\/p>\n","protected":false},"excerpt":{"rendered":"<p>Stigla je Euphoria, najdijamantnija kolekcija Arty Nails trajnih lakova i sve nas o\u010darala! Diamonds are a girl&#8217;s best friend&#8230;stoga smo za vas kreirali najekskluzivnije trajne lakove s visokom dozom pigmenata i najfinijim \u010desticama dijamanata u \u010detiri spektakularne boje, koje \u0107e sigurno u svima izazvati pravu euforiju: 051 Ladies Only 052 Vegas Baby 053 Rose Gold [&hellip;]<\/p>\n","protected":false},"featured_media":10837,"comment_status":"closed","ping_status":"closed","template":"","meta":[],"product_brand":[55],"product_cat":[215,214],"product_tag":[],"class_list":{"0":"post-10838","1":"product","2":"type-product","3":"status-publish","4":"has-post-thumbnail","6":"product_brand-arty-nails","7":"product_cat-arty-nails-setovi-i-kolekcije-trajnih-lakova","8":"product_cat-setovi-i-kolekcije-trajnih-lakova-arty-nails","10":"first","11":"instock","12":"sale","13":"shipping-taxable","14":"purchasable","15":"product-type-simple"},"_links":{"self":[{"href":"https:\/\/www.arty-nails.org\/web_shop\/wp-json\/wp\/v2\/product\/10838","targetHints":{"allow":["GET"]}}],"collection":[{"href":"https:\/\/www.arty-nails.org\/web_shop\/wp-json\/wp\/v2\/product"}],"about":[{"href":"https:\/\/www.arty-nails.org\/web_shop\/wp-json\/wp\/v2\/types\/product"}],"replies":[{"embeddable":true,"href":"https:\/\/www.arty-nails.org\/web_shop\/wp-json\/wp\/v2\/comments?post=10838"}],"wp:featuredmedia":[{"embeddable":true,"href":"https:\/\/www.arty-nails.org\/web_shop\/wp-json\/wp\/v2\/media\/10837"}],"wp:attachment":[{"href":"https:\/\/www.arty-nails.org\/web_shop\/wp-json\/wp\/v2\/media?parent=10838"}],"wp:term":[{"taxonomy":"product_brand","embeddable":true,"href":"https:\/\/www.arty-nails.org\/web_shop\/wp-json\/wp\/v2\/product_brand?post=10838"},{"taxonomy":"product_cat","embeddable":true,"href":"https:\/\/www.arty-nails.org\/web_shop\/wp-json\/wp\/v2\/product_cat?post=10838"},{"taxonomy":"product_tag","embeddable":true,"href":"https:\/\/www.arty-nails.org\/web_shop\/wp-json\/wp\/v2\/product_tag?post=10838"}],"curies":[{"name":"wp","href":"https:\/\/api.w.org\/{rel}","templated":true}]}}