{"id":10894,"date":"2021-11-02T21:36:51","date_gmt":"2021-11-02T20:36:51","guid":{"rendered":"https:\/\/www.arty-nails.org\/web_shop\/product\/arty-nails-clear-rubber-base-30-ml\/"},"modified":"2026-02-02T09:24:44","modified_gmt":"2026-02-02T08:24:44","slug":"arty-nails-clear-rubber-base-30-ml","status":"publish","type":"product","link":"https:\/\/www.arty-nails.org\/web_shop\/proizvod\/arty-nails-clear-rubber-base-30-ml\/","title":{"rendered":"ARTY NAILS CLEAR RUBBER BASE 30 ml (Hema, Di-Hema, TPO free) &#8211; gradivna baza"},"content":{"rendered":"<p>Nova formula HEMA, DI HEMA I TPO FREE elasti\u010dne cover baze u vi\u0161e nijansi, ova clear baza je rje\u0111e viskoznosti . Tako\u0111er ove baze se koriste i kao baza i kao boja<\/p>\n<p>(ako ste odabrali neku nijansu u boji) . Nakon nje potrebno je nanijeti zavr\u0161ni sjaj. Ono \u0161to \u0107e vas najvi\u0161e zanimati je da ove baze imaju dugotrajnost i do dva mjeseca. Da, dobro ste pro\u010ditali, dva mjeseca.<\/p>\n<p>SVOJSTVA:<\/p>\n<ul>\n<li data-mce-word-list=\"1\">pove\u0107ana elasti\u010dnost<\/li>\n<li data-mce-word-list=\"1\">samoniveliraju\u0107a<\/li>\n<li data-mce-word-list=\"1\">savr\u0161eno oblikuje jako tanke nokte<\/li>\n<li data-mce-word-list=\"1\">dozvoljava rad s raznim tehnikama, slojevito, samoniveliraju\u0107e i produljivanje samog vrha<\/li>\n<li data-mce-word-list=\"1\">topiva formula<\/li>\n<li data-mce-word-list=\"1\">nevjerojatna \u010dvrsto\u0107a i dugotrajnost<\/li>\n<\/ul>\n<p>Ova baza mo\u017ee se nanositi kako je navedeno ili u jednom sloju, u dva sloja kao boja i baza, mo\u017ee se nanositi i na gel za postizanje prirodne boje te kao baza za poravnavanje neravnih noktiju.<\/p>\n","protected":false},"excerpt":{"rendered":"<p>Nova formula HEMA, DI HEMA I TPO FREE elasti\u010dne cover baze u vi\u0161e nijansi, ova clear baza je rje\u0111e viskoznosti . Tako\u0111er ove baze se koriste i kao baza i kao boja (ako ste odabrali neku nijansu u boji) . Nakon nje potrebno je nanijeti zavr\u0161ni sjaj. Ono \u0161to \u0107e vas najvi\u0161e zanimati je da [&hellip;]<\/p>\n","protected":false},"featured_media":21728,"comment_status":"closed","ping_status":"closed","template":"","meta":[],"product_brand":[55],"product_cat":[207,251],"product_tag":[],"class_list":{"0":"post-10894","1":"product","2":"type-product","3":"status-publish","4":"has-post-thumbnail","6":"product_brand-arty-nails","7":"product_cat-arty-nails-baze-za-trajni-lak","8":"product_cat-baze-za-trajni-lak-arty-nails","10":"first","11":"instock","12":"shipping-taxable","13":"purchasable","14":"product-type-simple"},"_links":{"self":[{"href":"https:\/\/www.arty-nails.org\/web_shop\/wp-json\/wp\/v2\/product\/10894","targetHints":{"allow":["GET"]}}],"collection":[{"href":"https:\/\/www.arty-nails.org\/web_shop\/wp-json\/wp\/v2\/product"}],"about":[{"href":"https:\/\/www.arty-nails.org\/web_shop\/wp-json\/wp\/v2\/types\/product"}],"replies":[{"embeddable":true,"href":"https:\/\/www.arty-nails.org\/web_shop\/wp-json\/wp\/v2\/comments?post=10894"}],"wp:featuredmedia":[{"embeddable":true,"href":"https:\/\/www.arty-nails.org\/web_shop\/wp-json\/wp\/v2\/media\/21728"}],"wp:attachment":[{"href":"https:\/\/www.arty-nails.org\/web_shop\/wp-json\/wp\/v2\/media?parent=10894"}],"wp:term":[{"taxonomy":"product_brand","embeddable":true,"href":"https:\/\/www.arty-nails.org\/web_shop\/wp-json\/wp\/v2\/product_brand?post=10894"},{"taxonomy":"product_cat","embeddable":true,"href":"https:\/\/www.arty-nails.org\/web_shop\/wp-json\/wp\/v2\/product_cat?post=10894"},{"taxonomy":"product_tag","embeddable":true,"href":"https:\/\/www.arty-nails.org\/web_shop\/wp-json\/wp\/v2\/product_tag?post=10894"}],"curies":[{"name":"wp","href":"https:\/\/api.w.org\/{rel}","templated":true}]}}