{"id":10898,"date":"2021-11-02T22:06:38","date_gmt":"2021-11-02T21:06:38","guid":{"rendered":"https:\/\/www.arty-nails.org\/web_shop\/product\/arty-nails-milky-pink-acrylic-gel-30-ml\/"},"modified":"2026-02-02T09:55:52","modified_gmt":"2026-02-02T08:55:52","slug":"arty-nails-milky-pink-acrylic-gel-30-ml","status":"publish","type":"product","link":"https:\/\/www.arty-nails.org\/web_shop\/proizvod\/arty-nails-milky-pink-acrylic-gel-30-ml\/","title":{"rendered":"ARTY NAILS MILKY PINK ACRYLIC GEL 30 ml (Hema, Di-Hema, TPO free)"},"content":{"rendered":"<p>Nova formula Arty Nails akril gela, savr\u0161ene teksture i predivnih nijansi u ekonomi\u010dnom pakiranju od 30 ml.<\/p>\n<p>Akril gel je kombinacija akrila i gela. To je nova generacija proizvoda za izradu umjetnih noktiju koja spaja najbolja svojstva akrila i gela: \u010dvrsto\u0107u i snagu akrila te fleksibilnost gela. Primjenjuje se sli\u010dno kao akril, a su\u0161i se u lampi kao gel. Pri radu nema neugodnih mirisa jer se ne koristi monomer, ve\u0107 ga zamjenjuje cleaner.<\/p>\n<p>Prednosti Arty Nails akril gela:<\/p>\n<ul>\n<li>lak\u0161i, ja\u010di i elasti\u010dniji od akrila ili gela<\/li>\n<li>kremaste konzistencije i najfinije teksture na tr\u017ei\u0161tu<\/li>\n<li>predivne prirodne nijanse<\/li>\n<li>pogodan za sve tipove plo\u010da noktiju<\/li>\n<li>omogu\u0107ava rje\u0161avanje raznih vrsta problema s noktima<\/li>\n<li>izvrsno prianjanje<\/li>\n<li>bez osje\u0107aja peckanja u lampi<\/li>\n<li>ne slijeva se tijekom rada<\/li>\n<li>bez skupljanja, \u010dak i na dugim noktima<\/li>\n<li>savr\u0161en za pinchanje<\/li>\n<li>mo\u017ee se koristiti za produ\u017eivanje ili ja\u010danje noktiju<\/li>\n<li>bez mirisa<\/li>\n<li>izvrsna polimerizacija u svim vrstama lampi (UV, LED, CCFL)<\/li>\n<li>jednostavan za primjenu \u010dak i za po\u010detnike<\/li>\n<li>lagan za turpijanje<\/li>\n<li>\u0161tedi vrijeme rada<\/li>\n<\/ul>\n<p>Akril gel je kompatibilan sa svim gelovima, trajnim lakovima, bazama i zavr\u0161nim sjajevima.<\/p>\n<p>Preporu\u010deno vrijeme su\u0161enja je 2 min u UV lampi ili 1 min u LED lampi.<\/p>\n","protected":false},"excerpt":{"rendered":"<p>Nova formula Arty Nails akril gela, savr\u0161ene teksture i predivnih nijansi u ekonomi\u010dnom pakiranju od 30 ml. Akril gel je kombinacija akrila i gela. To je nova generacija proizvoda za izradu umjetnih noktiju koja spaja najbolja svojstva akrila i gela: \u010dvrsto\u0107u i snagu akrila te fleksibilnost gela. Primjenjuje se sli\u010dno kao akril, a su\u0161i se [&hellip;]<\/p>\n","protected":false},"featured_media":10895,"comment_status":"closed","ping_status":"closed","template":"","meta":[],"product_brand":[55],"product_cat":[141,160],"product_tag":[],"class_list":{"0":"post-10898","1":"product","2":"type-product","3":"status-publish","4":"has-post-thumbnail","6":"product_brand-arty-nails","7":"product_cat-akril-gel","8":"product_cat-arty-nails-akril-gel","10":"first","11":"outofstock","12":"shipping-taxable","13":"purchasable","14":"product-type-simple"},"_links":{"self":[{"href":"https:\/\/www.arty-nails.org\/web_shop\/wp-json\/wp\/v2\/product\/10898","targetHints":{"allow":["GET"]}}],"collection":[{"href":"https:\/\/www.arty-nails.org\/web_shop\/wp-json\/wp\/v2\/product"}],"about":[{"href":"https:\/\/www.arty-nails.org\/web_shop\/wp-json\/wp\/v2\/types\/product"}],"replies":[{"embeddable":true,"href":"https:\/\/www.arty-nails.org\/web_shop\/wp-json\/wp\/v2\/comments?post=10898"}],"wp:featuredmedia":[{"embeddable":true,"href":"https:\/\/www.arty-nails.org\/web_shop\/wp-json\/wp\/v2\/media\/10895"}],"wp:attachment":[{"href":"https:\/\/www.arty-nails.org\/web_shop\/wp-json\/wp\/v2\/media?parent=10898"}],"wp:term":[{"taxonomy":"product_brand","embeddable":true,"href":"https:\/\/www.arty-nails.org\/web_shop\/wp-json\/wp\/v2\/product_brand?post=10898"},{"taxonomy":"product_cat","embeddable":true,"href":"https:\/\/www.arty-nails.org\/web_shop\/wp-json\/wp\/v2\/product_cat?post=10898"},{"taxonomy":"product_tag","embeddable":true,"href":"https:\/\/www.arty-nails.org\/web_shop\/wp-json\/wp\/v2\/product_tag?post=10898"}],"curies":[{"name":"wp","href":"https:\/\/api.w.org\/{rel}","templated":true}]}}