{"id":10958,"date":"2021-11-09T23:52:15","date_gmt":"2021-11-09T22:52:15","guid":{"rendered":"https:\/\/www.arty-nails.org\/web_shop\/product\/reforma-fall-is-off-kolekcija-trajnih-lakova\/"},"modified":"2025-08-10T12:20:44","modified_gmt":"2025-08-10T10:20:44","slug":"reforma-fall-is-off-kolekcija-trajnih-lakova","status":"publish","type":"product","link":"https:\/\/www.arty-nails.org\/web_shop\/proizvod\/reforma-fall-is-off-kolekcija-trajnih-lakova\/","title":{"rendered":"REFORMA FALL IS OFF KOLEKCIJA TRAJNIH LAKOVA"},"content":{"rendered":"<p>Nove ReformA jesenske boje stigle su u Arty Nails!<\/p>\n<p>Na kraju najljep\u0161eg dijela jeseni, u\u017eivamo u bojama prirode i&#8230;\u010dokoladi.<\/p>\n<p>Stoga neka ove nove boje trajnih lakova Fall is Off kolekcije padnu \u010dim prije u va\u0161e ruke (i na va\u0161e nokte)!<\/p>\n<p>Sedam novih predivnih jesenskih nijansi su:<\/p>\n<ul>\n<li>Olive &#8211; light olive<\/li>\n<li>Forrest &#8211; very dark green<\/li>\n<li>Choco &#8211; chocolate brown<\/li>\n<li>Fox &#8211; brocade orange<\/li>\n<li>Holly &#8211; blood red<\/li>\n<li>Yellow Mustard &#8211; mustard<\/li>\n<li>Nuts &#8211; pastel beige<\/li>\n<\/ul>\n<p>U\u0161u\u0161kajte se u toplu dekicu i uz \u0161alicu omiljenog vru\u0107eg napitka u\u017eivajte u svim predivnim bojama prije nego otpadne svo li\u0161\u0107e!<\/p>\n","protected":false},"excerpt":{"rendered":"<p>Nove ReformA jesenske boje stigle su u Arty Nails! Na kraju najljep\u0161eg dijela jeseni, u\u017eivamo u bojama prirode i&#8230;\u010dokoladi. Stoga neka ove nove boje trajnih lakova Fall is Off kolekcije padnu \u010dim prije u va\u0161e ruke (i na va\u0161e nokte)! Sedam novih predivnih jesenskih nijansi su: Olive &#8211; light olive Forrest &#8211; very dark green [&hellip;]<\/p>\n","protected":false},"featured_media":10956,"comment_status":"closed","ping_status":"closed","template":"","meta":[],"product_brand":[50],"product_cat":[172,187,171],"product_tag":[],"class_list":{"0":"post-10958","1":"product","2":"type-product","3":"status-publish","4":"has-post-thumbnail","6":"product_brand-reforma","7":"product_cat-posebne-ponude-reforma","8":"product_cat-reforma-setovi-i-kolekcije-trajnih-lakova","9":"product_cat-setovi-i-kolekcije-trajnih-lakova-reforma","11":"first","12":"instock","13":"sale","14":"shipping-taxable","15":"purchasable","16":"product-type-simple"},"_links":{"self":[{"href":"https:\/\/www.arty-nails.org\/web_shop\/wp-json\/wp\/v2\/product\/10958","targetHints":{"allow":["GET"]}}],"collection":[{"href":"https:\/\/www.arty-nails.org\/web_shop\/wp-json\/wp\/v2\/product"}],"about":[{"href":"https:\/\/www.arty-nails.org\/web_shop\/wp-json\/wp\/v2\/types\/product"}],"replies":[{"embeddable":true,"href":"https:\/\/www.arty-nails.org\/web_shop\/wp-json\/wp\/v2\/comments?post=10958"}],"wp:featuredmedia":[{"embeddable":true,"href":"https:\/\/www.arty-nails.org\/web_shop\/wp-json\/wp\/v2\/media\/10956"}],"wp:attachment":[{"href":"https:\/\/www.arty-nails.org\/web_shop\/wp-json\/wp\/v2\/media?parent=10958"}],"wp:term":[{"taxonomy":"product_brand","embeddable":true,"href":"https:\/\/www.arty-nails.org\/web_shop\/wp-json\/wp\/v2\/product_brand?post=10958"},{"taxonomy":"product_cat","embeddable":true,"href":"https:\/\/www.arty-nails.org\/web_shop\/wp-json\/wp\/v2\/product_cat?post=10958"},{"taxonomy":"product_tag","embeddable":true,"href":"https:\/\/www.arty-nails.org\/web_shop\/wp-json\/wp\/v2\/product_tag?post=10958"}],"curies":[{"name":"wp","href":"https:\/\/api.w.org\/{rel}","templated":true}]}}