{"id":11092,"date":"2021-01-04T22:06:43","date_gmt":"2021-01-04T21:06:43","guid":{"rendered":"https:\/\/www.arty-nails.org\/web_shop\/product\/arty-nails-fiber-clear-builder-gel-5-ml\/"},"modified":"2025-12-01T07:57:16","modified_gmt":"2025-12-01T06:57:16","slug":"arty-nails-fiber-clear-builder-gel-5-ml","status":"publish","type":"product","link":"https:\/\/www.arty-nails.org\/web_shop\/proizvod\/arty-nails-fiber-clear-builder-gel-5-ml\/","title":{"rendered":"ARTY NAILS FIBER CLEAR BUILDER GEL 5 ml (Hema, TPO free)"},"content":{"rendered":"<p>Fiber Clear gradivni gel je visoke viskoznosti, oja\u010dan nevidljivim nitima fibera za veliku \u010dvrsto\u0107u i visoku otpornost na mehani\u010dke udarce.<\/p>\n<p>Ovaj gel je odli\u010dan izbor za sve koji vole raditi s gelovima medaste teksture koji se samoniveliraju, a istodobno se ne razlijevaju. Izrazito pogodan za o\u0161te\u0107ene, ali normalne nokte. Zbog svoje jedinstvene formule gel ne stvara osje\u0107aj peckanja u UV\/LED lampi te savr\u0161eno prianja za prirodni nokat.<\/p>\n<p>Gel je prikladan kako za salonske nokte tako i za velike du\u017eine nokta i rad s formama nokta, stiletto, edge, kocka itd.<\/p>\n<p>Vrijeme su\u0161enja je 2 min u UV lampi ili 1 min u LED lampi.<\/p>\n<div><\/div>\n","protected":false},"excerpt":{"rendered":"<p>Fiber Clear gradivni gel je visoke viskoznosti, oja\u010dan nevidljivim nitima fibera za veliku \u010dvrsto\u0107u i visoku otpornost na mehani\u010dke udarce. Ovaj gel je odli\u010dan izbor za sve koji vole raditi s gelovima medaste teksture koji se samoniveliraju, a istodobno se ne razlijevaju. Izrazito pogodan za o\u0161te\u0107ene, ali normalne nokte. Zbog svoje jedinstvene formule gel ne [&hellip;]<\/p>\n","protected":false},"featured_media":11090,"comment_status":"closed","ping_status":"closed","template":"","meta":[],"product_brand":[55],"product_cat":[85,140],"product_tag":[],"class_list":{"0":"post-11092","1":"product","2":"type-product","3":"status-publish","4":"has-post-thumbnail","6":"product_brand-arty-nails","7":"product_cat-arty-nails-gelovi","8":"product_cat-gradivni-gelovi-arty-nails","10":"first","11":"instock","12":"shipping-taxable","13":"purchasable","14":"product-type-simple"},"_links":{"self":[{"href":"https:\/\/www.arty-nails.org\/web_shop\/wp-json\/wp\/v2\/product\/11092","targetHints":{"allow":["GET"]}}],"collection":[{"href":"https:\/\/www.arty-nails.org\/web_shop\/wp-json\/wp\/v2\/product"}],"about":[{"href":"https:\/\/www.arty-nails.org\/web_shop\/wp-json\/wp\/v2\/types\/product"}],"replies":[{"embeddable":true,"href":"https:\/\/www.arty-nails.org\/web_shop\/wp-json\/wp\/v2\/comments?post=11092"}],"wp:featuredmedia":[{"embeddable":true,"href":"https:\/\/www.arty-nails.org\/web_shop\/wp-json\/wp\/v2\/media\/11090"}],"wp:attachment":[{"href":"https:\/\/www.arty-nails.org\/web_shop\/wp-json\/wp\/v2\/media?parent=11092"}],"wp:term":[{"taxonomy":"product_brand","embeddable":true,"href":"https:\/\/www.arty-nails.org\/web_shop\/wp-json\/wp\/v2\/product_brand?post=11092"},{"taxonomy":"product_cat","embeddable":true,"href":"https:\/\/www.arty-nails.org\/web_shop\/wp-json\/wp\/v2\/product_cat?post=11092"},{"taxonomy":"product_tag","embeddable":true,"href":"https:\/\/www.arty-nails.org\/web_shop\/wp-json\/wp\/v2\/product_tag?post=11092"}],"curies":[{"name":"wp","href":"https:\/\/api.w.org\/{rel}","templated":true}]}}