{"id":11100,"date":"2021-01-04T22:11:42","date_gmt":"2021-01-04T21:11:42","guid":{"rendered":"https:\/\/www.arty-nails.org\/web_shop\/product\/arty-nails-milk-shake-builder-gel-50-ml\/"},"modified":"2026-02-02T09:53:03","modified_gmt":"2026-02-02T08:53:03","slug":"arty-nails-milk-shake-builder-gel-50-ml","status":"publish","type":"product","link":"https:\/\/www.arty-nails.org\/web_shop\/proizvod\/arty-nails-milk-shake-builder-gel-50-ml\/","title":{"rendered":"ARTY NAILS MILK SHAKE BUILDER GEL 50 ml (Hema, TPO free)"},"content":{"rendered":"<p>Posebnost ovog gela je njegova specifi\u010dna boja koja vam daje mogu\u0107nost da istovremeno uz veliku \u010dvrsto\u0107u ovog gradivnog gela imate i predivnu prirodnu (milky) boju nokta. Savr\u0161en sam po sebi!<\/p>\n<ul>\n<li>gradivni gel jedinstvene teksture omogu\u0107ava istovremeno rad na svim noktima bez razlijevanja<\/li>\n<li>daje izuzetnu snagu i \u010dvrsto\u0107u geliranim noktima<\/li>\n<li>idealan za po\u010detnike i profesionalce<\/li>\n<li>savr\u0161en za izradu kako kratkih tako i jako dugih formi nokta<\/li>\n<li>ne sadr\u017ei kiseline<\/li>\n<li>lagan za oblikovanje<\/li>\n<li>gel se savr\u0161eno pincha i ne vra\u0107a se u prvobitni polo\u017eaj<\/li>\n<li>vrijeme su\u0161enja: 2 min u UV lampi ili 1 min u LED lampi<\/li>\n<\/ul>\n","protected":false},"excerpt":{"rendered":"<p>Posebnost ovog gela je njegova specifi\u010dna boja koja vam daje mogu\u0107nost da istovremeno uz veliku \u010dvrsto\u0107u ovog gradivnog gela imate i predivnu prirodnu (milky) boju nokta. Savr\u0161en sam po sebi! gradivni gel jedinstvene teksture omogu\u0107ava istovremeno rad na svim noktima bez razlijevanja daje izuzetnu snagu i \u010dvrsto\u0107u geliranim noktima idealan za po\u010detnike i profesionalce savr\u0161en [&hellip;]<\/p>\n","protected":false},"featured_media":11098,"comment_status":"closed","ping_status":"closed","template":"","meta":[],"product_brand":[55],"product_cat":[85,140],"product_tag":[],"class_list":{"0":"post-11100","1":"product","2":"type-product","3":"status-publish","4":"has-post-thumbnail","6":"product_brand-arty-nails","7":"product_cat-arty-nails-gelovi","8":"product_cat-gradivni-gelovi-arty-nails","10":"first","11":"instock","12":"shipping-taxable","13":"purchasable","14":"product-type-simple"},"_links":{"self":[{"href":"https:\/\/www.arty-nails.org\/web_shop\/wp-json\/wp\/v2\/product\/11100","targetHints":{"allow":["GET"]}}],"collection":[{"href":"https:\/\/www.arty-nails.org\/web_shop\/wp-json\/wp\/v2\/product"}],"about":[{"href":"https:\/\/www.arty-nails.org\/web_shop\/wp-json\/wp\/v2\/types\/product"}],"replies":[{"embeddable":true,"href":"https:\/\/www.arty-nails.org\/web_shop\/wp-json\/wp\/v2\/comments?post=11100"}],"wp:featuredmedia":[{"embeddable":true,"href":"https:\/\/www.arty-nails.org\/web_shop\/wp-json\/wp\/v2\/media\/11098"}],"wp:attachment":[{"href":"https:\/\/www.arty-nails.org\/web_shop\/wp-json\/wp\/v2\/media?parent=11100"}],"wp:term":[{"taxonomy":"product_brand","embeddable":true,"href":"https:\/\/www.arty-nails.org\/web_shop\/wp-json\/wp\/v2\/product_brand?post=11100"},{"taxonomy":"product_cat","embeddable":true,"href":"https:\/\/www.arty-nails.org\/web_shop\/wp-json\/wp\/v2\/product_cat?post=11100"},{"taxonomy":"product_tag","embeddable":true,"href":"https:\/\/www.arty-nails.org\/web_shop\/wp-json\/wp\/v2\/product_tag?post=11100"}],"curies":[{"name":"wp","href":"https:\/\/api.w.org\/{rel}","templated":true}]}}