{"id":11192,"date":"2021-01-04T22:51:46","date_gmt":"2021-01-04T21:51:46","guid":{"rendered":"https:\/\/www.arty-nails.org\/web_shop\/product\/arty-nails-repair-doctor-fiber-2-in-1-base-15-ml\/"},"modified":"2026-02-02T09:50:28","modified_gmt":"2026-02-02T08:50:28","slug":"arty-nails-repair-doctor-fiber-2-in-1-base-15-ml","status":"publish","type":"product","link":"https:\/\/www.arty-nails.org\/web_shop\/proizvod\/arty-nails-repair-doctor-fiber-2-in-1-base-15-ml\/","title":{"rendered":"ARTY NAILS REPAIR DOCTOR FIBER 2 IN 1 BASE 15 ml (Hema, Di-Hema, TPO free)"},"content":{"rendered":"<p>Repair Doctor je keratinska baza koja \u0107e oja\u010dati prirodne nokte, otporna je na mehani\u010dke udarce, lako se uklanja, fleksibilna je i ne sadr\u017ei kiseline. Sadr\u017ei i dodatak svile te je savr\u0161ena za o\u0161te\u0107ene nokte (znatno popravlja o\u0161te\u0107enja prirodnog nokta). Savr\u0161eno prianja te je obveza za savr\u0161enu manikuru noktiju lo\u0161ije kvalitete.<\/p>\n<p>Proizvod nanijeti kao bazni gel i su\u0161iti 1 do 2 minute u LED lampi. Su\u0161enje ovisi o ja\u010dini i kvaliteti LED lampe.<\/p>\n","protected":false},"excerpt":{"rendered":"<p>Repair Doctor je keratinska baza koja \u0107e oja\u010dati prirodne nokte, otporna je na mehani\u010dke udarce, lako se uklanja, fleksibilna je i ne sadr\u017ei kiseline. Sadr\u017ei i dodatak svile te je savr\u0161ena za o\u0161te\u0107ene nokte (znatno popravlja o\u0161te\u0107enja prirodnog nokta). Savr\u0161eno prianja te je obveza za savr\u0161enu manikuru noktiju lo\u0161ije kvalitete. Proizvod nanijeti kao bazni gel [&hellip;]<\/p>\n","protected":false},"featured_media":11191,"comment_status":"closed","ping_status":"closed","template":"","meta":[],"product_brand":[55],"product_cat":[85,139],"product_tag":[],"class_list":{"0":"post-11192","1":"product","2":"type-product","3":"status-publish","4":"has-post-thumbnail","6":"product_brand-arty-nails","7":"product_cat-arty-nails-gelovi","8":"product_cat-bazni-i-top-gelovi","10":"first","11":"instock","12":"shipping-taxable","13":"purchasable","14":"product-type-simple"},"_links":{"self":[{"href":"https:\/\/www.arty-nails.org\/web_shop\/wp-json\/wp\/v2\/product\/11192","targetHints":{"allow":["GET"]}}],"collection":[{"href":"https:\/\/www.arty-nails.org\/web_shop\/wp-json\/wp\/v2\/product"}],"about":[{"href":"https:\/\/www.arty-nails.org\/web_shop\/wp-json\/wp\/v2\/types\/product"}],"replies":[{"embeddable":true,"href":"https:\/\/www.arty-nails.org\/web_shop\/wp-json\/wp\/v2\/comments?post=11192"}],"wp:featuredmedia":[{"embeddable":true,"href":"https:\/\/www.arty-nails.org\/web_shop\/wp-json\/wp\/v2\/media\/11191"}],"wp:attachment":[{"href":"https:\/\/www.arty-nails.org\/web_shop\/wp-json\/wp\/v2\/media?parent=11192"}],"wp:term":[{"taxonomy":"product_brand","embeddable":true,"href":"https:\/\/www.arty-nails.org\/web_shop\/wp-json\/wp\/v2\/product_brand?post=11192"},{"taxonomy":"product_cat","embeddable":true,"href":"https:\/\/www.arty-nails.org\/web_shop\/wp-json\/wp\/v2\/product_cat?post=11192"},{"taxonomy":"product_tag","embeddable":true,"href":"https:\/\/www.arty-nails.org\/web_shop\/wp-json\/wp\/v2\/product_tag?post=11192"}],"curies":[{"name":"wp","href":"https:\/\/api.w.org\/{rel}","templated":true}]}}