{"id":11199,"date":"2021-01-04T22:53:53","date_gmt":"2021-01-04T21:53:53","guid":{"rendered":"https:\/\/www.arty-nails.org\/web_shop\/product\/arty-nails-mega-shine-2-in-1-top-gel-15-ml\/"},"modified":"2026-02-02T09:50:28","modified_gmt":"2026-02-02T08:50:28","slug":"arty-nails-mega-shine-2-in-1-top-gel-15-ml","status":"publish","type":"product","link":"https:\/\/www.arty-nails.org\/web_shop\/proizvod\/arty-nails-mega-shine-2-in-1-top-gel-15-ml\/","title":{"rendered":"ARTY NAILS MEGA SHINE 2 IN 1 TOP GEL 15 ml  (Hema, Di-Hema, TPO free)"},"content":{"rendered":"<p>Mega Shine 2 u 1 je zavr\u0161ni sjaj za gel i trajni lak. Glavne su mu karakteristike:<\/p>\n<ul style=\"list-style-type: disc;\">\n<li>ekstremno sjajan<\/li>\n<li>ekstremno otporan na ogrebotine<\/li>\n<li>nema ljepljivi sloj<\/li>\n<li>srednje gusto\u0107e<\/li>\n<\/ul>\n<p>Samo za one koji vole ekstremno sjajno!<\/p>\n<p>Proizvod nanijeti kao zavr\u0161ni sjaj i su\u0161iti 1 do 2 minute u LED lampi. Su\u0161enje ovisi o ja\u010dini i kvaliteti LED lampe.<\/p>\n","protected":false},"excerpt":{"rendered":"<p>Mega Shine 2 u 1 je zavr\u0161ni sjaj za gel i trajni lak. Glavne su mu karakteristike: ekstremno sjajan ekstremno otporan na ogrebotine nema ljepljivi sloj srednje gusto\u0107e Samo za one koji vole ekstremno sjajno! Proizvod nanijeti kao zavr\u0161ni sjaj i su\u0161iti 1 do 2 minute u LED lampi. Su\u0161enje ovisi o ja\u010dini i kvaliteti [&hellip;]<\/p>\n","protected":false},"featured_media":6557,"comment_status":"closed","ping_status":"closed","template":"","meta":[],"product_brand":[55],"product_cat":[139,85],"product_tag":[],"class_list":{"0":"post-11199","1":"product","2":"type-product","3":"status-publish","4":"has-post-thumbnail","6":"product_brand-arty-nails","7":"product_cat-bazni-i-top-gelovi","8":"product_cat-arty-nails-gelovi","10":"first","11":"instock","12":"shipping-taxable","13":"purchasable","14":"product-type-simple"},"_links":{"self":[{"href":"https:\/\/www.arty-nails.org\/web_shop\/wp-json\/wp\/v2\/product\/11199","targetHints":{"allow":["GET"]}}],"collection":[{"href":"https:\/\/www.arty-nails.org\/web_shop\/wp-json\/wp\/v2\/product"}],"about":[{"href":"https:\/\/www.arty-nails.org\/web_shop\/wp-json\/wp\/v2\/types\/product"}],"replies":[{"embeddable":true,"href":"https:\/\/www.arty-nails.org\/web_shop\/wp-json\/wp\/v2\/comments?post=11199"}],"wp:featuredmedia":[{"embeddable":true,"href":"https:\/\/www.arty-nails.org\/web_shop\/wp-json\/wp\/v2\/media\/6557"}],"wp:attachment":[{"href":"https:\/\/www.arty-nails.org\/web_shop\/wp-json\/wp\/v2\/media?parent=11199"}],"wp:term":[{"taxonomy":"product_brand","embeddable":true,"href":"https:\/\/www.arty-nails.org\/web_shop\/wp-json\/wp\/v2\/product_brand?post=11199"},{"taxonomy":"product_cat","embeddable":true,"href":"https:\/\/www.arty-nails.org\/web_shop\/wp-json\/wp\/v2\/product_cat?post=11199"},{"taxonomy":"product_tag","embeddable":true,"href":"https:\/\/www.arty-nails.org\/web_shop\/wp-json\/wp\/v2\/product_tag?post=11199"}],"curies":[{"name":"wp","href":"https:\/\/api.w.org\/{rel}","templated":true}]}}