{"id":11228,"date":"2021-01-03T13:26:09","date_gmt":"2021-01-03T12:26:09","guid":{"rendered":"https:\/\/www.arty-nails.org\/web_shop\/product\/arty-nails-turpija-premium-100-180-50-kom\/"},"modified":"2025-10-25T19:32:14","modified_gmt":"2025-10-25T17:32:14","slug":"arty-nails-turpija-premium-100-180-50-kom","status":"publish","type":"product","link":"https:\/\/www.arty-nails.org\/web_shop\/proizvod\/arty-nails-turpija-premium-100-180-50-kom\/","title":{"rendered":"ARTY NAILS TURPIJA PREMIUM 100\/180 STANDARD 50 kom"},"content":{"rendered":"<p>Premium turpije u sterilnim vre\u0107icama. Va\u0161i klijenti jednostavno \u0107e obo\u017eavati kada vide da dr\u017eite do svih higijenskih standarda. Ove eco friendly turpije za nokte imaju \u010dvrstu bazu, vrhunske su kvalitete, izrazito su dugotrajne i od materijala koji prilikom turpijanja stvara manje pra\u0161ine.<\/p>\n","protected":false},"excerpt":{"rendered":"<p>Premium turpije u sterilnim vre\u0107icama. Va\u0161i klijenti jednostavno \u0107e obo\u017eavati kada vide da dr\u017eite do svih higijenskih standarda. Ove eco friendly turpije za nokte imaju \u010dvrstu bazu, vrhunske su kvalitete, izrazito su dugotrajne i od materijala koji prilikom turpijanja stvara manje pra\u0161ine.<\/p>\n","protected":false},"featured_media":11233,"comment_status":"closed","ping_status":"closed","template":"","meta":[],"product_brand":[55],"product_cat":[148,194],"product_tag":[],"class_list":{"0":"post-11228","1":"product","2":"type-product","3":"status-publish","4":"has-post-thumbnail","6":"product_brand-arty-nails","7":"product_cat-arty-nails-turpije-i-bufferi","8":"product_cat-turpije-polumjesec","10":"first","11":"instock","12":"sale","13":"shipping-taxable","14":"purchasable","15":"product-type-simple"},"_links":{"self":[{"href":"https:\/\/www.arty-nails.org\/web_shop\/wp-json\/wp\/v2\/product\/11228","targetHints":{"allow":["GET"]}}],"collection":[{"href":"https:\/\/www.arty-nails.org\/web_shop\/wp-json\/wp\/v2\/product"}],"about":[{"href":"https:\/\/www.arty-nails.org\/web_shop\/wp-json\/wp\/v2\/types\/product"}],"replies":[{"embeddable":true,"href":"https:\/\/www.arty-nails.org\/web_shop\/wp-json\/wp\/v2\/comments?post=11228"}],"wp:featuredmedia":[{"embeddable":true,"href":"https:\/\/www.arty-nails.org\/web_shop\/wp-json\/wp\/v2\/media\/11233"}],"wp:attachment":[{"href":"https:\/\/www.arty-nails.org\/web_shop\/wp-json\/wp\/v2\/media?parent=11228"}],"wp:term":[{"taxonomy":"product_brand","embeddable":true,"href":"https:\/\/www.arty-nails.org\/web_shop\/wp-json\/wp\/v2\/product_brand?post=11228"},{"taxonomy":"product_cat","embeddable":true,"href":"https:\/\/www.arty-nails.org\/web_shop\/wp-json\/wp\/v2\/product_cat?post=11228"},{"taxonomy":"product_tag","embeddable":true,"href":"https:\/\/www.arty-nails.org\/web_shop\/wp-json\/wp\/v2\/product_tag?post=11228"}],"curies":[{"name":"wp","href":"https:\/\/api.w.org\/{rel}","templated":true}]}}