{"id":11240,"date":"2021-01-03T13:34:34","date_gmt":"2021-01-03T12:34:34","guid":{"rendered":"https:\/\/www.arty-nails.org\/web_shop\/product\/arty-nails-turpija-premium-80-100-20-kom\/"},"modified":"2025-10-25T19:40:13","modified_gmt":"2025-10-25T17:40:13","slug":"arty-nails-turpija-premium-80-100-20-kom","status":"publish","type":"product","link":"https:\/\/www.arty-nails.org\/web_shop\/proizvod\/arty-nails-turpija-premium-80-100-20-kom\/","title":{"rendered":"ARTY NAILS TURPIJA PREMIUM 100\/100 20 kom"},"content":{"rendered":"<p>Premium turpije u sterilnim vre\u0107icama. Va\u0161i klijenti jednostavno \u0107e obo\u017eavati kada vide da dr\u017eite do svih higijenskih standarda. Ove eco friendly turpije za nokte imaju \u010dvrstu bazu, vrhunske su kvalitete, izrazito su dugotrajne i od materijala koji prilikom turpijanja stvara manje pra\u0161ine.<\/p>\n","protected":false},"excerpt":{"rendered":"<p>Premium turpije u sterilnim vre\u0107icama. Va\u0161i klijenti jednostavno \u0107e obo\u017eavati kada vide da dr\u017eite do svih higijenskih standarda. Ove eco friendly turpije za nokte imaju \u010dvrstu bazu, vrhunske su kvalitete, izrazito su dugotrajne i od materijala koji prilikom turpijanja stvara manje pra\u0161ine.<\/p>\n","protected":false},"featured_media":44045,"comment_status":"closed","ping_status":"closed","template":"","meta":[],"product_brand":[55],"product_cat":[148,209,194],"product_tag":[],"class_list":{"0":"post-11240","1":"product","2":"type-product","3":"status-publish","4":"has-post-thumbnail","6":"product_brand-arty-nails","7":"product_cat-arty-nails-turpije-i-bufferi","8":"product_cat-posebne-ponude-arty-nails","9":"product_cat-turpije-polumjesec","11":"first","12":"instock","13":"sale","14":"shipping-taxable","15":"purchasable","16":"product-type-simple"},"_links":{"self":[{"href":"https:\/\/www.arty-nails.org\/web_shop\/wp-json\/wp\/v2\/product\/11240","targetHints":{"allow":["GET"]}}],"collection":[{"href":"https:\/\/www.arty-nails.org\/web_shop\/wp-json\/wp\/v2\/product"}],"about":[{"href":"https:\/\/www.arty-nails.org\/web_shop\/wp-json\/wp\/v2\/types\/product"}],"replies":[{"embeddable":true,"href":"https:\/\/www.arty-nails.org\/web_shop\/wp-json\/wp\/v2\/comments?post=11240"}],"wp:featuredmedia":[{"embeddable":true,"href":"https:\/\/www.arty-nails.org\/web_shop\/wp-json\/wp\/v2\/media\/44045"}],"wp:attachment":[{"href":"https:\/\/www.arty-nails.org\/web_shop\/wp-json\/wp\/v2\/media?parent=11240"}],"wp:term":[{"taxonomy":"product_brand","embeddable":true,"href":"https:\/\/www.arty-nails.org\/web_shop\/wp-json\/wp\/v2\/product_brand?post=11240"},{"taxonomy":"product_cat","embeddable":true,"href":"https:\/\/www.arty-nails.org\/web_shop\/wp-json\/wp\/v2\/product_cat?post=11240"},{"taxonomy":"product_tag","embeddable":true,"href":"https:\/\/www.arty-nails.org\/web_shop\/wp-json\/wp\/v2\/product_tag?post=11240"}],"curies":[{"name":"wp","href":"https:\/\/api.w.org\/{rel}","templated":true}]}}