{"id":11515,"date":"2022-04-21T12:51:31","date_gmt":"2022-04-21T10:51:31","guid":{"rendered":"https:\/\/www.arty-nails.org\/web_shop\/product\/nastavak-flame-non-abrasive-hbst-190nc-012-1327\/"},"modified":"2026-02-02T10:18:35","modified_gmt":"2026-02-02T09:18:35","slug":"nastavak-flame-non-abrasive-hbst-190nc-012-1327","status":"publish","type":"product","link":"https:\/\/www.arty-nails.org\/web_shop\/proizvod\/nastavak-flame-non-abrasive-hbst-190nc-012-1327\/","title":{"rendered":"NASTAVAK FLAME NON ABRASIVE 012 &#8211; 1327"},"content":{"rendered":"<p>Profesionalni nastavak za manikuru i pedikuru vrhunske kvalitete, izra\u0111en od najkvalitetnijih materijala. Made in EU.<\/p>\n<ul>\n<li>nije abrazivan<\/li>\n<li>ne mo\u017ee o\u0161tetiti nokat<\/li>\n<li>za podizanje ko\u017ee<\/li>\n<li>\u010di\u0161\u0107enje sinusa<\/li>\n<\/ul>\n","protected":false},"excerpt":{"rendered":"<p>Profesionalni nastavak za manikuru i pedikuru vrhunske kvalitete, izra\u0111en od najkvalitetnijih materijala. Made in EU. nije abrazivan ne mo\u017ee o\u0161tetiti nokat za podizanje ko\u017ee \u010di\u0161\u0107enje sinusa<\/p>\n","protected":false},"featured_media":11514,"comment_status":"closed","ping_status":"closed","template":"","meta":[],"product_brand":[55],"product_cat":[94],"product_tag":[],"class_list":{"0":"post-11515","1":"product","2":"type-product","3":"status-publish","4":"has-post-thumbnail","6":"product_brand-arty-nails","7":"product_cat-nastavci-za-brusilice-freze","9":"first","10":"instock","11":"shipping-taxable","12":"purchasable","13":"product-type-simple"},"_links":{"self":[{"href":"https:\/\/www.arty-nails.org\/web_shop\/wp-json\/wp\/v2\/product\/11515","targetHints":{"allow":["GET"]}}],"collection":[{"href":"https:\/\/www.arty-nails.org\/web_shop\/wp-json\/wp\/v2\/product"}],"about":[{"href":"https:\/\/www.arty-nails.org\/web_shop\/wp-json\/wp\/v2\/types\/product"}],"replies":[{"embeddable":true,"href":"https:\/\/www.arty-nails.org\/web_shop\/wp-json\/wp\/v2\/comments?post=11515"}],"wp:featuredmedia":[{"embeddable":true,"href":"https:\/\/www.arty-nails.org\/web_shop\/wp-json\/wp\/v2\/media\/11514"}],"wp:attachment":[{"href":"https:\/\/www.arty-nails.org\/web_shop\/wp-json\/wp\/v2\/media?parent=11515"}],"wp:term":[{"taxonomy":"product_brand","embeddable":true,"href":"https:\/\/www.arty-nails.org\/web_shop\/wp-json\/wp\/v2\/product_brand?post=11515"},{"taxonomy":"product_cat","embeddable":true,"href":"https:\/\/www.arty-nails.org\/web_shop\/wp-json\/wp\/v2\/product_cat?post=11515"},{"taxonomy":"product_tag","embeddable":true,"href":"https:\/\/www.arty-nails.org\/web_shop\/wp-json\/wp\/v2\/product_tag?post=11515"}],"curies":[{"name":"wp","href":"https:\/\/api.w.org\/{rel}","templated":true}]}}