{"id":11604,"date":"2022-05-10T20:10:38","date_gmt":"2022-05-10T18:10:38","guid":{"rendered":"https:\/\/www.arty-nails.org\/web_shop\/product\/nastavak-a-diamond-plamen-806-104-258-524-020n\/"},"modified":"2026-02-02T10:18:35","modified_gmt":"2026-02-02T09:18:35","slug":"nastavak-a-diamond-plamen-806-104-258-524-020n","status":"publish","type":"product","link":"https:\/\/www.arty-nails.org\/web_shop\/proizvod\/nastavak-a-diamond-plamen-806-104-258-524-020n\/","title":{"rendered":"NASTAVAK A-DIAMOND PLAMEN 806 104 258 524 021N &#8211; 1328"},"content":{"rendered":"<ul>\n<li>Lije\u010denje nabora noktiju i zanoktica<\/li>\n<li>izravnavanje i dorada<\/li>\n<li>Obrada umjetnih noktiju<\/li>\n<li>Dug \u017eivotni vijek<\/li>\n<li>Vrlo ugla\u0111en rad<\/li>\n<\/ul>\n<p>Dijamantni nastavak posebno je prikladan\u00a0za\u00a0dizanje zanoktica\u00a0i za zagla\u0111ivanje noktiju i \u017euljeva.<\/p>\n<p>&nbsp;<\/p>\n<div>Brzina: maksimalno 50.000 o\/min<\/div>\n<div>(preporu\u010dena brzina 40-50% maks. brzine)<\/div>\n","protected":false},"excerpt":{"rendered":"<p>Lije\u010denje nabora noktiju i zanoktica izravnavanje i dorada Obrada umjetnih noktiju Dug \u017eivotni vijek Vrlo ugla\u0111en rad Dijamantni nastavak posebno je prikladan\u00a0za\u00a0dizanje zanoktica\u00a0i za zagla\u0111ivanje noktiju i \u017euljeva. &nbsp; Brzina: maksimalno 50.000 o\/min (preporu\u010dena brzina 40-50% maks. brzine)<\/p>\n","protected":false},"featured_media":20833,"comment_status":"closed","ping_status":"closed","template":"","meta":[],"product_brand":[],"product_cat":[263],"product_tag":[],"class_list":{"0":"post-11604","1":"product","2":"type-product","3":"status-publish","4":"has-post-thumbnail","6":"product_cat-dijamantni-nastavci","8":"first","9":"instock","10":"shipping-taxable","11":"purchasable","12":"product-type-simple"},"_links":{"self":[{"href":"https:\/\/www.arty-nails.org\/web_shop\/wp-json\/wp\/v2\/product\/11604","targetHints":{"allow":["GET"]}}],"collection":[{"href":"https:\/\/www.arty-nails.org\/web_shop\/wp-json\/wp\/v2\/product"}],"about":[{"href":"https:\/\/www.arty-nails.org\/web_shop\/wp-json\/wp\/v2\/types\/product"}],"replies":[{"embeddable":true,"href":"https:\/\/www.arty-nails.org\/web_shop\/wp-json\/wp\/v2\/comments?post=11604"}],"wp:featuredmedia":[{"embeddable":true,"href":"https:\/\/www.arty-nails.org\/web_shop\/wp-json\/wp\/v2\/media\/20833"}],"wp:attachment":[{"href":"https:\/\/www.arty-nails.org\/web_shop\/wp-json\/wp\/v2\/media?parent=11604"}],"wp:term":[{"taxonomy":"product_brand","embeddable":true,"href":"https:\/\/www.arty-nails.org\/web_shop\/wp-json\/wp\/v2\/product_brand?post=11604"},{"taxonomy":"product_cat","embeddable":true,"href":"https:\/\/www.arty-nails.org\/web_shop\/wp-json\/wp\/v2\/product_cat?post=11604"},{"taxonomy":"product_tag","embeddable":true,"href":"https:\/\/www.arty-nails.org\/web_shop\/wp-json\/wp\/v2\/product_tag?post=11604"}],"curies":[{"name":"wp","href":"https:\/\/api.w.org\/{rel}","templated":true}]}}