{"id":11606,"date":"2022-05-10T20:25:45","date_gmt":"2022-05-10T18:25:45","guid":{"rendered":"https:\/\/www.arty-nails.org\/web_shop\/product\/nastavak-dijamantni-konus-806-104-199-524-014n-1329\/"},"modified":"2026-02-02T10:18:35","modified_gmt":"2026-02-02T09:18:35","slug":"nastavak-dijamantni-konus-806-104-199-524-014n-1329","status":"publish","type":"product","link":"https:\/\/www.arty-nails.org\/web_shop\/proizvod\/nastavak-dijamantni-konus-806-104-199-524-014n-1329\/","title":{"rendered":"NASTAVAK DIJAMANTNI KONUS 806 104 199 524 014N &#8211; 1329"},"content":{"rendered":"<ul>\n<li>Zagla\u0111ivanje \u017euljeva i noktiju<\/li>\n<li>Lije\u010denje nabora noktiju i zanoktica<\/li>\n<li>Dug \u017eivotni vijek<\/li>\n<li>Vrlo ugla\u0111en rad<\/li>\n<\/ul>\n<p>Dijamantna brusilica slu\u017ei za\u00a0zagla\u0111ivanje \u017euljeva i noktiju, \u010di\u0161\u0107enje sinusa nokta, odizanje ko\u017ee.\u00a0.<\/p>\n<div><\/div>\n<div>Brzina: maksimalno 50.000 o\/min<\/div>\n<div>(preporu\u010dena brzina 40-50% maks. brzine)<\/div>\n","protected":false},"excerpt":{"rendered":"<p>Zagla\u0111ivanje \u017euljeva i noktiju Lije\u010denje nabora noktiju i zanoktica Dug \u017eivotni vijek Vrlo ugla\u0111en rad Dijamantna brusilica slu\u017ei za\u00a0zagla\u0111ivanje \u017euljeva i noktiju, \u010di\u0161\u0107enje sinusa nokta, odizanje ko\u017ee.\u00a0. Brzina: maksimalno 50.000 o\/min (preporu\u010dena brzina 40-50% maks. brzine)<\/p>\n","protected":false},"featured_media":21111,"comment_status":"closed","ping_status":"closed","template":"","meta":[],"product_brand":[],"product_cat":[263],"product_tag":[],"class_list":{"0":"post-11606","1":"product","2":"type-product","3":"status-publish","4":"has-post-thumbnail","6":"product_cat-dijamantni-nastavci","8":"first","9":"instock","10":"shipping-taxable","11":"purchasable","12":"product-type-simple"},"_links":{"self":[{"href":"https:\/\/www.arty-nails.org\/web_shop\/wp-json\/wp\/v2\/product\/11606","targetHints":{"allow":["GET"]}}],"collection":[{"href":"https:\/\/www.arty-nails.org\/web_shop\/wp-json\/wp\/v2\/product"}],"about":[{"href":"https:\/\/www.arty-nails.org\/web_shop\/wp-json\/wp\/v2\/types\/product"}],"replies":[{"embeddable":true,"href":"https:\/\/www.arty-nails.org\/web_shop\/wp-json\/wp\/v2\/comments?post=11606"}],"wp:featuredmedia":[{"embeddable":true,"href":"https:\/\/www.arty-nails.org\/web_shop\/wp-json\/wp\/v2\/media\/21111"}],"wp:attachment":[{"href":"https:\/\/www.arty-nails.org\/web_shop\/wp-json\/wp\/v2\/media?parent=11606"}],"wp:term":[{"taxonomy":"product_brand","embeddable":true,"href":"https:\/\/www.arty-nails.org\/web_shop\/wp-json\/wp\/v2\/product_brand?post=11606"},{"taxonomy":"product_cat","embeddable":true,"href":"https:\/\/www.arty-nails.org\/web_shop\/wp-json\/wp\/v2\/product_cat?post=11606"},{"taxonomy":"product_tag","embeddable":true,"href":"https:\/\/www.arty-nails.org\/web_shop\/wp-json\/wp\/v2\/product_tag?post=11606"}],"curies":[{"name":"wp","href":"https:\/\/api.w.org\/{rel}","templated":true}]}}