{"id":11626,"date":"2022-05-28T22:44:45","date_gmt":"2022-05-28T20:44:45","guid":{"rendered":"https:\/\/www.arty-nails.org\/web_shop\/product\/arty-nails-profesionalni-pogurivac-earth-line-el-05\/"},"modified":"2026-02-02T10:15:10","modified_gmt":"2026-02-02T09:15:10","slug":"arty-nails-profesionalni-pogurivac-earth-line-el-05","status":"publish","type":"product","link":"https:\/\/www.arty-nails.org\/web_shop\/proizvod\/arty-nails-profesionalni-pogurivac-earth-line-el-05\/","title":{"rendered":"ARTY NAILS PROFESIONALNI POGURIVA\u010c EARTH LINE EL-05"},"content":{"rendered":"<p>Na\u0161i profesionalni poguriva\u010di za pedikuru i manikuru alat su koji svaki tehni\u010dar mora imati. \u0160iroka uporaba ovih proizvoda i njihova multifunkcionalnost stavljaju ih na prvo mjesto u ovom poslu.<\/p>\n<p>Izrazita kvaliteta materijala, moderna tehnologija obrade, medicinski nehr\u0111aju\u0107i \u010delik otporan na koroziju, neklizaju\u0107e ru\u010dke i mogu\u0107nost sterilizacije \u010dine ih ne samo neizostavnim, ve\u0107 i omiljenim alatom.<\/p>\n<p>Glavne karakteristike:<\/p>\n<ul>\n<li>Duljina proizvoda 137 mm<\/li>\n<li>Radni dijelovi: \u0161iroka \u0161patula, \u010dista\u010d (sjekirica)<\/li>\n<li>Ugodne ru\u010dke s naborima za prevenciju ispadanja alata iz ruku<\/li>\n<li>Ispolirani sjajni radni dijelovi alata<\/li>\n<li>Medicinski \u010delik AISI 420J2<\/li>\n<li>\u010cvrsto\u0107a materijala 52-56 HRC<\/li>\n<li>Mo\u017ee se dezinficirati i sterilizirati<\/li>\n<\/ul>\n","protected":false},"excerpt":{"rendered":"<p>Na\u0161i profesionalni poguriva\u010di za pedikuru i manikuru alat su koji svaki tehni\u010dar mora imati. \u0160iroka uporaba ovih proizvoda i njihova multifunkcionalnost stavljaju ih na prvo mjesto u ovom poslu. Izrazita kvaliteta materijala, moderna tehnologija obrade, medicinski nehr\u0111aju\u0107i \u010delik otporan na koroziju, neklizaju\u0107e ru\u010dke i mogu\u0107nost sterilizacije \u010dine ih ne samo neizostavnim, ve\u0107 i omiljenim alatom. [&hellip;]<\/p>\n","protected":false},"featured_media":11623,"comment_status":"closed","ping_status":"closed","template":"","meta":[],"product_brand":[55],"product_cat":[147,121,124],"product_tag":[],"class_list":{"0":"post-11626","1":"product","2":"type-product","3":"status-publish","4":"has-post-thumbnail","6":"product_brand-arty-nails","7":"product_cat-arty-nails-pribor-za-nokte-i-nail-art","8":"product_cat-pribor-za-nokte","9":"product_cat-pribor-za-pedikuru","11":"first","12":"instock","13":"shipping-taxable","14":"purchasable","15":"product-type-simple"},"_links":{"self":[{"href":"https:\/\/www.arty-nails.org\/web_shop\/wp-json\/wp\/v2\/product\/11626","targetHints":{"allow":["GET"]}}],"collection":[{"href":"https:\/\/www.arty-nails.org\/web_shop\/wp-json\/wp\/v2\/product"}],"about":[{"href":"https:\/\/www.arty-nails.org\/web_shop\/wp-json\/wp\/v2\/types\/product"}],"replies":[{"embeddable":true,"href":"https:\/\/www.arty-nails.org\/web_shop\/wp-json\/wp\/v2\/comments?post=11626"}],"wp:featuredmedia":[{"embeddable":true,"href":"https:\/\/www.arty-nails.org\/web_shop\/wp-json\/wp\/v2\/media\/11623"}],"wp:attachment":[{"href":"https:\/\/www.arty-nails.org\/web_shop\/wp-json\/wp\/v2\/media?parent=11626"}],"wp:term":[{"taxonomy":"product_brand","embeddable":true,"href":"https:\/\/www.arty-nails.org\/web_shop\/wp-json\/wp\/v2\/product_brand?post=11626"},{"taxonomy":"product_cat","embeddable":true,"href":"https:\/\/www.arty-nails.org\/web_shop\/wp-json\/wp\/v2\/product_cat?post=11626"},{"taxonomy":"product_tag","embeddable":true,"href":"https:\/\/www.arty-nails.org\/web_shop\/wp-json\/wp\/v2\/product_tag?post=11626"}],"curies":[{"name":"wp","href":"https:\/\/api.w.org\/{rel}","templated":true}]}}