{"id":11655,"date":"2022-06-10T19:10:57","date_gmt":"2022-06-10T17:10:57","guid":{"rendered":"https:\/\/www.arty-nails.org\/web_shop\/product\/reforma-hot-trio-kolekcija-trajnih-lakova\/"},"modified":"2024-01-14T03:38:33","modified_gmt":"2024-01-14T02:38:33","slug":"reforma-hot-trio-kolekcija-trajnih-lakova","status":"publish","type":"product","link":"https:\/\/www.arty-nails.org\/web_shop\/proizvod\/reforma-hot-trio-kolekcija-trajnih-lakova\/","title":{"rendered":"REFORMA HOT TRIO KOLEKCIJA TRAJNIH LAKOVA"},"content":{"rendered":"<p>Vru\u0107e novosti iz Reforme!<\/p>\n<p>Sve \u0161to vam treba za savr\u0161eno vru\u0107e ljeto su nove bo\u017eanstvene boje Hot Trio kolekcije:<\/p>\n<ul>\n<li>Paradise \u2013 neon yellow<\/li>\n<li>Despacito \u2013 neon orange<\/li>\n<li>Friyay \u2013 neon red<\/li>\n<\/ul>\n<p>Isprobajte savr\u0161enu prekrivnost ovih boja za koje ve\u0107 znamo da su pravi ljetni hit!<\/p>\n","protected":false},"excerpt":{"rendered":"<p>Vru\u0107e novosti iz Reforme! Sve \u0161to vam treba za savr\u0161eno vru\u0107e ljeto su nove bo\u017eanstvene boje Hot Trio kolekcije: Paradise \u2013 neon yellow Despacito \u2013 neon orange Friyay \u2013 neon red Isprobajte savr\u0161enu prekrivnost ovih boja za koje ve\u0107 znamo da su pravi ljetni hit!<\/p>\n","protected":false},"featured_media":11654,"comment_status":"closed","ping_status":"closed","template":"","meta":[],"product_brand":[50],"product_cat":[172,187,171],"product_tag":[],"class_list":{"0":"post-11655","1":"product","2":"type-product","3":"status-publish","4":"has-post-thumbnail","6":"product_brand-reforma","7":"product_cat-posebne-ponude-reforma","8":"product_cat-reforma-setovi-i-kolekcije-trajnih-lakova","9":"product_cat-setovi-i-kolekcije-trajnih-lakova-reforma","11":"first","12":"instock","13":"sale","14":"shipping-taxable","15":"purchasable","16":"product-type-simple"},"_links":{"self":[{"href":"https:\/\/www.arty-nails.org\/web_shop\/wp-json\/wp\/v2\/product\/11655","targetHints":{"allow":["GET"]}}],"collection":[{"href":"https:\/\/www.arty-nails.org\/web_shop\/wp-json\/wp\/v2\/product"}],"about":[{"href":"https:\/\/www.arty-nails.org\/web_shop\/wp-json\/wp\/v2\/types\/product"}],"replies":[{"embeddable":true,"href":"https:\/\/www.arty-nails.org\/web_shop\/wp-json\/wp\/v2\/comments?post=11655"}],"wp:featuredmedia":[{"embeddable":true,"href":"https:\/\/www.arty-nails.org\/web_shop\/wp-json\/wp\/v2\/media\/11654"}],"wp:attachment":[{"href":"https:\/\/www.arty-nails.org\/web_shop\/wp-json\/wp\/v2\/media?parent=11655"}],"wp:term":[{"taxonomy":"product_brand","embeddable":true,"href":"https:\/\/www.arty-nails.org\/web_shop\/wp-json\/wp\/v2\/product_brand?post=11655"},{"taxonomy":"product_cat","embeddable":true,"href":"https:\/\/www.arty-nails.org\/web_shop\/wp-json\/wp\/v2\/product_cat?post=11655"},{"taxonomy":"product_tag","embeddable":true,"href":"https:\/\/www.arty-nails.org\/web_shop\/wp-json\/wp\/v2\/product_tag?post=11655"}],"curies":[{"name":"wp","href":"https:\/\/api.w.org\/{rel}","templated":true}]}}