{"id":11713,"date":"2022-07-12T18:05:28","date_gmt":"2022-07-12T16:05:28","guid":{"rendered":"https:\/\/www.arty-nails.org\/web_shop\/product\/arty-nails-diamond-glower-top-coat-5-ml\/"},"modified":"2026-02-02T09:28:59","modified_gmt":"2026-02-02T08:28:59","slug":"arty-nails-diamond-glower-top-coat-5-ml","status":"publish","type":"product","link":"https:\/\/www.arty-nails.org\/web_shop\/proizvod\/arty-nails-diamond-glower-top-coat-5-ml\/","title":{"rendered":"ARTY NAILS DIAMOND GLOWER TOP COAT 5 ml  (Hema, Di-Hema, TPO free)"},"content":{"rendered":"<p>Prozirni top coat s finim svjetlucavim \u010desticama. U tren oka promijenit \u0107e svaku stilizaciju daju\u0107i joj prekrasan sjaj.<\/p>\n<p>Zablistajte u trenu i postignite glamurozan efekt uz vrlo malo truda.<\/p>\n<p>Nema ljepljivi sloj.<\/p>\n<p>Vrijeme su\u0161enja ovisi o ja\u010dini i kvaliteti UV\/LED lampe i \u017earulja koje koristite.<\/p>\n","protected":false},"excerpt":{"rendered":"<p>Prozirni top coat s finim svjetlucavim \u010desticama. U tren oka promijenit \u0107e svaku stilizaciju daju\u0107i joj prekrasan sjaj. Zablistajte u trenu i postignite glamurozan efekt uz vrlo malo truda. Nema ljepljivi sloj. Vrijeme su\u0161enja ovisi o ja\u010dini i kvaliteti UV\/LED lampe i \u017earulja koje koristite.<\/p>\n","protected":false},"featured_media":11711,"comment_status":"closed","ping_status":"closed","template":"","meta":[],"product_brand":[55],"product_cat":[252,249],"product_tag":[],"class_list":{"0":"post-11713","1":"product","2":"type-product","3":"status-publish","4":"has-post-thumbnail","6":"product_brand-arty-nails","7":"product_cat-arty-nails-zavrsni-sjajevi","8":"product_cat-zavrsni-sjajevi-arty-nails","10":"first","11":"instock","12":"shipping-taxable","13":"purchasable","14":"product-type-simple"},"_links":{"self":[{"href":"https:\/\/www.arty-nails.org\/web_shop\/wp-json\/wp\/v2\/product\/11713","targetHints":{"allow":["GET"]}}],"collection":[{"href":"https:\/\/www.arty-nails.org\/web_shop\/wp-json\/wp\/v2\/product"}],"about":[{"href":"https:\/\/www.arty-nails.org\/web_shop\/wp-json\/wp\/v2\/types\/product"}],"replies":[{"embeddable":true,"href":"https:\/\/www.arty-nails.org\/web_shop\/wp-json\/wp\/v2\/comments?post=11713"}],"wp:featuredmedia":[{"embeddable":true,"href":"https:\/\/www.arty-nails.org\/web_shop\/wp-json\/wp\/v2\/media\/11711"}],"wp:attachment":[{"href":"https:\/\/www.arty-nails.org\/web_shop\/wp-json\/wp\/v2\/media?parent=11713"}],"wp:term":[{"taxonomy":"product_brand","embeddable":true,"href":"https:\/\/www.arty-nails.org\/web_shop\/wp-json\/wp\/v2\/product_brand?post=11713"},{"taxonomy":"product_cat","embeddable":true,"href":"https:\/\/www.arty-nails.org\/web_shop\/wp-json\/wp\/v2\/product_cat?post=11713"},{"taxonomy":"product_tag","embeddable":true,"href":"https:\/\/www.arty-nails.org\/web_shop\/wp-json\/wp\/v2\/product_tag?post=11713"}],"curies":[{"name":"wp","href":"https:\/\/api.w.org\/{rel}","templated":true}]}}