{"id":11727,"date":"2022-07-13T18:45:55","date_gmt":"2022-07-13T16:45:55","guid":{"rendered":"https:\/\/www.arty-nails.org\/web_shop\/product\/dvostrani-pogurivac-zanoktica\/"},"modified":"2026-02-02T10:15:09","modified_gmt":"2026-02-02T09:15:09","slug":"dvostrani-pogurivac-zanoktica","status":"publish","type":"product","link":"https:\/\/www.arty-nails.org\/web_shop\/proizvod\/dvostrani-pogurivac-zanoktica\/","title":{"rendered":"DVOSTRANI POGURIVA\u010c ZANOKTICA"},"content":{"rendered":"<p>Profesionalni dvostrani alat za manikuru i pedikuru od nehr\u0111aju\u0107eg \u010delika, pogodan za dezinfekciju i sterilizaciju.<\/p>\n<p>Glavne zna\u010dajke:<\/p>\n<ul>\n<li>\u0161iroki poguriva\u010d na jednoj i \u0161iljasti dio na drugoj strani<\/li>\n<li>zaobljeni oblik poguriva\u010da za lak\u0161i rad u zakrivljenom dijelu<\/li>\n<li>zakrivljeni oblik omogu\u0107uje vam da odignete kutikulu koja \u010dvrsto prianja bez ozlje\u0111ivanja plo\u010de nokta<\/li>\n<li>neklizaju\u0107a dr\u0161ka za \u010dvrsto dr\u017eanje alata prilikom rada<\/li>\n<li>preporu\u010duje se i za manikuru i za pedikuru<\/li>\n<\/ul>\n","protected":false},"excerpt":{"rendered":"<p>Profesionalni dvostrani alat za manikuru i pedikuru od nehr\u0111aju\u0107eg \u010delika, pogodan za dezinfekciju i sterilizaciju. Glavne zna\u010dajke: \u0161iroki poguriva\u010d na jednoj i \u0161iljasti dio na drugoj strani zaobljeni oblik poguriva\u010da za lak\u0161i rad u zakrivljenom dijelu zakrivljeni oblik omogu\u0107uje vam da odignete kutikulu koja \u010dvrsto prianja bez ozlje\u0111ivanja plo\u010de nokta neklizaju\u0107a dr\u0161ka za \u010dvrsto dr\u017eanje [&hellip;]<\/p>\n","protected":false},"featured_media":11721,"comment_status":"closed","ping_status":"closed","template":"","meta":[],"product_brand":[55],"product_cat":[147,121,124],"product_tag":[],"class_list":{"0":"post-11727","1":"product","2":"type-product","3":"status-publish","4":"has-post-thumbnail","6":"product_brand-arty-nails","7":"product_cat-arty-nails-pribor-za-nokte-i-nail-art","8":"product_cat-pribor-za-nokte","9":"product_cat-pribor-za-pedikuru","11":"first","12":"instock","13":"shipping-taxable","14":"purchasable","15":"product-type-simple"},"_links":{"self":[{"href":"https:\/\/www.arty-nails.org\/web_shop\/wp-json\/wp\/v2\/product\/11727","targetHints":{"allow":["GET"]}}],"collection":[{"href":"https:\/\/www.arty-nails.org\/web_shop\/wp-json\/wp\/v2\/product"}],"about":[{"href":"https:\/\/www.arty-nails.org\/web_shop\/wp-json\/wp\/v2\/types\/product"}],"replies":[{"embeddable":true,"href":"https:\/\/www.arty-nails.org\/web_shop\/wp-json\/wp\/v2\/comments?post=11727"}],"wp:featuredmedia":[{"embeddable":true,"href":"https:\/\/www.arty-nails.org\/web_shop\/wp-json\/wp\/v2\/media\/11721"}],"wp:attachment":[{"href":"https:\/\/www.arty-nails.org\/web_shop\/wp-json\/wp\/v2\/media?parent=11727"}],"wp:term":[{"taxonomy":"product_brand","embeddable":true,"href":"https:\/\/www.arty-nails.org\/web_shop\/wp-json\/wp\/v2\/product_brand?post=11727"},{"taxonomy":"product_cat","embeddable":true,"href":"https:\/\/www.arty-nails.org\/web_shop\/wp-json\/wp\/v2\/product_cat?post=11727"},{"taxonomy":"product_tag","embeddable":true,"href":"https:\/\/www.arty-nails.org\/web_shop\/wp-json\/wp\/v2\/product_tag?post=11727"}],"curies":[{"name":"wp","href":"https:\/\/api.w.org\/{rel}","templated":true}]}}