{"id":11763,"date":"2022-07-23T21:40:23","date_gmt":"2022-07-23T19:40:23","guid":{"rendered":"https:\/\/www.arty-nails.org\/web_shop\/product\/arty-nails-milky-white-keratin-builder-gel-15-ml\/"},"modified":"2026-02-16T18:05:07","modified_gmt":"2026-02-16T17:05:07","slug":"arty-nails-milky-white-keratin-builder-gel-15-ml","status":"publish","type":"product","link":"https:\/\/www.arty-nails.org\/web_shop\/proizvod\/arty-nails-milky-white-keratin-builder-gel-15-ml\/","title":{"rendered":"ARTY NAILS MILKY WHITE KERATIN BUILDER GEL 15 ml  (Hema, Di-Hema, TPO free)"},"content":{"rendered":"<p>Ovaj unikatan proizvod novost je u svijetu noktiju. Gelovi su izuzetno \u010dvrsti, jako jednostavni za rad, pune pigmentacije, predivnih boja, samoniveliraju\u0107i, savr\u0161eni i za no file tehniku rada. Proizvod koji do sada niste imali priliku isprobati i koji \u0107e vam olak\u0161ati rad i ubrzati posao.<\/p>\n<ul>\n<li>bez osje\u0107aja peckanja<\/li>\n<li>bez mirisa<\/li>\n<li>superiorno prianja i ne odi\u017ee se<\/li>\n<li>no file tehnika rada \u2013 bez turpijanja<\/li>\n<li>samoniveliraju\u0107i<\/li>\n<li>bez razlijevanja<\/li>\n<li>izrazito lagani za rad<\/li>\n<li>ekstremno \u010dvrsti<\/li>\n<li>pogodni za jako duge nokte<\/li>\n<li>sadr\u017ee prave fiber niti<\/li>\n<li>prepuni keratina<\/li>\n<li>unikatna formula na tr\u017ei\u0161tu<\/li>\n<\/ul>\n<p>Su\u0161iti 1 do 2 minute u LED lampi. Su\u0161enje ovisi o ja\u010dini i kvaliteti LED lampe.<\/p>\n","protected":false},"excerpt":{"rendered":"<p>Ovaj unikatan proizvod novost je u svijetu noktiju. Gelovi su izuzetno \u010dvrsti, jako jednostavni za rad, pune pigmentacije, predivnih boja, samoniveliraju\u0107i, savr\u0161eni i za no file tehniku rada. Proizvod koji do sada niste imali priliku isprobati i koji \u0107e vam olak\u0161ati rad i ubrzati posao. bez osje\u0107aja peckanja bez mirisa superiorno prianja i ne odi\u017ee [&hellip;]<\/p>\n","protected":false},"featured_media":11759,"comment_status":"closed","ping_status":"closed","template":"","meta":[],"product_brand":[55],"product_cat":[85,140],"product_tag":[],"class_list":{"0":"post-11763","1":"product","2":"type-product","3":"status-publish","4":"has-post-thumbnail","6":"product_brand-arty-nails","7":"product_cat-arty-nails-gelovi","8":"product_cat-gradivni-gelovi-arty-nails","10":"first","11":"instock","12":"shipping-taxable","13":"purchasable","14":"product-type-simple"},"_links":{"self":[{"href":"https:\/\/www.arty-nails.org\/web_shop\/wp-json\/wp\/v2\/product\/11763","targetHints":{"allow":["GET"]}}],"collection":[{"href":"https:\/\/www.arty-nails.org\/web_shop\/wp-json\/wp\/v2\/product"}],"about":[{"href":"https:\/\/www.arty-nails.org\/web_shop\/wp-json\/wp\/v2\/types\/product"}],"replies":[{"embeddable":true,"href":"https:\/\/www.arty-nails.org\/web_shop\/wp-json\/wp\/v2\/comments?post=11763"}],"wp:featuredmedia":[{"embeddable":true,"href":"https:\/\/www.arty-nails.org\/web_shop\/wp-json\/wp\/v2\/media\/11759"}],"wp:attachment":[{"href":"https:\/\/www.arty-nails.org\/web_shop\/wp-json\/wp\/v2\/media?parent=11763"}],"wp:term":[{"taxonomy":"product_brand","embeddable":true,"href":"https:\/\/www.arty-nails.org\/web_shop\/wp-json\/wp\/v2\/product_brand?post=11763"},{"taxonomy":"product_cat","embeddable":true,"href":"https:\/\/www.arty-nails.org\/web_shop\/wp-json\/wp\/v2\/product_cat?post=11763"},{"taxonomy":"product_tag","embeddable":true,"href":"https:\/\/www.arty-nails.org\/web_shop\/wp-json\/wp\/v2\/product_tag?post=11763"}],"curies":[{"name":"wp","href":"https:\/\/api.w.org\/{rel}","templated":true}]}}