{"id":11780,"date":"2022-08-11T18:13:11","date_gmt":"2022-08-11T16:13:11","guid":{"rendered":"https:\/\/www.arty-nails.org\/web_shop\/product\/nastavak-diamond-257514023n-0957-1822-1822\/"},"modified":"2026-02-02T10:18:35","modified_gmt":"2026-02-02T09:18:35","slug":"nastavak-diamond-257514023n-0957-1822-1822","status":"publish","type":"product","link":"https:\/\/www.arty-nails.org\/web_shop\/proizvod\/nastavak-diamond-257514023n-0957-1822-1822\/","title":{"rendered":"NASTAVAK DIAMOND 806 104 257 524 023N &#8211;  1378"},"content":{"rendered":"<h1><span>Dijamantni nastavak \u00d8 2,3 mm<\/span><br \/><span>medium zrno, suznog oblika<\/span><\/h1>\n<p><span><span>Ruska manikura &#8211;&nbsp; Podru\u010dje primjene (studio za nokte):<\/span><\/span><br \/><span><span>\u2022 Fina obrada rubova i nabora nokta<\/span><\/span><br \/><span><span>\u2022 Dug radni vijek<\/span><\/span><br \/><span><span>\u2022&nbsp;Odizanje i obrada zanoktica<\/span><\/span><\/p>\n<p><span><span>&nbsp;<\/span><span>Ovaj mali dijamantni komad posebno je prikladan za obradu rubova nokta \/ uklanjanje kutikula.<\/span><\/span><\/p>\n<p>Dijamantna brusilica za prirodne nokte i ro\u017enicu (njega stopala i podijatrija):<br \/><span>\u2022 Obrada kutikula i nabora na noktima<\/span><br \/><span>\u2022 Dug radni vijek<\/span><\/p>\n<p><span><span>U medicinskoj i kozmeti\u010dkoj njezi stopala dijamantni nastavak je apsolutni &#8220;must have&#8221; za doradu prirodnih noktiju kao i za bru\u0161enje na ko\u017ei i noktima.<\/span><\/span><br \/><span><span>U podijariji je sitni dijamantni nastavak posebno djelotvoran za&nbsp;zagla\u0111ivanje&nbsp;<\/span><\/span><i><span><span>povr\u0161ine<\/span><\/span><\/i><span><span>&nbsp;nokta do podru\u010dja&nbsp; nabora, na podru\u010dju no\u017enih prstiju , zanoktica itd.&nbsp;<\/span><\/span><\/p>\n<h2>&nbsp;<\/h2>\n<p>PU: 1<br \/><span><span>brzina: max.&nbsp;<\/span><span>50.000 o<\/span><\/span><br \/><span><span>\/&nbsp;<\/span><span>min&nbsp;<\/span><span>(&nbsp;<\/span><span>preporuka za&nbsp;<\/span><span>brzinu 40\u201350% najve\u0107e brzine)<\/span><\/span><\/p>\n","protected":false},"excerpt":{"rendered":"<p>Dijamantni nastavak \u00d8 2,3 mmmedium zrno, suznog oblika Ruska manikura &#8211;&nbsp; Podru\u010dje primjene (studio za nokte):\u2022 Fina obrada rubova i nabora nokta\u2022 Dug radni vijek\u2022&nbsp;Odizanje i obrada zanoktica &nbsp;Ovaj mali dijamantni komad posebno je prikladan za obradu rubova nokta \/ uklanjanje kutikula. Dijamantna brusilica za prirodne nokte i ro\u017enicu (njega stopala i podijatrija):\u2022 Obrada kutikula [&hellip;]<\/p>\n","protected":false},"featured_media":11779,"comment_status":"closed","ping_status":"closed","template":"","meta":[],"product_brand":[],"product_cat":[263],"product_tag":[],"class_list":{"0":"post-11780","1":"product","2":"type-product","3":"status-publish","4":"has-post-thumbnail","6":"product_cat-dijamantni-nastavci","8":"first","9":"instock","10":"shipping-taxable","11":"purchasable","12":"product-type-simple"},"_links":{"self":[{"href":"https:\/\/www.arty-nails.org\/web_shop\/wp-json\/wp\/v2\/product\/11780","targetHints":{"allow":["GET"]}}],"collection":[{"href":"https:\/\/www.arty-nails.org\/web_shop\/wp-json\/wp\/v2\/product"}],"about":[{"href":"https:\/\/www.arty-nails.org\/web_shop\/wp-json\/wp\/v2\/types\/product"}],"replies":[{"embeddable":true,"href":"https:\/\/www.arty-nails.org\/web_shop\/wp-json\/wp\/v2\/comments?post=11780"}],"wp:featuredmedia":[{"embeddable":true,"href":"https:\/\/www.arty-nails.org\/web_shop\/wp-json\/wp\/v2\/media\/11779"}],"wp:attachment":[{"href":"https:\/\/www.arty-nails.org\/web_shop\/wp-json\/wp\/v2\/media?parent=11780"}],"wp:term":[{"taxonomy":"product_brand","embeddable":true,"href":"https:\/\/www.arty-nails.org\/web_shop\/wp-json\/wp\/v2\/product_brand?post=11780"},{"taxonomy":"product_cat","embeddable":true,"href":"https:\/\/www.arty-nails.org\/web_shop\/wp-json\/wp\/v2\/product_cat?post=11780"},{"taxonomy":"product_tag","embeddable":true,"href":"https:\/\/www.arty-nails.org\/web_shop\/wp-json\/wp\/v2\/product_tag?post=11780"}],"curies":[{"name":"wp","href":"https:\/\/api.w.org\/{rel}","templated":true}]}}