{"id":21687,"date":"2022-10-30T15:18:57","date_gmt":"2022-10-30T14:18:57","guid":{"rendered":"https:\/\/www.arty-nails.org\/web_shop\/?post_type=product&#038;p=21687"},"modified":"2026-02-02T10:04:38","modified_gmt":"2026-02-02T09:04:38","slug":"arty-nails-kist-za-gel-kolinsky-kosi-french","status":"publish","type":"product","link":"https:\/\/www.arty-nails.org\/web_shop\/proizvod\/arty-nails-kist-za-gel-kolinsky-kosi-french\/","title":{"rendered":"ARTY NAILS KIST ZA GEL KOLINSKY KOSI &#8211; FRENCH"},"content":{"rendered":"<p>Kist za gel kolinsky, savr\u0161eno koso rezan, napravljen je od najkvalitetnije \u010diste kolinsky dlake radi bolje izdr\u017eljivosti i rezultata. Kist se koristi za savr\u0161eno iscrtavanje french linije. Zbog svoje o\u0161to rezane dlake daje izrazito preciznu liniju koju je te\u0161ko ostvariti s nekim drugim kistom . Tako\u0111er ovaj kist se korisiti za nail art i one stroke tehniku rada. Crtanje cvije\u0107a itd. Ima elegantnu metalnu dr\u0161ku s poklopcem na kojoj je ugravirana veli\u010dina i funkcija kista.<\/p>\n<p>Kako biste produ\u017eili dugotrajnost va\u0161im kistovima, preporu\u010dujemo kori\u0161tenje Arty Nails teku\u0107ine za \u010di\u0161\u0107enje kistova koja \u010disti svu ne\u010disto\u0107u poput ostataka gela ili boja. Teku\u010dinu mo\u017eete prona\u0107i u na\u0161oj web trgovini.<\/p>\n","protected":false},"excerpt":{"rendered":"<p>Kist za gel kolinsky, savr\u0161eno koso rezan, napravljen je od najkvalitetnije \u010diste kolinsky dlake radi bolje izdr\u017eljivosti i rezultata. Kist se koristi za savr\u0161eno iscrtavanje french linije. Zbog svoje o\u0161to rezane dlake daje izrazito preciznu liniju koju je te\u0161ko ostvariti s nekim drugim kistom . Tako\u0111er ovaj kist se korisiti za nail art i one [&hellip;]<\/p>\n","protected":false},"featured_media":21717,"comment_status":"closed","ping_status":"closed","template":"","meta":[],"product_brand":[55],"product_cat":[150,242],"product_tag":[],"class_list":{"0":"post-21687","1":"product","2":"type-product","3":"status-publish","4":"has-post-thumbnail","6":"product_brand-arty-nails","7":"product_cat-arty-nails-kistovi","8":"product_cat-kistovi-za-gel","10":"first","11":"instock","12":"shipping-taxable","13":"purchasable","14":"product-type-simple"},"_links":{"self":[{"href":"https:\/\/www.arty-nails.org\/web_shop\/wp-json\/wp\/v2\/product\/21687","targetHints":{"allow":["GET"]}}],"collection":[{"href":"https:\/\/www.arty-nails.org\/web_shop\/wp-json\/wp\/v2\/product"}],"about":[{"href":"https:\/\/www.arty-nails.org\/web_shop\/wp-json\/wp\/v2\/types\/product"}],"replies":[{"embeddable":true,"href":"https:\/\/www.arty-nails.org\/web_shop\/wp-json\/wp\/v2\/comments?post=21687"}],"wp:featuredmedia":[{"embeddable":true,"href":"https:\/\/www.arty-nails.org\/web_shop\/wp-json\/wp\/v2\/media\/21717"}],"wp:attachment":[{"href":"https:\/\/www.arty-nails.org\/web_shop\/wp-json\/wp\/v2\/media?parent=21687"}],"wp:term":[{"taxonomy":"product_brand","embeddable":true,"href":"https:\/\/www.arty-nails.org\/web_shop\/wp-json\/wp\/v2\/product_brand?post=21687"},{"taxonomy":"product_cat","embeddable":true,"href":"https:\/\/www.arty-nails.org\/web_shop\/wp-json\/wp\/v2\/product_cat?post=21687"},{"taxonomy":"product_tag","embeddable":true,"href":"https:\/\/www.arty-nails.org\/web_shop\/wp-json\/wp\/v2\/product_tag?post=21687"}],"curies":[{"name":"wp","href":"https:\/\/api.w.org\/{rel}","templated":true}]}}