{"id":21763,"date":"2023-03-09T21:12:11","date_gmt":"2023-03-09T20:12:11","guid":{"rendered":"https:\/\/www.arty-nails.org\/web_shop\/?post_type=product&#038;p=21763"},"modified":"2026-02-02T10:15:08","modified_gmt":"2026-02-02T09:15:08","slug":"klijesta-za-nokte-i-kozu-podo-pro-10-7-mm","status":"publish","type":"product","link":"https:\/\/www.arty-nails.org\/web_shop\/proizvod\/klijesta-za-nokte-i-kozu-podo-pro-10-7-mm\/","title":{"rendered":"KLIJE\u0160TA ZA NOKTE I KO\u017dU PODO PRO 10 &#8211; 7 mm"},"content":{"rendered":"<p><strong><span class=\"Y2IQFc\" lang=\"hr\">KLJU\u010cNE ZNA\u010cAJKE <\/span><\/strong><\/p>\n<ul>\n<li><span class=\"Y2IQFc\" lang=\"hr\">rezni rubovi s nagibom; <\/span><\/li>\n<li><span class=\"Y2IQFc\" lang=\"hr\">rezni dio s izbo\u010dinom;<\/span><\/li>\n<li><span class=\"Y2IQFc\" lang=\"hr\">besprijekorna o\u0161trina i potpuno stezanje o\u0161trice zahvaljuju\u0107i profesionalnom ru\u010dnom vi\u0161estupanjskom o\u0161trenju; <\/span><\/li>\n<li><span class=\"Y2IQFc\" lang=\"hr\">klasi\u010dna veli\u010dina rupe za prste.<\/span><\/li>\n<\/ul>\n<h3><\/h3>\n<h3 class=\"key_features_title\">KEY FEATURES<\/h3>\n<div class=\"woocommerce-product-details__short-description\">\n<div class=\"u-toggle-text-next-btn --short --expanded\">\n<ul>\n<li>cutting edges with inclination;<\/li>\n<li>cutting part with protrusion;<\/li>\n<li>impeccable sharpness and full cutting edge pinching due to professional manual multi-stage sharpening;<\/li>\n<li>classic finger hole size.<\/li>\n<\/ul>\n<\/div>\n<\/div>\n","protected":false},"excerpt":{"rendered":"<p>KLJU\u010cNE ZNA\u010cAJKE rezni rubovi s nagibom; rezni dio s izbo\u010dinom; besprijekorna o\u0161trina i potpuno stezanje o\u0161trice zahvaljuju\u0107i profesionalnom ru\u010dnom vi\u0161estupanjskom o\u0161trenju; klasi\u010dna veli\u010dina rupe za prste. KEY FEATURES cutting edges with inclination; cutting part with protrusion; impeccable sharpness and full cutting edge pinching due to professional manual multi-stage sharpening; classic finger hole size.<\/p>\n","protected":false},"featured_media":24867,"comment_status":"closed","ping_status":"closed","template":"","meta":[],"product_brand":[],"product_cat":[147,121,124],"product_tag":[],"class_list":{"0":"post-21763","1":"product","2":"type-product","3":"status-publish","4":"has-post-thumbnail","6":"product_cat-arty-nails-pribor-za-nokte-i-nail-art","7":"product_cat-pribor-za-nokte","8":"product_cat-pribor-za-pedikuru","10":"first","11":"instock","12":"shipping-taxable","13":"purchasable","14":"product-type-simple"},"_links":{"self":[{"href":"https:\/\/www.arty-nails.org\/web_shop\/wp-json\/wp\/v2\/product\/21763","targetHints":{"allow":["GET"]}}],"collection":[{"href":"https:\/\/www.arty-nails.org\/web_shop\/wp-json\/wp\/v2\/product"}],"about":[{"href":"https:\/\/www.arty-nails.org\/web_shop\/wp-json\/wp\/v2\/types\/product"}],"replies":[{"embeddable":true,"href":"https:\/\/www.arty-nails.org\/web_shop\/wp-json\/wp\/v2\/comments?post=21763"}],"wp:featuredmedia":[{"embeddable":true,"href":"https:\/\/www.arty-nails.org\/web_shop\/wp-json\/wp\/v2\/media\/24867"}],"wp:attachment":[{"href":"https:\/\/www.arty-nails.org\/web_shop\/wp-json\/wp\/v2\/media?parent=21763"}],"wp:term":[{"taxonomy":"product_brand","embeddable":true,"href":"https:\/\/www.arty-nails.org\/web_shop\/wp-json\/wp\/v2\/product_brand?post=21763"},{"taxonomy":"product_cat","embeddable":true,"href":"https:\/\/www.arty-nails.org\/web_shop\/wp-json\/wp\/v2\/product_cat?post=21763"},{"taxonomy":"product_tag","embeddable":true,"href":"https:\/\/www.arty-nails.org\/web_shop\/wp-json\/wp\/v2\/product_tag?post=21763"}],"curies":[{"name":"wp","href":"https:\/\/api.w.org\/{rel}","templated":true}]}}