{"id":21994,"date":"2022-05-28T21:20:22","date_gmt":"2022-05-28T19:20:22","guid":{"rendered":"https:\/\/www.arty-nails.org\/web_shop\/?post_type=product&#038;p=21994"},"modified":"2026-02-02T10:15:10","modified_gmt":"2026-02-02T09:15:10","slug":"arty-nails-profesionalne-skarice-earth-line-el-1-21-kopiraj","status":"publish","type":"product","link":"https:\/\/www.arty-nails.org\/web_shop\/proizvod\/arty-nails-profesionalne-skarice-earth-line-el-1-21-kopiraj\/","title":{"rendered":"ARTY NAILS PROFESIONALNE \u0160KARICE EARTH LINE EL-2-18"},"content":{"rendered":"<p>Ova superiorna linija \u0161karica ima prvoklasne funkcionalne karakteristike koje tra\u017ei svaki kupac. Dugotrajnost, dizajn, super osje\u0107aj u rukama ne samo da poma\u017eu izvesti savr\u0161enu manikuru i pedikuru, ve\u0107 zaslu\u017euju biti na tronu kao omiljeni alat mastera. Visoka otpornost na koroziju, izra\u0111ene od AISI 420J2 medicinskog \u010delika, samo su neke od njihovih savr\u0161enih performansi.<\/p>\n<p>Glavne karakteristike:<\/p>\n<ul>\n<li>Duljina alata 105 mm, duljina o\u0161trica 18 mm<\/li>\n<li>Optimalan okrugli oblik dr\u0161ke za lagano kori\u0161tenje<\/li>\n<li>Matirane ru\u010dke, sjajne unutarnje stranice<\/li>\n<li>Profesionalno ru\u010dno o\u0161trenje<\/li>\n<li>Medicinski \u010delik AISI 420J2<\/li>\n<li>\u010cvrsto\u0107a materijala 50-52 HRC<\/li>\n<li>Pobolj\u0161ana povr\u0161ina materijala za dezinfekciju i sterilizaciju<\/li>\n<\/ul>\n","protected":false},"excerpt":{"rendered":"<p>Ova superiorna linija \u0161karica ima prvoklasne funkcionalne karakteristike koje tra\u017ei svaki kupac. Dugotrajnost, dizajn, super osje\u0107aj u rukama ne samo da poma\u017eu izvesti savr\u0161enu manikuru i pedikuru, ve\u0107 zaslu\u017euju biti na tronu kao omiljeni alat mastera. Visoka otpornost na koroziju, izra\u0111ene od AISI 420J2 medicinskog \u010delika, samo su neke od njihovih savr\u0161enih performansi. Glavne karakteristike: [&hellip;]<\/p>\n","protected":false},"featured_media":22000,"comment_status":"closed","ping_status":"closed","template":"","meta":[],"product_brand":[55],"product_cat":[147,121,124],"product_tag":[],"class_list":{"0":"post-21994","1":"product","2":"type-product","3":"status-publish","4":"has-post-thumbnail","6":"product_brand-arty-nails","7":"product_cat-arty-nails-pribor-za-nokte-i-nail-art","8":"product_cat-pribor-za-nokte","9":"product_cat-pribor-za-pedikuru","11":"first","12":"instock","13":"shipping-taxable","14":"purchasable","15":"product-type-simple"},"_links":{"self":[{"href":"https:\/\/www.arty-nails.org\/web_shop\/wp-json\/wp\/v2\/product\/21994","targetHints":{"allow":["GET"]}}],"collection":[{"href":"https:\/\/www.arty-nails.org\/web_shop\/wp-json\/wp\/v2\/product"}],"about":[{"href":"https:\/\/www.arty-nails.org\/web_shop\/wp-json\/wp\/v2\/types\/product"}],"replies":[{"embeddable":true,"href":"https:\/\/www.arty-nails.org\/web_shop\/wp-json\/wp\/v2\/comments?post=21994"}],"wp:featuredmedia":[{"embeddable":true,"href":"https:\/\/www.arty-nails.org\/web_shop\/wp-json\/wp\/v2\/media\/22000"}],"wp:attachment":[{"href":"https:\/\/www.arty-nails.org\/web_shop\/wp-json\/wp\/v2\/media?parent=21994"}],"wp:term":[{"taxonomy":"product_brand","embeddable":true,"href":"https:\/\/www.arty-nails.org\/web_shop\/wp-json\/wp\/v2\/product_brand?post=21994"},{"taxonomy":"product_cat","embeddable":true,"href":"https:\/\/www.arty-nails.org\/web_shop\/wp-json\/wp\/v2\/product_cat?post=21994"},{"taxonomy":"product_tag","embeddable":true,"href":"https:\/\/www.arty-nails.org\/web_shop\/wp-json\/wp\/v2\/product_tag?post=21994"}],"curies":[{"name":"wp","href":"https:\/\/api.w.org\/{rel}","templated":true}]}}