{"id":22562,"date":"2022-12-07T13:27:19","date_gmt":"2022-12-07T12:27:19","guid":{"rendered":"https:\/\/www.arty-nails.org\/web_shop\/?post_type=product&#038;p=22562"},"modified":"2026-02-16T17:03:10","modified_gmt":"2026-02-16T16:03:10","slug":"arty-nails-milky-top-coat-10-ml","status":"publish","type":"product","link":"https:\/\/www.arty-nails.org\/web_shop\/proizvod\/arty-nails-milky-top-coat-10-ml\/","title":{"rendered":"ARTY NAILS MILKY TOP COAT 10 ml (Hema, Di-Hema, TPO free)"},"content":{"rendered":"<p>Ovaj zavr\u0161ni sjaj srednje je viskoznosti i vrlo ugodan za rad. Poseban je po svojoj mlije\u010dnoj boji zbog koje je osobito pogodan za ujedna\u010davanje baby boomera, zatim za savr\u0161eni izgled frencha te za dugotrajni sjaj koji ne \u017euti na mlije\u010dnim noktima. Nema ljepljivi sloj.<\/p>\n<p>Mo\u017eete nanijeti samo prozirni gel ili trajni lak i ovaj zavr\u0161ni sjaj i va\u0161a savr\u0161ena milky manikura je gotova u trenu!<\/p>\n","protected":false},"excerpt":{"rendered":"<p>Ovaj zavr\u0161ni sjaj srednje je viskoznosti i vrlo ugodan za rad. Poseban je po svojoj mlije\u010dnoj boji zbog koje je osobito pogodan za ujedna\u010davanje baby boomera, zatim za savr\u0161eni izgled frencha te za dugotrajni sjaj koji ne \u017euti na mlije\u010dnim noktima. Nema ljepljivi sloj. Mo\u017eete nanijeti samo prozirni gel ili trajni lak i ovaj zavr\u0161ni [&hellip;]<\/p>\n","protected":false},"featured_media":23015,"comment_status":"closed","ping_status":"closed","template":"","meta":[],"product_brand":[55],"product_cat":[252,249],"product_tag":[],"class_list":{"0":"post-22562","1":"product","2":"type-product","3":"status-publish","4":"has-post-thumbnail","6":"product_brand-arty-nails","7":"product_cat-arty-nails-zavrsni-sjajevi","8":"product_cat-zavrsni-sjajevi-arty-nails","10":"first","11":"instock","12":"shipping-taxable","13":"purchasable","14":"product-type-simple"},"_links":{"self":[{"href":"https:\/\/www.arty-nails.org\/web_shop\/wp-json\/wp\/v2\/product\/22562","targetHints":{"allow":["GET"]}}],"collection":[{"href":"https:\/\/www.arty-nails.org\/web_shop\/wp-json\/wp\/v2\/product"}],"about":[{"href":"https:\/\/www.arty-nails.org\/web_shop\/wp-json\/wp\/v2\/types\/product"}],"replies":[{"embeddable":true,"href":"https:\/\/www.arty-nails.org\/web_shop\/wp-json\/wp\/v2\/comments?post=22562"}],"wp:featuredmedia":[{"embeddable":true,"href":"https:\/\/www.arty-nails.org\/web_shop\/wp-json\/wp\/v2\/media\/23015"}],"wp:attachment":[{"href":"https:\/\/www.arty-nails.org\/web_shop\/wp-json\/wp\/v2\/media?parent=22562"}],"wp:term":[{"taxonomy":"product_brand","embeddable":true,"href":"https:\/\/www.arty-nails.org\/web_shop\/wp-json\/wp\/v2\/product_brand?post=22562"},{"taxonomy":"product_cat","embeddable":true,"href":"https:\/\/www.arty-nails.org\/web_shop\/wp-json\/wp\/v2\/product_cat?post=22562"},{"taxonomy":"product_tag","embeddable":true,"href":"https:\/\/www.arty-nails.org\/web_shop\/wp-json\/wp\/v2\/product_tag?post=22562"}],"curies":[{"name":"wp","href":"https:\/\/api.w.org\/{rel}","templated":true}]}}