{"id":22930,"date":"2023-01-04T19:48:32","date_gmt":"2023-01-04T18:48:32","guid":{"rendered":"https:\/\/www.arty-nails.org\/web_shop\/?post_type=product&#038;p=22930"},"modified":"2026-03-16T13:45:41","modified_gmt":"2026-03-16T12:45:41","slug":"daylight-cometa-stolna-lampa-d35651","status":"publish","type":"product","link":"https:\/\/www.arty-nails.org\/web_shop\/proizvod\/daylight-cometa-stolna-lampa-d35651\/","title":{"rendered":"DAYLIGHT COMETA STOLNA LAMPA D35651"},"content":{"rendered":"\t\t<div data-elementor-type=\"wp-post\" data-elementor-id=\"22930\" class=\"elementor elementor-22930\">\n\t\t\t\t\t\t\r\n\t\t<section\t\t class=\" elementor-section elementor-top-section elementor-element elementor-element-7f2cd049 elementor-section-boxed elementor-section-height-default elementor-section-height-default\" data-id=\"7f2cd049\" data-element_type=\"section\" data-e-type=\"section\">\r\n\t\t\r\n\t\t\t\t\t\t\t\t\t\t<div class=\"elementor-container elementor-column-gap-default\" >\r\n\r\n\t\t\t\t\r\n\t\t\t\t\t\t\t\t\t\t\t\t\t\t<div\t\t class=\" elementor-column elementor-col-100 elementor-top-column elementor-element elementor-element-60a3ca34\" data-id=\"60a3ca34\" data-element_type=\"column\" data-e-type=\"column\">\r\n\t\t\t\r\n\t\t\t\r\n\t\t\t\r\n\t\t\t<div class=\"elementor-widget-wrap elementor-element-populated\">\r\n\t\t\t\t\t\t\t\t<div class=\" elementor-element elementor-element-1eeca5b7 elementor-widget elementor-widget-text-editor\" data-id=\"1eeca5b7\" data-element_type=\"widget\" data-e-type=\"widget\" data-widget_type=\"text-editor.default\">\n\t\t\t\t<div class=\"elementor-widget-container\">\n\t\t\t\t\t\t\t\t\tCometa je stolna lampa kakvu jo\u0161 niste imali prilike upoznati. Ova elegantna i moderna lampa emitira fokusirano svjetlo za rad, kao i toplo ambijentalno svjetlo.\n\nCometa lampa koristi inovativnu tehnologiju Ray Technology\u2122 koja omogu\u0107ava ravno usmjeravanje svjetla tamo gdje je potrebno, tako da mo\u017eete raditi, \u010ditati ili se baviti hobijem bez ometanja drugih osoba u prostoriji. Izaberite izme\u0111u dvije temperature boje kada lampu koristite kao radnu: dnevnu svjetlost (6,000 K) ili toplu svjetlost (2,700 K) te dodajte atmosferu prostoru nje\u017enim sjajem iz osvijetljenog sjenila. Podesiva visina sjenila, promjenjiva ja\u010dina svjetla, USB priklju\u010dak i indeks prikazivanja boja preko 95, \u010dine ovu lampu prekrasnom, svestranom i vrlo funkcionalnom.\n\n<strong>Glavne zna\u010dajke:<\/strong>\n<ul>\n \t<li>elegantna i moderna radna lampa s ambijentalnim svjetlom<\/li>\n \t<li>eliminira blje\u0161tavilo i sprje\u010dava sjene uz pomo\u0107 inovativne Ray Technology\u2122<\/li>\n \t<li>izbor izme\u0111u dvije temperature boje pri kori\u0161tenju radnog svjetla: dnevna (6,000 K) i topla svjetlost (2,700 K), savr\u0161eno za \u010ditanje i detaljan rad ili za u\u017eivanje u nje\u017enijem usmjerenom svjetlu<\/li>\n \t<li>daje atmosferu prostoriji nje\u017enim sjajem iz svijetle\u0107eg sjenila neovisno ili u kombinaciji s radnim svjetlom<\/li>\n \t<li>podesiva visina sjenila kako biste mogli prilagoditi osvijetljenu povr\u0161inu trenutnom zadatku<\/li>\n \t<li>ugra\u0111eni USB priklju\u010dak omogu\u0107ava istovremeno punjenje telefona i drugih ure\u0111aja<\/li>\n \t<li>promjenjiva ja\u010dina za savr\u0161eni intenzitet svjetla<\/li>\n \t<li>Daylight LED \u017earulje s CRI 95+ omogu\u0107avaju vam da savr\u0161eno vidite boje u bilo koje doba dana ili no\u0107i<\/li>\n<\/ul>\n<strong>Tehni\u010dki podatci:<\/strong>\n<ul>\n \t<li>Izvor svjetla: LED<\/li>\n \t<li>Lumena: 800 lm<\/li>\n \t<li>Lux na 30 cm: 7,000<\/li>\n \t<li>Temperatura boje svjetlosti: 6,000 K\u00a0 \/ 2,700 K<\/li>\n \t<li>CRI (indeks prikazivanja boja): 95+<\/li>\n \t<li>Potro\u0161nja energije: 22 W<\/li>\n \t<li>Boja: crna<\/li>\n \t<li>Maksimalna visina: 69 cm<\/li>\n \t<li>Te\u017eina: 2 kg<\/li>\n \t<li>Duljina kabela: 3 m<\/li>\n<\/ul>\n\n<iframe title=\"Introducing Cometa\u2122 Table Lamp\" width=\"1220\" height=\"686\" src=\"https:\/\/www.youtube.com\/embed\/GStQG0eMr1M?feature=oembed&enablejsapi=1&origin=https:\/\/www.arty-nails.org\" frameborder=\"0\" allow=\"accelerometer; autoplay; clipboard-write; encrypted-media; gyroscope; picture-in-picture; web-share\" referrerpolicy=\"strict-origin-when-cross-origin\" allowfullscreen><\/iframe>\n\t\t\t\t\t\t\t\t<\/div>\n\t\t\t\t<\/div>\n\t\t\r\n\t\t\r\n\t\t\t\t\t\t\t<\/div>\r\n\t\t\t\r\n\t\t<\/div>\r\n\t\t\t\t\t\t\t\t\t\t\t\t\t\t\t\t\t<\/div>\r\n\t\t\t\t\t\t<\/section>\r\n\t\t\t\t<\/div>\n\t\t","protected":false},"excerpt":{"rendered":"<p>Cometa je stolna lampa kakvu jo\u0161 niste imali prilike upoznati. Ova elegantna i moderna lampa emitira fokusirano svjetlo za rad, kao i toplo ambijentalno svjetlo. Cometa lampa koristi inovativnu tehnologiju Ray Technology\u2122 koja omogu\u0107ava ravno usmjeravanje svjetla tamo gdje je potrebno, tako da mo\u017eete raditi, \u010ditati ili se baviti hobijem bez ometanja drugih osoba u [&hellip;]<\/p>\n","protected":false},"featured_media":22946,"comment_status":"closed","ping_status":"closed","template":"","meta":[],"product_brand":[59],"product_cat":[107],"product_tag":[],"class_list":{"0":"post-22930","1":"product","2":"type-product","3":"status-publish","4":"has-post-thumbnail","6":"product_brand-daylight","7":"product_cat-rasvjeta-za-salone","9":"first","10":"instock","11":"shipping-taxable","12":"purchasable","13":"product-type-simple"},"_links":{"self":[{"href":"https:\/\/www.arty-nails.org\/web_shop\/wp-json\/wp\/v2\/product\/22930","targetHints":{"allow":["GET"]}}],"collection":[{"href":"https:\/\/www.arty-nails.org\/web_shop\/wp-json\/wp\/v2\/product"}],"about":[{"href":"https:\/\/www.arty-nails.org\/web_shop\/wp-json\/wp\/v2\/types\/product"}],"replies":[{"embeddable":true,"href":"https:\/\/www.arty-nails.org\/web_shop\/wp-json\/wp\/v2\/comments?post=22930"}],"wp:featuredmedia":[{"embeddable":true,"href":"https:\/\/www.arty-nails.org\/web_shop\/wp-json\/wp\/v2\/media\/22946"}],"wp:attachment":[{"href":"https:\/\/www.arty-nails.org\/web_shop\/wp-json\/wp\/v2\/media?parent=22930"}],"wp:term":[{"taxonomy":"product_brand","embeddable":true,"href":"https:\/\/www.arty-nails.org\/web_shop\/wp-json\/wp\/v2\/product_brand?post=22930"},{"taxonomy":"product_cat","embeddable":true,"href":"https:\/\/www.arty-nails.org\/web_shop\/wp-json\/wp\/v2\/product_cat?post=22930"},{"taxonomy":"product_tag","embeddable":true,"href":"https:\/\/www.arty-nails.org\/web_shop\/wp-json\/wp\/v2\/product_tag?post=22930"}],"curies":[{"name":"wp","href":"https:\/\/api.w.org\/{rel}","templated":true}]}}