{"id":23826,"date":"2023-01-25T11:01:27","date_gmt":"2023-01-25T10:01:27","guid":{"rendered":"https:\/\/www.arty-nails.org\/web_shop\/?post_type=product&#038;p=23826"},"modified":"2026-02-02T10:04:38","modified_gmt":"2026-02-02T09:04:38","slug":"arty-nails-kist-spatula-za-gel-i-akril-gel-6","status":"publish","type":"product","link":"https:\/\/www.arty-nails.org\/web_shop\/proizvod\/arty-nails-kist-spatula-za-gel-i-akril-gel-6\/","title":{"rendered":"ARTY NAILS KIST &#8211; \u0160PATULA ZA GEL I AKRIL GEL #6"},"content":{"rendered":"<p>Dvostrani kolinsky kist koji se mo\u017ee koristiti kao kist za gel i kao kist za polygel\/acrylicgel. \u0160patula s druge strane omogu\u0107ava nesmetano uzimanje i aplikaciju proizvoda.<\/p>\n<p>Kist za gel kolinsky #6 ravni napravljen je od najkvalitetnije \u010diste kolinsky dlake radi bolje izdr\u017eljivosti i rezultata. Kist se mo\u017ee koristiti za sve vrste gel tehnike kao i za nano\u0161enje boje. Ima elegantnu metalnu dr\u0161ku s poklopcem na kojoj je ugravirana veli\u010dina i funkcija kista.<\/p>\n<p>Ovaj kist ima ne\u0161to fleksibilniju dlaku i mo\u017ee odraditi i velike du\u017eine noktiju ako se to zahtjeva.<\/p>\n<p>Ovaj kist preporu\u010damo za acrylic gel tehniku jer je jednostavno savr\u0161en za tapkanje takvog materijala.<\/p>\n<p>Kako biste produ\u017eili dugotrajnost va\u0161im kistovima, preporu\u010dujemo kori\u0161tenje Arty Nails teku\u0107ine za \u010di\u0161\u0107enje kistova koja \u010disti svu ne\u010disto\u0107u poput ostataka gela ili boja. Teku\u010dinu mo\u017eete prona\u0107i u na\u0161oj web trgovini.<\/p>\n","protected":false},"excerpt":{"rendered":"<p>Dvostrani kolinsky kist koji se mo\u017ee koristiti kao kist za gel i kao kist za polygel\/acrylicgel. \u0160patula s druge strane omogu\u0107ava nesmetano uzimanje i aplikaciju proizvoda. Kist za gel kolinsky #6 ravni napravljen je od najkvalitetnije \u010diste kolinsky dlake radi bolje izdr\u017eljivosti i rezultata. Kist se mo\u017ee koristiti za sve vrste gel tehnike kao i [&hellip;]<\/p>\n","protected":false},"featured_media":23827,"comment_status":"closed","ping_status":"closed","template":"","meta":[],"product_brand":[55],"product_cat":[150,242],"product_tag":[],"class_list":{"0":"post-23826","1":"product","2":"type-product","3":"status-publish","4":"has-post-thumbnail","6":"product_brand-arty-nails","7":"product_cat-arty-nails-kistovi","8":"product_cat-kistovi-za-gel","10":"first","11":"instock","12":"shipping-taxable","13":"purchasable","14":"product-type-simple"},"_links":{"self":[{"href":"https:\/\/www.arty-nails.org\/web_shop\/wp-json\/wp\/v2\/product\/23826","targetHints":{"allow":["GET"]}}],"collection":[{"href":"https:\/\/www.arty-nails.org\/web_shop\/wp-json\/wp\/v2\/product"}],"about":[{"href":"https:\/\/www.arty-nails.org\/web_shop\/wp-json\/wp\/v2\/types\/product"}],"replies":[{"embeddable":true,"href":"https:\/\/www.arty-nails.org\/web_shop\/wp-json\/wp\/v2\/comments?post=23826"}],"wp:featuredmedia":[{"embeddable":true,"href":"https:\/\/www.arty-nails.org\/web_shop\/wp-json\/wp\/v2\/media\/23827"}],"wp:attachment":[{"href":"https:\/\/www.arty-nails.org\/web_shop\/wp-json\/wp\/v2\/media?parent=23826"}],"wp:term":[{"taxonomy":"product_brand","embeddable":true,"href":"https:\/\/www.arty-nails.org\/web_shop\/wp-json\/wp\/v2\/product_brand?post=23826"},{"taxonomy":"product_cat","embeddable":true,"href":"https:\/\/www.arty-nails.org\/web_shop\/wp-json\/wp\/v2\/product_cat?post=23826"},{"taxonomy":"product_tag","embeddable":true,"href":"https:\/\/www.arty-nails.org\/web_shop\/wp-json\/wp\/v2\/product_tag?post=23826"}],"curies":[{"name":"wp","href":"https:\/\/api.w.org\/{rel}","templated":true}]}}