{"id":24128,"date":"2023-02-13T15:10:02","date_gmt":"2023-02-13T14:10:02","guid":{"rendered":"https:\/\/www.arty-nails.org\/web_shop\/?post_type=product&#038;p=24128"},"modified":"2026-04-07T12:50:53","modified_gmt":"2026-04-07T10:50:53","slug":"arty-nails-red-hot-kolekcija-trajnih-lakova","status":"publish","type":"product","link":"https:\/\/www.arty-nails.org\/web_shop\/proizvod\/arty-nails-red-hot-kolekcija-trajnih-lakova\/","title":{"rendered":"ARTY NAILS RED HOT KOLEKCIJA TRAJNIH LAKOVA"},"content":{"rendered":"<p>Hot! Hot! Hot! Vru\u0107e novosti iz Arty Nailsa!<\/p>\n<p>U mjesecu ljubavi i strasti stigla nam je senzualna Red Hot kolekcija trajnih lakova.<\/p>\n<p>Upoznajte tri nove \u017eenstvene i neodoljive crvene za koje ve\u0107 znamo da \u0107e uz na\u0161e postoje\u0107e boje biti najprodavaniji dio na\u0161eg asortimana:<\/p>\n<ul>\n<li>142 Hot Crush (apple red)<\/li>\n<li>143 Seductive Red (10d satin crvena)<\/li>\n<li>144 Lady Ferrari (jarko crvena)<\/li>\n<\/ul>\n<p>Vjerujemo da \u0107e vas osvojiti na prvi pogled i da \u0107ete u\u017eivati u njihovoj strastvenoj ljepoti.<\/p>\n","protected":false},"excerpt":{"rendered":"<p>Hot! Hot! Hot! Vru\u0107e novosti iz Arty Nailsa! U mjesecu ljubavi i strasti stigla nam je senzualna Red Hot kolekcija trajnih lakova. Upoznajte tri nove \u017eenstvene i neodoljive crvene za koje ve\u0107 znamo da \u0107e uz na\u0161e postoje\u0107e boje biti najprodavaniji dio na\u0161eg asortimana: 142 Hot Crush (apple red) 143 Seductive Red (10d satin crvena) [&hellip;]<\/p>\n","protected":false},"featured_media":24130,"comment_status":"closed","ping_status":"closed","template":"","meta":[],"product_brand":[55],"product_cat":[214,215],"product_tag":[],"class_list":{"0":"post-24128","1":"product","2":"type-product","3":"status-publish","4":"has-post-thumbnail","6":"product_brand-arty-nails","7":"product_cat-setovi-i-kolekcije-trajnih-lakova-arty-nails","8":"product_cat-arty-nails-setovi-i-kolekcije-trajnih-lakova","10":"first","11":"instock","12":"shipping-taxable","13":"purchasable","14":"product-type-simple"},"_links":{"self":[{"href":"https:\/\/www.arty-nails.org\/web_shop\/wp-json\/wp\/v2\/product\/24128","targetHints":{"allow":["GET"]}}],"collection":[{"href":"https:\/\/www.arty-nails.org\/web_shop\/wp-json\/wp\/v2\/product"}],"about":[{"href":"https:\/\/www.arty-nails.org\/web_shop\/wp-json\/wp\/v2\/types\/product"}],"replies":[{"embeddable":true,"href":"https:\/\/www.arty-nails.org\/web_shop\/wp-json\/wp\/v2\/comments?post=24128"}],"wp:featuredmedia":[{"embeddable":true,"href":"https:\/\/www.arty-nails.org\/web_shop\/wp-json\/wp\/v2\/media\/24130"}],"wp:attachment":[{"href":"https:\/\/www.arty-nails.org\/web_shop\/wp-json\/wp\/v2\/media?parent=24128"}],"wp:term":[{"taxonomy":"product_brand","embeddable":true,"href":"https:\/\/www.arty-nails.org\/web_shop\/wp-json\/wp\/v2\/product_brand?post=24128"},{"taxonomy":"product_cat","embeddable":true,"href":"https:\/\/www.arty-nails.org\/web_shop\/wp-json\/wp\/v2\/product_cat?post=24128"},{"taxonomy":"product_tag","embeddable":true,"href":"https:\/\/www.arty-nails.org\/web_shop\/wp-json\/wp\/v2\/product_tag?post=24128"}],"curies":[{"name":"wp","href":"https:\/\/api.w.org\/{rel}","templated":true}]}}